{"id":1199,"date":"2020-04-19T14:26:39","date_gmt":"2020-04-19T14:26:39","guid":{"rendered":"https:\/\/kibrisjinekoloji.com\/endometrial-polip-tedavisi\/"},"modified":"2021-03-05T12:21:55","modified_gmt":"2021-03-05T12:21:55","slug":"endometrial-polyp-treatment","status":"publish","type":"page","link":"https:\/\/kibrisjinekoloji.com\/en\/endometrial-polyp-treatment\/","title":{"rendered":"Endometrial Polyp Treatment"},"content":{"rendered":"[vc_row][vc_column][vc_column_text]\n<h2>Cyprus Endometrial Polyp Treatment<\/h2>\n<h2><span style=\"font-size: 24px;\">What is Endometrial Polyp?<\/span><\/h2>\n<p>Uterine polyps are lesions which grow in the lining of the uterus (in endometrium) and which are generally benign. They are mostly located on the top region of the uterus. It is thought that estrogen, which known as the female hormone, is the primary cause of endometrial polyp formation. Polyps are benign tissue masses that grow inside the uterus. Endometrial polyps very rarely turn into cancer. Such rate is between 0.3% and 0.5%. Endometrial polyps rarely occur in women under 20 years old. They usually grow in women who are aged between 25 and 50 years and before menopause (pre-menopause). After menopause, menstrual periods stop and ovaries make less of a hormone called estrogen. Therefore, polyp does not grow.<\/p>\n<p>&nbsp;<\/p>\n<h2><span style=\"font-size: 24px;\">What are The Symptoms?<\/span><\/h2>\n<p>Most of the polyps do not cause any symptoms and silently grow. The most frequent symptoms that are manifested in women with endometrial polyp are irregular menstrual periods, excessive hair development and <a href=\"https:\/\/kibrisjinekoloji.com\/en\/infertility\/\"><u>infertility<\/u><\/a>. Typical symptom in women with polyp is brown-colored vaginal discharge. Ultrasound scan which is a simple method for final diagnosis must be performed by an experienced and specialist doctor.<\/p>\n<p>&nbsp;<\/p>\n<h2><span style=\"font-size: 24px;\">How is Polyp Diagnosed? <\/span><\/h2>\n<ul>\n<li>S\u0130S (Saline Ultrasound)<\/li>\n<li>HSG (Fluoroscopic Examination\u00a0of The Uterus)<\/li>\n<li><a href=\"https:\/\/kibrisjinekoloji.com\/en\/hysteroscopy\/\">Hysteroscopy<\/a><\/li>\n<li>MR<\/li>\n<\/ul>\n<p>&nbsp;<\/p>\n<h3><span style=\"font-size: 24px;\">Does It Cause Infertility?<\/span><\/h3>\n<p>Polyps are lesions which frequently occur in reproductive age. They are frequently encountered in patients who suffer from infertility problem. Polyps can grow in the uterus in different sizes, different numbers and different locations. Polyps themselves or inconsequential effects of factors that lead to polyp may cause infertility.<\/p>\n<p><strong>Negative effects of polyps on conception: <\/strong><\/p>\n<ul>\n<li>Irregular menstrual periods<\/li>\n<li>Formations of inflammatory endometrial responses (similar to intrauterine device\/IUD)<\/li>\n<li>They act as obstacles on sperm pathway<\/li>\n<li>Physical and hormonal adverse effect on embryo implantation (embryo\u2019s attachment to the uterine wall)<\/li>\n<li>Adverse micro-environment effect on embryo implantation and growth<\/li>\n<\/ul>\n<p>&nbsp;<\/p>\n<h3><span style=\"font-size: 24px;\">Treatment for Endometrial Polyp<\/span><\/h3>\n<p>Treatment for polyp is the removal of polyp through surgery.<\/p>\n<p>Polyps are examined by looking into the uterus through camera in the examination method called <a href=\"https:\/\/kibrisjinekoloji.com\/en\/hysteroscopy\/\">hysteroscopy<\/a> and they are simultaneously incised and removed through operative hysteroscopy. In polyp operation, experience and manual skills of the doctor who performs this operation is very important. Op. Dr. \u015eevket Alpt\u00fcrk has been conducting treatment of polyps by using office hysteroscopy and operative hysteroscopy successfully for years. Endometrial polyp treatment can also be conducted in form of <a href=\"https:\/\/kibrisjinekoloji.com\/en\/abortion\/\"><u>Curettage<\/u><\/a> (D&amp;C).<\/p>\n<p>&nbsp;<\/p>\n<p>In procedures conducted by use of <strong>Curettage<\/strong> method, bases of polyps cannot be removed and polyps may recur.<\/p>\n<p>As in operations conducted with hysteroscopy, polyps are visible and therefore can be removed more effectively. Therefore, it is the <strong>method that is mostly preferred<\/strong>. The procedure used to remove of polyps is also called polypectomy.<\/p>\n<p>Not every polyp requires surgery. After detailed examination, your doctor will decide and inform you accordingly.<\/p>\n<p>&nbsp;<\/p>\n<h3><span style=\"font-size: 24px;\">Endometrial Polyp Operation and Post-Operation<\/span><\/h3>\n<p>Polyp operation is a simple procedure that can be performed on the same day. As the operation is performed under sedation which is light anesthesia, it requires the patient to have empty stomach 4-6 hours before the surgery. Operation lasts 10-15 minutes under normal conditions. Patient is expected to regain consciousness after the surgery and can leave the hospital within one hour after that.<\/p>\n<p>&nbsp;<\/p>\n<p>Light bleeding that lasts 1-2 days after operation is considered as normal. Endometrial Polyps may recur, though rarely. Therefore, patients are recommended to get it checked periodically. Patients can have sexual intercourse after bleeding that may occur after endometrial polyp treatment stops.<\/p>\n<p>&nbsp;<\/p>\n<h3><span style=\"font-size: 24px;\">What Happens If Patient Does Not Get Endometrial Polyp Removed? <\/span><\/h3>\n<p>If endometrial polyps are not removed, they may cause irregular-heavy bleeding or bleeding between periods and, therefore anemia. Patient\u2019s sexual life and social life may be affected negatively. If anemia develops, it causes fatigue and tiredness.<\/p>\n<p>Polyp growth or formation does not generally cause pain. However, they may cause irregular menstrual period and pain-based aches.<\/p>\n<p>There is a risk for endometrial polyps to turn into cancer although it is low. Unremoved polyps may get cancerous in women, especially after menopause. Moreover, they may get cancerous before menopause in women who are heavily obese and with polycystic over syndrome (PCOS).<\/p>\n<p>Polyps may cause infertility as they hinder conception through irregular bleeding and by preventing embryo\u2019s attachment to the uterine wall.[\/vc_column_text][\/vc_column][\/vc_row]\n","protected":false},"excerpt":{"rendered":"<p>[vc_row][vc_column][vc_column_text] Cyprus Endometrial Polyp Treatment What is Endometrial Polyp? Uterine polyps are lesions which grow in the lining of the uterus (in endometrium) and which are generally benign. They are mostly located on the top region of the uterus. It&hellip;<\/p>\n","protected":false},"author":2,"featured_media":1200,"parent":0,"menu_order":0,"comment_status":"closed","ping_status":"closed","template":"","meta":[],"yoast_head":"<!-- This site is optimized with the Yoast SEO plugin v16.9 - https:\/\/yoast.com\/wordpress\/plugins\/seo\/ -->\n<title>Endometrial Polyp Treatment Cyprus | Dogus Hospital - Gynecology<\/title>\n<meta name=\"description\" content=\"What is an endometrial polyp? What are the symptoms? How is it diagnosed? Will endometrial polyps prevent pregnancy? Treatment and after surgery.\" \/>\n<meta name=\"robots\" content=\"index, follow, max-snippet:-1, max-image-preview:large, max-video-preview:-1\" \/>\n<link rel=\"canonical\" href=\"https:\/\/kibrisjinekoloji.com\/en\/endometrial-polyp-treatment\/\" \/>\n<meta property=\"og:locale\" content=\"en_US\" \/>\n<meta property=\"og:type\" content=\"article\" \/>\n<meta property=\"og:title\" content=\"Endometrial Polyp Treatment Cyprus | Dogus Hospital - Gynecology\" \/>\n<meta property=\"og:description\" content=\"What is an endometrial polyp? What are the symptoms? How is it diagnosed? Will endometrial polyps prevent pregnancy? Treatment and after surgery.\" \/>\n<meta property=\"og:url\" content=\"https:\/\/kibrisjinekoloji.com\/en\/endometrial-polyp-treatment\/\" \/>\n<meta property=\"og:site_name\" content=\"kibrisjinekoloji.com\" \/>\n<meta property=\"article:modified_time\" content=\"2021-03-05T12:21:55+00:00\" \/>\n<meta property=\"og:image\" content=\"http:\/\/kibrisjinekoloji.com\/wp-content\/uploads\/2020\/04\/Endometrial-Polip.jpg\" \/>\n\t<meta property=\"og:image:width\" content=\"1200\" \/>\n\t<meta property=\"og:image:height\" content=\"900\" \/>\n<meta name=\"twitter:card\" content=\"summary_large_image\" \/>\n<meta name=\"twitter:label1\" content=\"Est. reading time\" \/>\n\t<meta name=\"twitter:data1\" content=\"4 minutes\" \/>\n<script type=\"application\/ld+json\" class=\"yoast-schema-graph\">{\"@context\":\"https:\/\/schema.org\",\"@graph\":[{\"@type\":\"WebSite\",\"@id\":\"https:\/\/kibrisjinekoloji.com\/#website\",\"url\":\"https:\/\/kibrisjinekoloji.com\/\",\"name\":\"kibrisjinekoloji.com\",\"description\":\"K\\u0131br\\u0131s Kad\\u0131n Do\\u011fum, Genital Estetik ve T\\u00fcp Bebek Tedavileri\",\"potentialAction\":[{\"@type\":\"SearchAction\",\"target\":{\"@type\":\"EntryPoint\",\"urlTemplate\":\"https:\/\/kibrisjinekoloji.com\/?s={search_term_string}\"},\"query-input\":\"required name=search_term_string\"}],\"inLanguage\":\"en-US\"},{\"@type\":\"ImageObject\",\"@id\":\"https:\/\/kibrisjinekoloji.com\/en\/endometrial-polyp-treatment\/#primaryimage\",\"inLanguage\":\"en-US\",\"url\":\"https:\/\/kibrisjinekoloji.com\/wp-content\/uploads\/2020\/04\/Endometrial-Polip.jpg\",\"contentUrl\":\"https:\/\/kibrisjinekoloji.com\/wp-content\/uploads\/2020\/04\/Endometrial-Polip.jpg\",\"width\":1200,\"height\":900,\"caption\":\"Cyprus Endometrial Polyp Treatment\"},{\"@type\":\"WebPage\",\"@id\":\"https:\/\/kibrisjinekoloji.com\/en\/endometrial-polyp-treatment\/#webpage\",\"url\":\"https:\/\/kibrisjinekoloji.com\/en\/endometrial-polyp-treatment\/\",\"name\":\"Endometrial Polyp Treatment Cyprus | Dogus Hospital - Gynecology\",\"isPartOf\":{\"@id\":\"https:\/\/kibrisjinekoloji.com\/#website\"},\"primaryImageOfPage\":{\"@id\":\"https:\/\/kibrisjinekoloji.com\/en\/endometrial-polyp-treatment\/#primaryimage\"},\"datePublished\":\"2020-04-19T14:26:39+00:00\",\"dateModified\":\"2021-03-05T12:21:55+00:00\",\"description\":\"What is an endometrial polyp? What are the symptoms? How is it diagnosed? Will endometrial polyps prevent pregnancy? Treatment and after surgery.\",\"breadcrumb\":{\"@id\":\"https:\/\/kibrisjinekoloji.com\/en\/endometrial-polyp-treatment\/#breadcrumb\"},\"inLanguage\":\"en-US\",\"potentialAction\":[{\"@type\":\"ReadAction\",\"target\":[\"https:\/\/kibrisjinekoloji.com\/en\/endometrial-polyp-treatment\/\"]}]},{\"@type\":\"BreadcrumbList\",\"@id\":\"https:\/\/kibrisjinekoloji.com\/en\/endometrial-polyp-treatment\/#breadcrumb\",\"itemListElement\":[{\"@type\":\"ListItem\",\"position\":1,\"name\":\"Home\",\"item\":\"https:\/\/kibrisjinekoloji.com\/\"},{\"@type\":\"ListItem\",\"position\":2,\"name\":\"Endometrial Polyp Treatment\"}]}]}<\/script>\n<!-- \/ Yoast SEO plugin. -->","yoast_head_json":{"title":"Endometrial Polyp Treatment Cyprus | Dogus Hospital - Gynecology","description":"What is an endometrial polyp? What are the symptoms? How is it diagnosed? Will endometrial polyps prevent pregnancy? Treatment and after surgery.","robots":{"index":"index","follow":"follow","max-snippet":"max-snippet:-1","max-image-preview":"max-image-preview:large","max-video-preview":"max-video-preview:-1"},"canonical":"https:\/\/kibrisjinekoloji.com\/en\/endometrial-polyp-treatment\/","og_locale":"en_US","og_type":"article","og_title":"Endometrial Polyp Treatment Cyprus | Dogus Hospital - Gynecology","og_description":"What is an endometrial polyp? What are the symptoms? How is it diagnosed? Will endometrial polyps prevent pregnancy? Treatment and after surgery.","og_url":"https:\/\/kibrisjinekoloji.com\/en\/endometrial-polyp-treatment\/","og_site_name":"kibrisjinekoloji.com","article_modified_time":"2021-03-05T12:21:55+00:00","og_image":[{"width":1200,"height":900,"url":"http:\/\/kibrisjinekoloji.com\/wp-content\/uploads\/2020\/04\/Endometrial-Polip.jpg","path":"\/home\/kibrisjinekoloji.com\/public_html\/wp-content\/uploads\/2020\/04\/Endometrial-Polip.jpg","size":"full","id":1200,"alt":"Cyprus Endometrial Polyp Treatment","pixels":1080000,"type":"image\/jpeg"}],"twitter_card":"summary_large_image","twitter_misc":{"Est. reading time":"4 minutes"},"schema":{"@context":"https:\/\/schema.org","@graph":[{"@type":"WebSite","@id":"https:\/\/kibrisjinekoloji.com\/#website","url":"https:\/\/kibrisjinekoloji.com\/","name":"kibrisjinekoloji.com","description":"K\u0131br\u0131s Kad\u0131n Do\u011fum, Genital Estetik ve T\u00fcp Bebek Tedavileri","potentialAction":[{"@type":"SearchAction","target":{"@type":"EntryPoint","urlTemplate":"https:\/\/kibrisjinekoloji.com\/?s={search_term_string}"},"query-input":"required name=search_term_string"}],"inLanguage":"en-US"},{"@type":"ImageObject","@id":"https:\/\/kibrisjinekoloji.com\/en\/endometrial-polyp-treatment\/#primaryimage","inLanguage":"en-US","url":"https:\/\/kibrisjinekoloji.com\/wp-content\/uploads\/2020\/04\/Endometrial-Polip.jpg","contentUrl":"https:\/\/kibrisjinekoloji.com\/wp-content\/uploads\/2020\/04\/Endometrial-Polip.jpg","width":1200,"height":900,"caption":"Cyprus Endometrial Polyp Treatment"},{"@type":"WebPage","@id":"https:\/\/kibrisjinekoloji.com\/en\/endometrial-polyp-treatment\/#webpage","url":"https:\/\/kibrisjinekoloji.com\/en\/endometrial-polyp-treatment\/","name":"Endometrial Polyp Treatment Cyprus | Dogus Hospital - Gynecology","isPartOf":{"@id":"https:\/\/kibrisjinekoloji.com\/#website"},"primaryImageOfPage":{"@id":"https:\/\/kibrisjinekoloji.com\/en\/endometrial-polyp-treatment\/#primaryimage"},"datePublished":"2020-04-19T14:26:39+00:00","dateModified":"2021-03-05T12:21:55+00:00","description":"What is an endometrial polyp? What are the symptoms? How is it diagnosed? Will endometrial polyps prevent pregnancy? Treatment and after surgery.","breadcrumb":{"@id":"https:\/\/kibrisjinekoloji.com\/en\/endometrial-polyp-treatment\/#breadcrumb"},"inLanguage":"en-US","potentialAction":[{"@type":"ReadAction","target":["https:\/\/kibrisjinekoloji.com\/en\/endometrial-polyp-treatment\/"]}]},{"@type":"BreadcrumbList","@id":"https:\/\/kibrisjinekoloji.com\/en\/endometrial-polyp-treatment\/#breadcrumb","itemListElement":[{"@type":"ListItem","position":1,"name":"Home","item":"https:\/\/kibrisjinekoloji.com\/"},{"@type":"ListItem","position":2,"name":"Endometrial Polyp Treatment"}]}]}},"_links":{"self":[{"href":"https:\/\/kibrisjinekoloji.com\/en\/wp-json\/wp\/v2\/pages\/1199"}],"collection":[{"href":"https:\/\/kibrisjinekoloji.com\/en\/wp-json\/wp\/v2\/pages"}],"about":[{"href":"https:\/\/kibrisjinekoloji.com\/en\/wp-json\/wp\/v2\/types\/page"}],"author":[{"embeddable":true,"href":"https:\/\/kibrisjinekoloji.com\/en\/wp-json\/wp\/v2\/users\/2"}],"replies":[{"embeddable":true,"href":"https:\/\/kibrisjinekoloji.com\/en\/wp-json\/wp\/v2\/comments?post=1199"}],"version-history":[{"count":0,"href":"https:\/\/kibrisjinekoloji.com\/en\/wp-json\/wp\/v2\/pages\/1199\/revisions"}],"wp:featuredmedia":[{"embeddable":true,"href":"https:\/\/kibrisjinekoloji.com\/en\/wp-json\/wp\/v2\/media\/1200"}],"wp:attachment":[{"href":"https:\/\/kibrisjinekoloji.com\/en\/wp-json\/wp\/v2\/media?parent=1199"}],"curies":[{"name":"wp","href":"https:\/\/api.w.org\/{rel}","templated":true}]}}