{"id":1203,"date":"2020-04-19T14:26:39","date_gmt":"2020-04-19T14:26:39","guid":{"rendered":"https:\/\/kibrisjinekoloji.com\/histeroskopi\/"},"modified":"2021-03-05T12:53:33","modified_gmt":"2021-03-05T12:53:33","slug":"hysteroscopy","status":"publish","type":"page","link":"https:\/\/kibrisjinekoloji.com\/en\/hysteroscopy\/","title":{"rendered":"Hysteroscopy"},"content":{"rendered":"<h2>Cyprus Hysteroscopy Procedure<\/h2>\n<h2><span style=\"font-size: 24px;\">What is Hysteroscopy?<\/span><\/h2>\n<p>Hysteroscopy\u00a0is a procedure that allows your doctor to insert a special optical tube into the vagina to examine the uterine and the parts of tubes that open to the uterus. Hysteroscopy can be done for diagnostic or therapeutic purposes. (Office Hysteroscopy \/ Operative Hysteroscopy)<\/p>\n<p>Hysteroscopy procedure can be performed under either general anesthesia or local (epidural\/peridural). During the procedure, cervix is enlarged and uterine is filled with water. Doctor inserts the optical device that is similar to a thin telescope into the uterine. Hysteroscopy enables entire inner structure of uterus to be reflected onto the screen clearly. As such, uterine and entrance part of tubes can be observed and treated.<\/p>\n<p>Diagnosis of diseases and structural problems inside the uterus through hysteroscopy is named as diagnostic hysteroscopy. Removal of pathologies observed during procedure is named as surgical or operative hysteroscopy.<\/p>\n<p>&nbsp;<\/p>\n<h2><span style=\"font-size: 24px;\">Under Which Conditions is Hysteroscopy Performed?<\/span><\/h2>\n<ul>\n<li>Heavy and irregular menstrual periods<\/li>\n<li>Infertility (not being able to get pregnant)<\/li>\n<li>Recurrent miscarriages<\/li>\n<li>Suspected formation of adhesions inside the uterus (Asherman Syndrome)<\/li>\n<li>Monitoring growth similar to polyp or myoma inside the uterus through ultrasound<\/li>\n<li>Presence of spiral (intra-uterine device) that cannot be removed or that has been displaced inside the uterus<\/li>\n<li>Abnormal uterine bleeding<\/li>\n<li>Infertility investigation<\/li>\n<li>Myoma<\/li>\n<li>Polyp<\/li>\n<li>Intra-uterine adhesions<\/li>\n<li>Recurrent pregnancy loss<\/li>\n<li>Recurrent implantation failure<\/li>\n<li>Congenital uterine anomalies (Septum, Arcuate etc.)<\/li>\n<li>Removal of spiral<\/li>\n<li>Evaluation of cervical canal for diagnosis based on abnormal uterine x-ray<\/li>\n<li>Removal of lining of the uterus<\/li>\n<\/ul>\n<p><strong>\u00a0<\/strong><\/p>\n<h2><span style=\"font-size: 24px;\">How is Procedure Applied? <\/span><\/h2>\n<p><a href=\"https:\/\/kibrisjinekoloji.com\/en\/hysteroscopy\/\">Hysteroscopy<\/a> is a procedure that is performed under light general anesthesia. It is not a painful procedure for the patient. During the procedure, first of all cervix is opened as large as the hysteroscopy device can pass. Then, the hysteroscopy device that is attached to the source of light is moved through the cervix and reaches the uterine. During the procedure, special fluids are administered into the uterine so that uterine walls are separated from one another and blood and mucus are ejected.<\/p>\n<p><a href=\"https:\/\/kibrisjinekoloji.com\/en\/myoma-treatment\/\">Myoma<\/a> inside the uterus, intra-uterine abnormalities and adhesions, <a href=\"https:\/\/kibrisjinekoloji.com\/en\/endometrial-polyp-treatment\/\">polyps<\/a> and intra-uterine curtains and similar diseases can be diagnoses through diagnostic hysteroscopy. It is a very effective method used for diagnosis in <a href=\"https:\/\/kibrisjinekoloji.com\/en\/infertility\/\">infertility<\/a> investigations, recurrent pregnancy loss and abnormal uterine bleeding.<\/p>\n<p>As there are incisive and burning parts on the end of the system, diagnosed problems can be simultaneously treated. Moreover, extraction from uterine wall can be sent for pathological diagnosis.<\/p>\n<p>&nbsp;<\/p>\n<h3><span style=\"font-size: 24px;\">When Should the Procedure Be Performed? <\/span><\/h3>\n<p>Hysteroscopy is an operative intervention that can be performed on the same date and it does not require hospitalization. It is generally recommended that it is performed 1 week after the menstrual period ends. Uterine can be viewed more clearly as bleeding ends and as it will be performed immediately after the end of menstrual period, it does not damage possible pregnancy. Post-operative discomfort and pains are felt slightly.<\/p>\n<p>&nbsp;<\/p>\n<h3><span style=\"font-size: 24px;\">What Are the Risks of the Procedure?<\/span><\/h3>\n<p>Hysteroscopy requires expertise and experience as it does in every surgical and medical operation. Risks such as anesthesia-related adverse effects, damage to the uterus, scars in the cervix, heavy bleeding and infection may occur although the possibility is low.<\/p>\n<p>&nbsp;<\/p>\n<h3><span style=\"font-size: 24px;\">What Needs to be Considered After Procedure? <\/span><\/h3>\n<p>Vaginal discharge and uterine contractions may occur after the procedure. This is normal. You can use the pain killers that will be prescribed by your doctor for relief of pain.<\/p>\n<p>One must see a doctor immediately in case of very severe stomach pain, fever, discharge with foul odor and heavy bleeding.<\/p>\n<p>&nbsp;<\/p>\n<h3><span style=\"font-size: 24px;\">Post-Procedure Sexual Intercourse<\/span><\/h3>\n<p>One should not be engaged in sexual intercourse for 1-2 days after the procedure. In patients with heavy spotting after the procedure, such period can be extended up to the following menstrual period.<\/p>\n<p>&nbsp;<\/p>\n<h4><span style=\"font-size: 24px;\">Does Hysteroscopy Increase Success Rate in In Vitro Fertilization?<\/span><\/h4>\n<p>During <a href=\"https:\/\/kibrisjinekoloji.com\/en\/ivf\/\">IVF<\/a> treatment, embryo must attach to the uterine wall so that conception can occur and couples can have a baby. Problems such as myoma, polyp and intra-uterine adhesion may prevent attachment of embryo (embryo implantation). Hysteroscopy is an effective and modern method used for diagnosis and treatment of such problems. As a result, hysteroscopy increases pregnancy rates and the success rate with regard to in vitro fertilization.<\/p>\n<p>&nbsp;<\/p>\n<p>&nbsp;<\/p>\n","protected":false},"excerpt":{"rendered":"<p>Cyprus Hysteroscopy Procedure What is Hysteroscopy? Hysteroscopy\u00a0is a procedure that allows your doctor to insert a special optical tube into the vagina to examine the uterine and the parts of tubes that open to the uterus. Hysteroscopy can be done&hellip;<\/p>\n","protected":false},"author":2,"featured_media":1204,"parent":0,"menu_order":0,"comment_status":"closed","ping_status":"closed","template":"","meta":[],"yoast_head":"<!-- This site is optimized with the Yoast SEO plugin v16.9 - https:\/\/yoast.com\/wordpress\/plugins\/seo\/ -->\n<title>Hysteroscopy Procedure Cyprus | Dogus Hospital - Gynecology<\/title>\n<meta name=\"description\" content=\"What is the hysteroscopy procedure? In what situations is it done? How is it done and what are the risks? Does it affect the success of IVF treatment?\" \/>\n<meta name=\"robots\" content=\"index, follow, max-snippet:-1, max-image-preview:large, max-video-preview:-1\" \/>\n<link rel=\"canonical\" href=\"https:\/\/kibrisjinekoloji.com\/en\/hysteroscopy\/\" \/>\n<meta property=\"og:locale\" content=\"en_US\" \/>\n<meta property=\"og:type\" content=\"article\" \/>\n<meta property=\"og:title\" content=\"Hysteroscopy Procedure Cyprus | Dogus Hospital - Gynecology\" \/>\n<meta property=\"og:description\" content=\"What is the hysteroscopy procedure? In what situations is it done? How is it done and what are the risks? Does it affect the success of IVF treatment?\" \/>\n<meta property=\"og:url\" content=\"https:\/\/kibrisjinekoloji.com\/en\/hysteroscopy\/\" \/>\n<meta property=\"og:site_name\" content=\"kibrisjinekoloji.com\" \/>\n<meta property=\"article:modified_time\" content=\"2021-03-05T12:53:33+00:00\" \/>\n<meta property=\"og:image\" content=\"http:\/\/kibrisjinekoloji.com\/wp-content\/uploads\/2020\/04\/Histereskopi.jpg\" \/>\n\t<meta property=\"og:image:width\" content=\"1050\" \/>\n\t<meta property=\"og:image:height\" content=\"558\" \/>\n<meta name=\"twitter:card\" content=\"summary_large_image\" \/>\n<meta name=\"twitter:label1\" content=\"Est. reading time\" \/>\n\t<meta name=\"twitter:data1\" content=\"4 minutes\" \/>\n<script type=\"application\/ld+json\" class=\"yoast-schema-graph\">{\"@context\":\"https:\/\/schema.org\",\"@graph\":[{\"@type\":\"WebSite\",\"@id\":\"https:\/\/kibrisjinekoloji.com\/#website\",\"url\":\"https:\/\/kibrisjinekoloji.com\/\",\"name\":\"kibrisjinekoloji.com\",\"description\":\"K\\u0131br\\u0131s Kad\\u0131n Do\\u011fum, Genital Estetik ve T\\u00fcp Bebek Tedavileri\",\"potentialAction\":[{\"@type\":\"SearchAction\",\"target\":{\"@type\":\"EntryPoint\",\"urlTemplate\":\"https:\/\/kibrisjinekoloji.com\/?s={search_term_string}\"},\"query-input\":\"required name=search_term_string\"}],\"inLanguage\":\"en-US\"},{\"@type\":\"ImageObject\",\"@id\":\"https:\/\/kibrisjinekoloji.com\/en\/hysteroscopy\/#primaryimage\",\"inLanguage\":\"en-US\",\"url\":\"https:\/\/kibrisjinekoloji.com\/wp-content\/uploads\/2020\/04\/Histereskopi.jpg\",\"contentUrl\":\"https:\/\/kibrisjinekoloji.com\/wp-content\/uploads\/2020\/04\/Histereskopi.jpg\",\"width\":1050,\"height\":558,\"caption\":\"Cyprus Hysteroscopy Procedure\"},{\"@type\":\"WebPage\",\"@id\":\"https:\/\/kibrisjinekoloji.com\/en\/hysteroscopy\/#webpage\",\"url\":\"https:\/\/kibrisjinekoloji.com\/en\/hysteroscopy\/\",\"name\":\"Hysteroscopy Procedure Cyprus | Dogus Hospital - Gynecology\",\"isPartOf\":{\"@id\":\"https:\/\/kibrisjinekoloji.com\/#website\"},\"primaryImageOfPage\":{\"@id\":\"https:\/\/kibrisjinekoloji.com\/en\/hysteroscopy\/#primaryimage\"},\"datePublished\":\"2020-04-19T14:26:39+00:00\",\"dateModified\":\"2021-03-05T12:53:33+00:00\",\"description\":\"What is the hysteroscopy procedure? In what situations is it done? How is it done and what are the risks? Does it affect the success of IVF treatment?\",\"breadcrumb\":{\"@id\":\"https:\/\/kibrisjinekoloji.com\/en\/hysteroscopy\/#breadcrumb\"},\"inLanguage\":\"en-US\",\"potentialAction\":[{\"@type\":\"ReadAction\",\"target\":[\"https:\/\/kibrisjinekoloji.com\/en\/hysteroscopy\/\"]}]},{\"@type\":\"BreadcrumbList\",\"@id\":\"https:\/\/kibrisjinekoloji.com\/en\/hysteroscopy\/#breadcrumb\",\"itemListElement\":[{\"@type\":\"ListItem\",\"position\":1,\"name\":\"Home\",\"item\":\"https:\/\/kibrisjinekoloji.com\/\"},{\"@type\":\"ListItem\",\"position\":2,\"name\":\"Hysteroscopy\"}]}]}<\/script>\n<!-- \/ Yoast SEO plugin. -->","yoast_head_json":{"title":"Hysteroscopy Procedure Cyprus | Dogus Hospital - Gynecology","description":"What is the hysteroscopy procedure? In what situations is it done? How is it done and what are the risks? Does it affect the success of IVF treatment?","robots":{"index":"index","follow":"follow","max-snippet":"max-snippet:-1","max-image-preview":"max-image-preview:large","max-video-preview":"max-video-preview:-1"},"canonical":"https:\/\/kibrisjinekoloji.com\/en\/hysteroscopy\/","og_locale":"en_US","og_type":"article","og_title":"Hysteroscopy Procedure Cyprus | Dogus Hospital - Gynecology","og_description":"What is the hysteroscopy procedure? In what situations is it done? How is it done and what are the risks? Does it affect the success of IVF treatment?","og_url":"https:\/\/kibrisjinekoloji.com\/en\/hysteroscopy\/","og_site_name":"kibrisjinekoloji.com","article_modified_time":"2021-03-05T12:53:33+00:00","og_image":[{"width":1050,"height":558,"url":"http:\/\/kibrisjinekoloji.com\/wp-content\/uploads\/2020\/04\/Histereskopi.jpg","path":"\/home\/kibrisjinekoloji.com\/public_html\/wp-content\/uploads\/2020\/04\/Histereskopi.jpg","size":"full","id":1204,"alt":"Cyprus Hysteroscopy Procedure","pixels":585900,"type":"image\/jpeg"}],"twitter_card":"summary_large_image","twitter_misc":{"Est. reading time":"4 minutes"},"schema":{"@context":"https:\/\/schema.org","@graph":[{"@type":"WebSite","@id":"https:\/\/kibrisjinekoloji.com\/#website","url":"https:\/\/kibrisjinekoloji.com\/","name":"kibrisjinekoloji.com","description":"K\u0131br\u0131s Kad\u0131n Do\u011fum, Genital Estetik ve T\u00fcp Bebek Tedavileri","potentialAction":[{"@type":"SearchAction","target":{"@type":"EntryPoint","urlTemplate":"https:\/\/kibrisjinekoloji.com\/?s={search_term_string}"},"query-input":"required name=search_term_string"}],"inLanguage":"en-US"},{"@type":"ImageObject","@id":"https:\/\/kibrisjinekoloji.com\/en\/hysteroscopy\/#primaryimage","inLanguage":"en-US","url":"https:\/\/kibrisjinekoloji.com\/wp-content\/uploads\/2020\/04\/Histereskopi.jpg","contentUrl":"https:\/\/kibrisjinekoloji.com\/wp-content\/uploads\/2020\/04\/Histereskopi.jpg","width":1050,"height":558,"caption":"Cyprus Hysteroscopy Procedure"},{"@type":"WebPage","@id":"https:\/\/kibrisjinekoloji.com\/en\/hysteroscopy\/#webpage","url":"https:\/\/kibrisjinekoloji.com\/en\/hysteroscopy\/","name":"Hysteroscopy Procedure Cyprus | Dogus Hospital - Gynecology","isPartOf":{"@id":"https:\/\/kibrisjinekoloji.com\/#website"},"primaryImageOfPage":{"@id":"https:\/\/kibrisjinekoloji.com\/en\/hysteroscopy\/#primaryimage"},"datePublished":"2020-04-19T14:26:39+00:00","dateModified":"2021-03-05T12:53:33+00:00","description":"What is the hysteroscopy procedure? In what situations is it done? How is it done and what are the risks? Does it affect the success of IVF treatment?","breadcrumb":{"@id":"https:\/\/kibrisjinekoloji.com\/en\/hysteroscopy\/#breadcrumb"},"inLanguage":"en-US","potentialAction":[{"@type":"ReadAction","target":["https:\/\/kibrisjinekoloji.com\/en\/hysteroscopy\/"]}]},{"@type":"BreadcrumbList","@id":"https:\/\/kibrisjinekoloji.com\/en\/hysteroscopy\/#breadcrumb","itemListElement":[{"@type":"ListItem","position":1,"name":"Home","item":"https:\/\/kibrisjinekoloji.com\/"},{"@type":"ListItem","position":2,"name":"Hysteroscopy"}]}]}},"_links":{"self":[{"href":"https:\/\/kibrisjinekoloji.com\/en\/wp-json\/wp\/v2\/pages\/1203"}],"collection":[{"href":"https:\/\/kibrisjinekoloji.com\/en\/wp-json\/wp\/v2\/pages"}],"about":[{"href":"https:\/\/kibrisjinekoloji.com\/en\/wp-json\/wp\/v2\/types\/page"}],"author":[{"embeddable":true,"href":"https:\/\/kibrisjinekoloji.com\/en\/wp-json\/wp\/v2\/users\/2"}],"replies":[{"embeddable":true,"href":"https:\/\/kibrisjinekoloji.com\/en\/wp-json\/wp\/v2\/comments?post=1203"}],"version-history":[{"count":0,"href":"https:\/\/kibrisjinekoloji.com\/en\/wp-json\/wp\/v2\/pages\/1203\/revisions"}],"wp:featuredmedia":[{"embeddable":true,"href":"https:\/\/kibrisjinekoloji.com\/en\/wp-json\/wp\/v2\/media\/1204"}],"wp:attachment":[{"href":"https:\/\/kibrisjinekoloji.com\/en\/wp-json\/wp\/v2\/media?parent=1203"}],"curies":[{"name":"wp","href":"https:\/\/api.w.org\/{rel}","templated":true}]}}