{"id":1208,"date":"2020-04-19T14:26:39","date_gmt":"2020-04-19T14:26:39","guid":{"rendered":"https:\/\/kibrisjinekoloji.com\/idrar-kacirma\/"},"modified":"2021-03-05T12:54:08","modified_gmt":"2021-03-05T12:54:08","slug":"urinary-incontinence","status":"publish","type":"page","link":"https:\/\/kibrisjinekoloji.com\/en\/urinary-incontinence\/","title":{"rendered":"Urinary Incontinence"},"content":{"rendered":"<h2>Cyprus Treatment for Urinary Incontinence<\/h2>\n<h2><span style=\"font-size: 24px;\">What is Urinary Incontinence?<\/span><\/h2>\n<p>Urinary incontinence implies involuntary and uncontrolled urination. Its medical name is urinary incontinence. Although urinary incontinence may occur in people of all ages, it is encountered more frequently in the elderly. If it is a continuing problem, it is identified as a disease. Urinary incontinence has a large impact on quality of life and may lead to social and psychological problems. Although urinary incontinence is encountered in both women and men, it is encountered more frequently in women.<\/p>\n<p>&nbsp;<\/p>\n<h2><span style=\"font-size: 24px;\">What are the Types of Urinary Incontinence? <\/span><\/h2>\n<p><strong>Stress incontinence:\u00a0<\/strong>Stress incontinence\u00a0happens when physical movement or activity \u2014 such as coughing, laughing, sneezing or heavy lifting \u2014 puts pressure (stress) on your bladder. It is caused by poor nerves and muscles.<\/p>\n<p><strong>Urge incontinence: <\/strong>Patient has a sudden, intense\u00a0urge to urinate\u00a0followed by an involuntary loss of urine. Bladder contracts in an uncontrolled way.<\/p>\n<p><strong>Mixed incontinence:<\/strong>\u00a0Both conditions are applicable simultaneously.<\/p>\n<p>&nbsp;<\/p>\n<h2><span style=\"font-size: 24px;\">What are the Causes of Urinary Incontinence?<\/span><\/h2>\n<p><strong>The most frequent causes of urinary incontinence are as follows:<\/strong><\/p>\n<ul>\n<li>Obesity,<\/li>\n<li>Old age,<\/li>\n<li>Weak bladder muscles,<\/li>\n<li>Genetics,<\/li>\n<li>Constipation,<\/li>\n<li>Cystitis,<\/li>\n<li>Vaginal infections,<\/li>\n<li>Urinary calculi or renal calculi,<\/li>\n<li>Diabetics,<\/li>\n<li>Menopause,<\/li>\n<li>Difficult childbirth,<\/li>\n<li>Enlarged prostate in men,<\/li>\n<li>Taking muscle relaxants, medicine to lower blood pressure, diuretics, tranquilizers, antidepressants and antihistamines,<\/li>\n<li>Dementia and Alzheimer\u2019s Disease,<\/li>\n<li>Nervous system diseases,<\/li>\n<li>Fistula between vagina and urinary bladder.<\/li>\n<\/ul>\n<p>&nbsp;<\/p>\n<h2><span style=\"font-size: 24px;\">How is Urinary Incontinence Diagnosed?<\/span><\/h2>\n<p>First of all, patient\u2019s full medical history (anamnesis) is taken. Conditions which trigger incontinence and type and frequency of incontinence are inquired. Blood sugar, urinary test, urinary culture, ultrasound and urodynamic may be required for diagnosis.<\/p>\n<p>&nbsp;<\/p>\n<h3><span style=\"font-size: 24px;\">How is Urinary Incontinence Treated?<\/span><\/h3>\n<p>Urinary incontinence problem leads to low self-esteem and feelings of shame. Therefore, patients who experience urinary incontinence problem go to doctor later than usual.<\/p>\n<p>Your doctor will ask you to take required tests and administer the suitable treatment method for you following detailed anamnesis and physical examination.<\/p>\n<p>Treatment for urinary incontinence is planned considering the type and severity of urinary incontinence problem, whether there is accompanying genital organ prolapse or laxity and, if any, its severity, previous urinary incontinence operation, age of the patient, medical history, academic background, urodynamic evaluation results and pelvic muscle strength measurement.<\/p>\n<p>Treatment for urinary incontinence is divided into two categories as operative and non-operative treatment methods. Doctor evaluates patient\u2019s complaints and decides on the right method of treatment depending on the healing potential.<\/p>\n<p>Doctor considers whether there are any adverse effects and if the operation\u2019s effect is long-lasting in order to choose the right method of treatment.<\/p>\n<p>Non-operative is the primary option especially in stress incontinence that occurs due to weak nerve and muscles.<\/p>\n<p>&nbsp;<\/p>\n<p><strong>Non-Operative Treatment Options for Urinary Incontinence: <\/strong><\/p>\n<ul>\n<li>Bladder training<\/li>\n<li>Pelvic floor muscle exercises<\/li>\n<li>Biofeedback<\/li>\n<li>Electric stimulation<\/li>\n<li>Vaginal and urethral tools<\/li>\n<li>Drug therapy<\/li>\n<li>Acupuncture<\/li>\n<\/ul>\n<p>&nbsp;<\/p>\n<h3><span style=\"font-size: 24px;\">Operative Treatment Methods for Urinary Incontinence:<\/span><\/h3>\n<p>Generally, the doctor who examines the patient decides whether surgical operation is required or not. Full medical history is asked and some tests are done before operation. Operation is performed if the patient is suitable for the surgery. Generally, patients can go home conveniently after the operation.<\/p>\n<p>Several new methods are administered today for operative treatment. These are abdominal Burch operation, vaginal TVT (transvaginal tape) and TOT (transobturator tape). The success rate of these operations are 85%. Moreover, filling materials can be injected around the urinary tract; however, this method is not preferred much.<\/p>\n<p><a href=\"https:\/\/kibrisjinekoloji.com\/en\/urinary-incontinence\/\">Urinary incontinence<\/a> problem can be treated simultaneously during <a href=\"https:\/\/kibrisjinekoloji.com\/en\/vaginoplasty-vaginal-tightening-surgery\/\">vagina tightening<\/a> or rejuvenation operation. Such operations can be usually performed by experienced and specialized gynecologists and yield successful results by 85 to 90%.<\/p>\n<p>Patient must definitely take the medicine prescribed by the doctor after operation regularly. Dressing must be applied periodically and patient must see the doctor on the days prescribed by the doctor. Complete recovery takes 1 month after such operations.<\/p>\n<p>&nbsp;<\/p>\n","protected":false},"excerpt":{"rendered":"<p>Cyprus Treatment for Urinary Incontinence What is Urinary Incontinence? Urinary incontinence implies involuntary and uncontrolled urination. Its medical name is urinary incontinence. Although urinary incontinence may occur in people of all ages, it is encountered more frequently in the elderly.&hellip;<\/p>\n","protected":false},"author":2,"featured_media":1209,"parent":0,"menu_order":0,"comment_status":"closed","ping_status":"closed","template":"","meta":[],"yoast_head":"<!-- This site is optimized with the Yoast SEO plugin v16.9 - https:\/\/yoast.com\/wordpress\/plugins\/seo\/ -->\n<title>Urinary Incontinence Treatment Cyprus | Dogus Hospital - Gynecology<\/title>\n<meta name=\"description\" content=\"Urinary Incontinence Treatment Cyprus. Types of Urinary Incontinence. What Causes Incontinence? How Is Incontinence Diagnosed?\" \/>\n<meta name=\"robots\" content=\"index, follow, max-snippet:-1, max-image-preview:large, max-video-preview:-1\" \/>\n<link rel=\"canonical\" href=\"https:\/\/kibrisjinekoloji.com\/en\/urinary-incontinence\/\" \/>\n<meta property=\"og:locale\" content=\"en_US\" \/>\n<meta property=\"og:type\" content=\"article\" \/>\n<meta property=\"og:title\" content=\"Urinary Incontinence Treatment Cyprus | Dogus Hospital - Gynecology\" \/>\n<meta property=\"og:description\" content=\"Urinary Incontinence Treatment Cyprus. Types of Urinary Incontinence. What Causes Incontinence? How Is Incontinence Diagnosed?\" \/>\n<meta property=\"og:url\" content=\"https:\/\/kibrisjinekoloji.com\/en\/urinary-incontinence\/\" \/>\n<meta property=\"og:site_name\" content=\"kibrisjinekoloji.com\" \/>\n<meta property=\"article:modified_time\" content=\"2021-03-05T12:54:08+00:00\" \/>\n<meta property=\"og:image\" content=\"http:\/\/kibrisjinekoloji.com\/wp-content\/uploads\/2020\/04\/idrar-ka\u00e7\u0131rma-1.jpg\" \/>\n\t<meta property=\"og:image:width\" content=\"1000\" \/>\n\t<meta property=\"og:image:height\" content=\"667\" \/>\n<meta name=\"twitter:card\" content=\"summary_large_image\" \/>\n<meta name=\"twitter:label1\" content=\"Est. reading time\" \/>\n\t<meta name=\"twitter:data1\" content=\"3 minutes\" \/>\n<script type=\"application\/ld+json\" class=\"yoast-schema-graph\">{\"@context\":\"https:\/\/schema.org\",\"@graph\":[{\"@type\":\"WebSite\",\"@id\":\"https:\/\/kibrisjinekoloji.com\/#website\",\"url\":\"https:\/\/kibrisjinekoloji.com\/\",\"name\":\"kibrisjinekoloji.com\",\"description\":\"K\\u0131br\\u0131s Kad\\u0131n Do\\u011fum, Genital Estetik ve T\\u00fcp Bebek Tedavileri\",\"potentialAction\":[{\"@type\":\"SearchAction\",\"target\":{\"@type\":\"EntryPoint\",\"urlTemplate\":\"https:\/\/kibrisjinekoloji.com\/?s={search_term_string}\"},\"query-input\":\"required name=search_term_string\"}],\"inLanguage\":\"en-US\"},{\"@type\":\"ImageObject\",\"@id\":\"https:\/\/kibrisjinekoloji.com\/en\/urinary-incontinence\/#primaryimage\",\"inLanguage\":\"en-US\",\"url\":\"https:\/\/kibrisjinekoloji.com\/wp-content\/uploads\/2020\/04\/idrar-ka\\u00e7\\u0131rma-1.jpg\",\"contentUrl\":\"https:\/\/kibrisjinekoloji.com\/wp-content\/uploads\/2020\/04\/idrar-ka\\u00e7\\u0131rma-1.jpg\",\"width\":1000,\"height\":667,\"caption\":\"Cyprus Treatment for Urinary Incontinence\"},{\"@type\":\"WebPage\",\"@id\":\"https:\/\/kibrisjinekoloji.com\/en\/urinary-incontinence\/#webpage\",\"url\":\"https:\/\/kibrisjinekoloji.com\/en\/urinary-incontinence\/\",\"name\":\"Urinary Incontinence Treatment Cyprus | Dogus Hospital - Gynecology\",\"isPartOf\":{\"@id\":\"https:\/\/kibrisjinekoloji.com\/#website\"},\"primaryImageOfPage\":{\"@id\":\"https:\/\/kibrisjinekoloji.com\/en\/urinary-incontinence\/#primaryimage\"},\"datePublished\":\"2020-04-19T14:26:39+00:00\",\"dateModified\":\"2021-03-05T12:54:08+00:00\",\"description\":\"Urinary Incontinence Treatment Cyprus. Types of Urinary Incontinence. What Causes Incontinence? How Is Incontinence Diagnosed?\",\"breadcrumb\":{\"@id\":\"https:\/\/kibrisjinekoloji.com\/en\/urinary-incontinence\/#breadcrumb\"},\"inLanguage\":\"en-US\",\"potentialAction\":[{\"@type\":\"ReadAction\",\"target\":[\"https:\/\/kibrisjinekoloji.com\/en\/urinary-incontinence\/\"]}]},{\"@type\":\"BreadcrumbList\",\"@id\":\"https:\/\/kibrisjinekoloji.com\/en\/urinary-incontinence\/#breadcrumb\",\"itemListElement\":[{\"@type\":\"ListItem\",\"position\":1,\"name\":\"Home\",\"item\":\"https:\/\/kibrisjinekoloji.com\/\"},{\"@type\":\"ListItem\",\"position\":2,\"name\":\"Urinary Incontinence\"}]}]}<\/script>\n<!-- \/ Yoast SEO plugin. -->","yoast_head_json":{"title":"Urinary Incontinence Treatment Cyprus | Dogus Hospital - Gynecology","description":"Urinary Incontinence Treatment Cyprus. Types of Urinary Incontinence. What Causes Incontinence? How Is Incontinence Diagnosed?","robots":{"index":"index","follow":"follow","max-snippet":"max-snippet:-1","max-image-preview":"max-image-preview:large","max-video-preview":"max-video-preview:-1"},"canonical":"https:\/\/kibrisjinekoloji.com\/en\/urinary-incontinence\/","og_locale":"en_US","og_type":"article","og_title":"Urinary Incontinence Treatment Cyprus | Dogus Hospital - Gynecology","og_description":"Urinary Incontinence Treatment Cyprus. Types of Urinary Incontinence. What Causes Incontinence? How Is Incontinence Diagnosed?","og_url":"https:\/\/kibrisjinekoloji.com\/en\/urinary-incontinence\/","og_site_name":"kibrisjinekoloji.com","article_modified_time":"2021-03-05T12:54:08+00:00","og_image":[{"width":1000,"height":667,"url":"http:\/\/kibrisjinekoloji.com\/wp-content\/uploads\/2020\/04\/idrar-ka\u00e7\u0131rma-1.jpg","path":"\/home\/kibrisjinekoloji.com\/public_html\/wp-content\/uploads\/2020\/04\/idrar-ka\u00e7\u0131rma-1.jpg","size":"full","id":1209,"alt":"Cyprus Treatment for Urinary Incontinence","pixels":667000,"type":"image\/jpeg"}],"twitter_card":"summary_large_image","twitter_misc":{"Est. reading time":"3 minutes"},"schema":{"@context":"https:\/\/schema.org","@graph":[{"@type":"WebSite","@id":"https:\/\/kibrisjinekoloji.com\/#website","url":"https:\/\/kibrisjinekoloji.com\/","name":"kibrisjinekoloji.com","description":"K\u0131br\u0131s Kad\u0131n Do\u011fum, Genital Estetik ve T\u00fcp Bebek Tedavileri","potentialAction":[{"@type":"SearchAction","target":{"@type":"EntryPoint","urlTemplate":"https:\/\/kibrisjinekoloji.com\/?s={search_term_string}"},"query-input":"required name=search_term_string"}],"inLanguage":"en-US"},{"@type":"ImageObject","@id":"https:\/\/kibrisjinekoloji.com\/en\/urinary-incontinence\/#primaryimage","inLanguage":"en-US","url":"https:\/\/kibrisjinekoloji.com\/wp-content\/uploads\/2020\/04\/idrar-ka\u00e7\u0131rma-1.jpg","contentUrl":"https:\/\/kibrisjinekoloji.com\/wp-content\/uploads\/2020\/04\/idrar-ka\u00e7\u0131rma-1.jpg","width":1000,"height":667,"caption":"Cyprus Treatment for Urinary Incontinence"},{"@type":"WebPage","@id":"https:\/\/kibrisjinekoloji.com\/en\/urinary-incontinence\/#webpage","url":"https:\/\/kibrisjinekoloji.com\/en\/urinary-incontinence\/","name":"Urinary Incontinence Treatment Cyprus | Dogus Hospital - Gynecology","isPartOf":{"@id":"https:\/\/kibrisjinekoloji.com\/#website"},"primaryImageOfPage":{"@id":"https:\/\/kibrisjinekoloji.com\/en\/urinary-incontinence\/#primaryimage"},"datePublished":"2020-04-19T14:26:39+00:00","dateModified":"2021-03-05T12:54:08+00:00","description":"Urinary Incontinence Treatment Cyprus. Types of Urinary Incontinence. What Causes Incontinence? How Is Incontinence Diagnosed?","breadcrumb":{"@id":"https:\/\/kibrisjinekoloji.com\/en\/urinary-incontinence\/#breadcrumb"},"inLanguage":"en-US","potentialAction":[{"@type":"ReadAction","target":["https:\/\/kibrisjinekoloji.com\/en\/urinary-incontinence\/"]}]},{"@type":"BreadcrumbList","@id":"https:\/\/kibrisjinekoloji.com\/en\/urinary-incontinence\/#breadcrumb","itemListElement":[{"@type":"ListItem","position":1,"name":"Home","item":"https:\/\/kibrisjinekoloji.com\/"},{"@type":"ListItem","position":2,"name":"Urinary Incontinence"}]}]}},"_links":{"self":[{"href":"https:\/\/kibrisjinekoloji.com\/en\/wp-json\/wp\/v2\/pages\/1208"}],"collection":[{"href":"https:\/\/kibrisjinekoloji.com\/en\/wp-json\/wp\/v2\/pages"}],"about":[{"href":"https:\/\/kibrisjinekoloji.com\/en\/wp-json\/wp\/v2\/types\/page"}],"author":[{"embeddable":true,"href":"https:\/\/kibrisjinekoloji.com\/en\/wp-json\/wp\/v2\/users\/2"}],"replies":[{"embeddable":true,"href":"https:\/\/kibrisjinekoloji.com\/en\/wp-json\/wp\/v2\/comments?post=1208"}],"version-history":[{"count":0,"href":"https:\/\/kibrisjinekoloji.com\/en\/wp-json\/wp\/v2\/pages\/1208\/revisions"}],"wp:featuredmedia":[{"embeddable":true,"href":"https:\/\/kibrisjinekoloji.com\/en\/wp-json\/wp\/v2\/media\/1209"}],"wp:attachment":[{"href":"https:\/\/kibrisjinekoloji.com\/en\/wp-json\/wp\/v2\/media?parent=1208"}],"curies":[{"name":"wp","href":"https:\/\/api.w.org\/{rel}","templated":true}]}}