{"id":1214,"date":"2020-04-19T14:26:39","date_gmt":"2020-04-19T14:26:39","guid":{"rendered":"https:\/\/kibrisjinekoloji.com\/vajinoplasti-vajen-daraltma-ameliyati\/"},"modified":"2021-03-05T12:53:51","modified_gmt":"2021-03-05T12:53:51","slug":"vaginoplasty-vaginal-tightening-surgery","status":"publish","type":"page","link":"https:\/\/kibrisjinekoloji.com\/en\/vaginoplasty-vaginal-tightening-surgery\/","title":{"rendered":"Vaginoplasty (Vaginal Tightening Surgery)"},"content":{"rendered":"<h2>Cyprus Vaginoplasty<\/h2>\n<h2><span style=\"font-size: 24px;\">What is Vaginoplasty?<\/span><\/h2>\n<p>Vaginoplasty plays an important role in women\u2019s sexual life. Vaginal area tends to get enlarged due to aging and especially in women who have had given numerous births. Such enlargement has adverse effects on sexual relations of women. Both women and their partners are affected adversely by this situation in terms of sexuality.<\/p>\n<p><strong>Vaginoplasty is an operation performed to tighten up the vagina. <\/strong>It is performed especially on women who wish to restore the vagina to a pre-pregnancy state. Vaginal area becomes enlarged in women who have given numerous births or who have had difficult births. This causes problems for both women and men during sexual intercourse. Vagina-tightening operations can make sexual life better and boost self-esteem of both women and men.<\/p>\n<p>&nbsp;<\/p>\n<h2><span style=\"font-size: 24px;\">Why is Vaginoplasty Performed?<\/span><\/h2>\n<ul>\n<li>Solving sexual problems<\/li>\n<li>Preventing undesired noises that occur during sexual intercourse<\/li>\n<li>Repairing bladder relapse and bowel prolapse<\/li>\n<li>Repairing delivery scars and preventing pain that is felt during sexual intercourse<\/li>\n<li>Correcting scars of vaginal operations<\/li>\n<li>Enhancing self-esteem of the female patient<\/li>\n<\/ul>\n<p>&nbsp;<\/p>\n<h2><span style=\"font-size: 24px;\">How is Vagina Tightening Operation Performed?<\/span><\/h2>\n<p>Vaginoplasty is the procedure performed to remove enlarged vaginal tissue and tighten up the soft tissue and muscles that surround the vagina.<\/p>\n<p>Vaginoplasty does not require abdominal incision; it is performed only on the vaginal area. Operation lasts approximately 30 to 40 minutes. The vaginal opening is tightened up by 3 to 4 cm and then sutured. Dissolvable stitches are used. Vagina Tightening Operation is performed under general anesthesia so that patient does not feel any pain.<\/p>\n<p>&nbsp;<\/p>\n<h3><span style=\"font-size: 24px;\">Process After Vagina Tightening Operation<\/span><\/h3>\n<p>After operation, patient is monitored for 1 to 2 hours considering the risk of bleeding and then she is discharged from hospital. Patient does not feel very severe pain after the operation.<\/p>\n<p>Although duration of recovery changes from person to person, patient recovers herself within 3 weeks at the latest. Patient must comply with doctor\u2019s recommendations and hygiene rules during such 3-week period.<\/p>\n<p>Patient can resume normal activities within 1 to 2 days after the operation. They can take a shower standing up at least 6 to 8 hours after the operation. They should not be in a pool, sauna or sea for 4 to 6 weeks after the operation.<\/p>\n<p>In case of any pain and aching due to vaginoplasty operation, patient must consult it with the doctor and act accordingly. Moreover, patient should not take any pills without consulting with her doctor first. As dissolvable sutures are used for operation, removal of sutures is not required. Sutures dissolve and disappear in time.<\/p>\n<p>There are not any post-operative risks except for simple risks such as infection, bleeding and edema. Patient must be very careful and rest mostly after operation in order to prevent such complications.<\/p>\n<p>&nbsp;<\/p>\n<h3><span style=\"font-size: 24px;\">Does Vaginoplasty Leave Any Scar? <\/span><\/h3>\n<p>One of the most frequent inquiries regarding the process after vaginoplasty is whether it leaves any scar or not. This operation does not leave any scar on the patient. It is not possible to notice that patient has undergone this procedure. Bleeding may occur in form of spotting approximately 10 days after the operation. Any adverse effect is not expected after 10 days pass.<\/p>\n<p>&nbsp;<\/p>\n<h3>\u00a0<span style=\"font-size: 24px;\">Sexual Intercourse and Giving Birth after Vaginoplasty <\/span><\/h3>\n<p>Patient can have sexual intercourse without concern after resting for 4 to 6 weeks after vaginplasty procedure. Vaginoplasty obviously ensures increased comfort during sexual intercourse.<\/p>\n<p>Vaginal delivery is not recommended after operation unless it is absolutely necessary. Vaginal delivery would undo all the benefits the surgery offers.<\/p>\n<p>&nbsp;<\/p>\n<p>&nbsp;<\/p>\n","protected":false},"excerpt":{"rendered":"<p>Cyprus Vaginoplasty What is Vaginoplasty? Vaginoplasty plays an important role in women\u2019s sexual life. Vaginal area tends to get enlarged due to aging and especially in women who have had given numerous births. Such enlargement has adverse effects on sexual&hellip;<\/p>\n","protected":false},"author":2,"featured_media":1215,"parent":0,"menu_order":0,"comment_status":"closed","ping_status":"closed","template":"","meta":[],"yoast_head":"<!-- This site is optimized with the Yoast SEO plugin v16.9 - https:\/\/yoast.com\/wordpress\/plugins\/seo\/ -->\n<title>Vaginoplasty Cyprus | Dogus Hospital - Genital Aesthetics<\/title>\n<meta name=\"description\" content=\"What is vaginoplasty? Why is vaginoplasty done? How is vaginal tightening surgery performed? How is the post-operative process?\" \/>\n<meta name=\"robots\" content=\"index, follow, max-snippet:-1, max-image-preview:large, max-video-preview:-1\" \/>\n<link rel=\"canonical\" href=\"https:\/\/kibrisjinekoloji.com\/en\/vaginoplasty-vaginal-tightening-surgery\/\" \/>\n<meta property=\"og:locale\" content=\"en_US\" \/>\n<meta property=\"og:type\" content=\"article\" \/>\n<meta property=\"og:title\" content=\"Vaginoplasty Cyprus | Dogus Hospital - Genital Aesthetics\" \/>\n<meta property=\"og:description\" content=\"What is vaginoplasty? Why is vaginoplasty done? How is vaginal tightening surgery performed? How is the post-operative process?\" \/>\n<meta property=\"og:url\" content=\"https:\/\/kibrisjinekoloji.com\/en\/vaginoplasty-vaginal-tightening-surgery\/\" \/>\n<meta property=\"og:site_name\" content=\"kibrisjinekoloji.com\" \/>\n<meta property=\"article:modified_time\" content=\"2021-03-05T12:53:51+00:00\" \/>\n<meta property=\"og:image\" content=\"http:\/\/kibrisjinekoloji.com\/wp-content\/uploads\/2020\/04\/Vajinoplasti.jpg\" \/>\n\t<meta property=\"og:image:width\" content=\"2000\" \/>\n\t<meta property=\"og:image:height\" content=\"800\" \/>\n<meta name=\"twitter:card\" content=\"summary_large_image\" \/>\n<meta name=\"twitter:label1\" content=\"Est. reading time\" \/>\n\t<meta name=\"twitter:data1\" content=\"3 minutes\" \/>\n<script type=\"application\/ld+json\" class=\"yoast-schema-graph\">{\"@context\":\"https:\/\/schema.org\",\"@graph\":[{\"@type\":\"WebSite\",\"@id\":\"https:\/\/kibrisjinekoloji.com\/#website\",\"url\":\"https:\/\/kibrisjinekoloji.com\/\",\"name\":\"kibrisjinekoloji.com\",\"description\":\"K\\u0131br\\u0131s Kad\\u0131n Do\\u011fum, Genital Estetik ve T\\u00fcp Bebek Tedavileri\",\"potentialAction\":[{\"@type\":\"SearchAction\",\"target\":{\"@type\":\"EntryPoint\",\"urlTemplate\":\"https:\/\/kibrisjinekoloji.com\/?s={search_term_string}\"},\"query-input\":\"required name=search_term_string\"}],\"inLanguage\":\"en-US\"},{\"@type\":\"ImageObject\",\"@id\":\"https:\/\/kibrisjinekoloji.com\/en\/vaginoplasty-vaginal-tightening-surgery\/#primaryimage\",\"inLanguage\":\"en-US\",\"url\":\"https:\/\/kibrisjinekoloji.com\/wp-content\/uploads\/2020\/04\/Vajinoplasti.jpg\",\"contentUrl\":\"https:\/\/kibrisjinekoloji.com\/wp-content\/uploads\/2020\/04\/Vajinoplasti.jpg\",\"width\":2000,\"height\":800,\"caption\":\"Cyprus Vaginoplasty\"},{\"@type\":\"WebPage\",\"@id\":\"https:\/\/kibrisjinekoloji.com\/en\/vaginoplasty-vaginal-tightening-surgery\/#webpage\",\"url\":\"https:\/\/kibrisjinekoloji.com\/en\/vaginoplasty-vaginal-tightening-surgery\/\",\"name\":\"Vaginoplasty Cyprus | Dogus Hospital - Genital Aesthetics\",\"isPartOf\":{\"@id\":\"https:\/\/kibrisjinekoloji.com\/#website\"},\"primaryImageOfPage\":{\"@id\":\"https:\/\/kibrisjinekoloji.com\/en\/vaginoplasty-vaginal-tightening-surgery\/#primaryimage\"},\"datePublished\":\"2020-04-19T14:26:39+00:00\",\"dateModified\":\"2021-03-05T12:53:51+00:00\",\"description\":\"What is vaginoplasty? Why is vaginoplasty done? How is vaginal tightening surgery performed? How is the post-operative process?\",\"breadcrumb\":{\"@id\":\"https:\/\/kibrisjinekoloji.com\/en\/vaginoplasty-vaginal-tightening-surgery\/#breadcrumb\"},\"inLanguage\":\"en-US\",\"potentialAction\":[{\"@type\":\"ReadAction\",\"target\":[\"https:\/\/kibrisjinekoloji.com\/en\/vaginoplasty-vaginal-tightening-surgery\/\"]}]},{\"@type\":\"BreadcrumbList\",\"@id\":\"https:\/\/kibrisjinekoloji.com\/en\/vaginoplasty-vaginal-tightening-surgery\/#breadcrumb\",\"itemListElement\":[{\"@type\":\"ListItem\",\"position\":1,\"name\":\"Home\",\"item\":\"https:\/\/kibrisjinekoloji.com\/\"},{\"@type\":\"ListItem\",\"position\":2,\"name\":\"Vaginoplasty (Vaginal Tightening Surgery)\"}]}]}<\/script>\n<!-- \/ Yoast SEO plugin. -->","yoast_head_json":{"title":"Vaginoplasty Cyprus | Dogus Hospital - Genital Aesthetics","description":"What is vaginoplasty? Why is vaginoplasty done? How is vaginal tightening surgery performed? How is the post-operative process?","robots":{"index":"index","follow":"follow","max-snippet":"max-snippet:-1","max-image-preview":"max-image-preview:large","max-video-preview":"max-video-preview:-1"},"canonical":"https:\/\/kibrisjinekoloji.com\/en\/vaginoplasty-vaginal-tightening-surgery\/","og_locale":"en_US","og_type":"article","og_title":"Vaginoplasty Cyprus | Dogus Hospital - Genital Aesthetics","og_description":"What is vaginoplasty? Why is vaginoplasty done? How is vaginal tightening surgery performed? How is the post-operative process?","og_url":"https:\/\/kibrisjinekoloji.com\/en\/vaginoplasty-vaginal-tightening-surgery\/","og_site_name":"kibrisjinekoloji.com","article_modified_time":"2021-03-05T12:53:51+00:00","og_image":[{"width":2000,"height":800,"url":"http:\/\/kibrisjinekoloji.com\/wp-content\/uploads\/2020\/04\/Vajinoplasti.jpg","path":"\/home\/kibrisjinekoloji.com\/public_html\/wp-content\/uploads\/2020\/04\/Vajinoplasti.jpg","size":"full","id":1215,"alt":"Cyprus Vaginoplasty","pixels":1600000,"type":"image\/jpeg"}],"twitter_card":"summary_large_image","twitter_misc":{"Est. reading time":"3 minutes"},"schema":{"@context":"https:\/\/schema.org","@graph":[{"@type":"WebSite","@id":"https:\/\/kibrisjinekoloji.com\/#website","url":"https:\/\/kibrisjinekoloji.com\/","name":"kibrisjinekoloji.com","description":"K\u0131br\u0131s Kad\u0131n Do\u011fum, Genital Estetik ve T\u00fcp Bebek Tedavileri","potentialAction":[{"@type":"SearchAction","target":{"@type":"EntryPoint","urlTemplate":"https:\/\/kibrisjinekoloji.com\/?s={search_term_string}"},"query-input":"required name=search_term_string"}],"inLanguage":"en-US"},{"@type":"ImageObject","@id":"https:\/\/kibrisjinekoloji.com\/en\/vaginoplasty-vaginal-tightening-surgery\/#primaryimage","inLanguage":"en-US","url":"https:\/\/kibrisjinekoloji.com\/wp-content\/uploads\/2020\/04\/Vajinoplasti.jpg","contentUrl":"https:\/\/kibrisjinekoloji.com\/wp-content\/uploads\/2020\/04\/Vajinoplasti.jpg","width":2000,"height":800,"caption":"Cyprus Vaginoplasty"},{"@type":"WebPage","@id":"https:\/\/kibrisjinekoloji.com\/en\/vaginoplasty-vaginal-tightening-surgery\/#webpage","url":"https:\/\/kibrisjinekoloji.com\/en\/vaginoplasty-vaginal-tightening-surgery\/","name":"Vaginoplasty Cyprus | Dogus Hospital - Genital Aesthetics","isPartOf":{"@id":"https:\/\/kibrisjinekoloji.com\/#website"},"primaryImageOfPage":{"@id":"https:\/\/kibrisjinekoloji.com\/en\/vaginoplasty-vaginal-tightening-surgery\/#primaryimage"},"datePublished":"2020-04-19T14:26:39+00:00","dateModified":"2021-03-05T12:53:51+00:00","description":"What is vaginoplasty? Why is vaginoplasty done? How is vaginal tightening surgery performed? How is the post-operative process?","breadcrumb":{"@id":"https:\/\/kibrisjinekoloji.com\/en\/vaginoplasty-vaginal-tightening-surgery\/#breadcrumb"},"inLanguage":"en-US","potentialAction":[{"@type":"ReadAction","target":["https:\/\/kibrisjinekoloji.com\/en\/vaginoplasty-vaginal-tightening-surgery\/"]}]},{"@type":"BreadcrumbList","@id":"https:\/\/kibrisjinekoloji.com\/en\/vaginoplasty-vaginal-tightening-surgery\/#breadcrumb","itemListElement":[{"@type":"ListItem","position":1,"name":"Home","item":"https:\/\/kibrisjinekoloji.com\/"},{"@type":"ListItem","position":2,"name":"Vaginoplasty (Vaginal Tightening Surgery)"}]}]}},"_links":{"self":[{"href":"https:\/\/kibrisjinekoloji.com\/en\/wp-json\/wp\/v2\/pages\/1214"}],"collection":[{"href":"https:\/\/kibrisjinekoloji.com\/en\/wp-json\/wp\/v2\/pages"}],"about":[{"href":"https:\/\/kibrisjinekoloji.com\/en\/wp-json\/wp\/v2\/types\/page"}],"author":[{"embeddable":true,"href":"https:\/\/kibrisjinekoloji.com\/en\/wp-json\/wp\/v2\/users\/2"}],"replies":[{"embeddable":true,"href":"https:\/\/kibrisjinekoloji.com\/en\/wp-json\/wp\/v2\/comments?post=1214"}],"version-history":[{"count":0,"href":"https:\/\/kibrisjinekoloji.com\/en\/wp-json\/wp\/v2\/pages\/1214\/revisions"}],"wp:featuredmedia":[{"embeddable":true,"href":"https:\/\/kibrisjinekoloji.com\/en\/wp-json\/wp\/v2\/media\/1215"}],"wp:attachment":[{"href":"https:\/\/kibrisjinekoloji.com\/en\/wp-json\/wp\/v2\/media?parent=1214"}],"curies":[{"name":"wp","href":"https:\/\/api.w.org\/{rel}","templated":true}]}}