{"id":1216,"date":"2020-04-19T14:26:39","date_gmt":"2020-04-19T14:26:39","guid":{"rendered":"https:\/\/kibrisjinekoloji.com\/g-noktasi-buyutme\/"},"modified":"2023-12-06T10:18:56","modified_gmt":"2023-12-06T10:18:56","slug":"g-spot-amplification","status":"publish","type":"page","link":"https:\/\/kibrisjinekoloji.com\/en\/g-spot-amplification\/","title":{"rendered":"G-Spot Amplification (G-Shot)"},"content":{"rendered":"<h2>Cyprus G-Spot Amplification<\/h2>\n<h2><span style=\"font-size: 24px;\">What is G-Spot Amplification? (G-Shot)<\/span><\/h2>\n<p>There is a special spot in women, that is located on the front (anterior) wall of vagina and that contributes to orgasm. That spot is known as the \u201cG\u201d spot named after Dr. Grafenberg who wrote about its existence first scientifically. G-spot which enables vaginal orgasm during sexual intercourse can be amplified with a non-surgical simple collaged injection. G-spot amplification procedure is also known as orgasm vaccine. As such, both sexual intercourse becomes more satisfying and it becomes easier for women to have an orgasm.<\/p>\n<p>&nbsp;<\/p>\n<h2><span style=\"font-size: 24px;\">Where is G-Spot?<\/span><\/h2>\n<p>G-Spot is an erogenous zone which is 5 to 8 cm inside the vagina, on the upper wall of vagina and just below the urinary tract. This zone is buried in Skene\u2019s glands, which secrete fluid inside the vagina and which are female equivalent of the prostate gland. Therefore, it would be more accurate to G-Spot as an anatomic zone, rather than an organ. Dr. Grafenberg stated that stimulation of this zone leads to thickening \/ swelling of the wall, which in turn affects sexual arousal positively.<\/p>\n<p>&nbsp;<\/p>\n<h2><span style=\"font-size: 24px;\">What is the Function of G-Spot?<\/span><\/h2>\n<p>As G-Spot is an erogenous zone, it is stimulated during sexual intercourse. It grows, swells and contributes to female orgasm by producing special secretion thanks to its erectile tissue.<\/p>\n<p>Some women complain that they cannot have vaginal orgasm although they can achieve orgasm by masturbating externally with hands or through rubbing. Inability to have orgasm when penis is inside the vagina during a normal intercourse may lead to feelings of insecurity, unhappiness, depression and bursts of rage in women.<\/p>\n<p>Unfortunately, all around the world many women <strong>\u201cfake orgasm\u201d<\/strong> to show their partners that they get pleasure. In the long run; this leads to serious problems, relationship issues and decrease in sexual drive. You can strengthen your relationship through G-Spot Amplification Procedure.<\/p>\n<p>&nbsp;<\/p>\n<h3><span style=\"font-size: 24px;\">Why is G-Spot Amplification Procedure Performed? <\/span><\/h3>\n<p>Scientific studies have shown that in patients who got G-spot amplification procedure done, this spot has been stimulated more and consequently, sexual pleasure has increased.<\/p>\n<p>&nbsp;<\/p>\n<h3><span style=\"font-size: 24px;\">How is It Applied?<\/span><\/h3>\n<p>In our hospital, this procedure is performed generally under local anesthesia, on the gynecological table and by attaching the instrument that enables one to see inside the vagina (speculum). Once the G-spot is located on the front wall of vagina, filling material that contains \u201cHyaluronic Acid\u201d is injected into such zone. G-Spot Amplification procedure is a quite simple and non-surgical procedure that lasts only a couple of minutes. Our patients do not feel pain at all during and after such procedure. As the procedure will be performed under local anesthesia, you do not need to have empty stomach. Patients do not need to rest in the hospital after procedure. You can have sexual intercourse 6 hours after the procedure on the same day.<\/p>\n<p>&nbsp;<\/p>\n<h3><span style=\"font-size: 24px;\">How Effective is This Procedure?<\/span><\/h3>\n<p>According to a study, the procedure has had positive effects on sexual lives of <strong>87%<\/strong> of patients who got the procedure. Women who have orgasm only once during a sexual intercourse have had multiple orgasms after collagen injection. Some women expressed that they have had orgasm faster after the G-Spot Amplification procedure.<\/p>\n<p>Although <strong>G-Spot Amplification procedure<\/strong> is preferred more by women who are in their sexually active years, it is a reliable method that can be applied to women of all ages.<\/p>\n<p>&nbsp;<\/p>\n<h3><span style=\"font-size: 24px;\">Is the Effect of Procedure Permanent?<\/span><\/h3>\n<p>The filling materials used for this procedure contain Hyaluronic Acid. These substances are metabolized automatically by the body in time and therefore lose their effect. Filling materials used lose their efficacy within 6 to 10 months. Therefore, procedure can be repeated if the person desires to do so. Continuous administration of the procedure does not pose any danger.<\/p>\n<p>&nbsp;<\/p>\n<h4><span style=\"font-size: 24px;\">Who Can Not Get This Procedure?<\/span><\/h4>\n<p>It is not appropriate to apply this procedure to pregnant women, breastfeeding women, people who are allergic to foreign substances, people whose immune system is weak, people with bleeding and coagulation disorders, patients with infection on the site of application and people who have extraordinary expectations from this procedure. This procedure can be applied to anyone but those with above-mentioned problems.<\/p>\n<p>&nbsp;<\/p>\n","protected":false},"excerpt":{"rendered":"<p>Cyprus G-Spot Amplification What is G-Spot Amplification? (G-Shot) There is a special spot in women, that is located on the front (anterior) wall of vagina and that contributes to orgasm. That spot is known as the \u201cG\u201d spot named after&hellip;<\/p>\n","protected":false},"author":2,"featured_media":1217,"parent":0,"menu_order":0,"comment_status":"closed","ping_status":"closed","template":"","meta":[],"yoast_head":"<!-- This site is optimized with the Yoast SEO plugin v16.9 - https:\/\/yoast.com\/wordpress\/plugins\/seo\/ -->\n<title>G-Spot Amplification Cyprus | Dogus Hospital - Genital Aesthetics<\/title>\n<meta name=\"description\" content=\"What is G-Spot Amplification? Why is G Spot enlargement done? How is it done? How effective is the process? Is the effect of the procedure permanent?\" \/>\n<meta name=\"robots\" content=\"index, follow, max-snippet:-1, max-image-preview:large, max-video-preview:-1\" \/>\n<link rel=\"canonical\" href=\"https:\/\/kibrisjinekoloji.com\/en\/g-spot-amplification\/\" \/>\n<meta property=\"og:locale\" content=\"en_US\" \/>\n<meta property=\"og:type\" content=\"article\" \/>\n<meta property=\"og:title\" content=\"G-Spot Amplification Cyprus | Dogus Hospital - Genital Aesthetics\" \/>\n<meta property=\"og:description\" content=\"What is G-Spot Amplification? Why is G Spot enlargement done? How is it done? How effective is the process? Is the effect of the procedure permanent?\" \/>\n<meta property=\"og:url\" content=\"https:\/\/kibrisjinekoloji.com\/en\/g-spot-amplification\/\" \/>\n<meta property=\"og:site_name\" content=\"kibrisjinekoloji.com\" \/>\n<meta property=\"article:modified_time\" content=\"2023-12-06T10:18:56+00:00\" \/>\n<meta property=\"og:image\" content=\"http:\/\/kibrisjinekoloji.com\/wp-content\/uploads\/2020\/04\/G-Noktas\u0131.jpg\" \/>\n\t<meta property=\"og:image:width\" content=\"1600\" \/>\n\t<meta property=\"og:image:height\" content=\"800\" \/>\n<meta name=\"twitter:card\" content=\"summary_large_image\" \/>\n<meta name=\"twitter:label1\" content=\"Est. reading time\" \/>\n\t<meta name=\"twitter:data1\" content=\"4 minutes\" \/>\n<script type=\"application\/ld+json\" class=\"yoast-schema-graph\">{\"@context\":\"https:\/\/schema.org\",\"@graph\":[{\"@type\":\"WebSite\",\"@id\":\"https:\/\/kibrisjinekoloji.com\/#website\",\"url\":\"https:\/\/kibrisjinekoloji.com\/\",\"name\":\"kibrisjinekoloji.com\",\"description\":\"K\\u0131br\\u0131s Kad\\u0131n Do\\u011fum, Genital Estetik ve T\\u00fcp Bebek Tedavileri\",\"potentialAction\":[{\"@type\":\"SearchAction\",\"target\":{\"@type\":\"EntryPoint\",\"urlTemplate\":\"https:\/\/kibrisjinekoloji.com\/?s={search_term_string}\"},\"query-input\":\"required name=search_term_string\"}],\"inLanguage\":\"en-US\"},{\"@type\":\"ImageObject\",\"@id\":\"https:\/\/kibrisjinekoloji.com\/en\/g-spot-amplification\/#primaryimage\",\"inLanguage\":\"en-US\",\"url\":\"https:\/\/kibrisjinekoloji.com\/wp-content\/uploads\/2020\/04\/G-Noktas\\u0131.jpg\",\"contentUrl\":\"https:\/\/kibrisjinekoloji.com\/wp-content\/uploads\/2020\/04\/G-Noktas\\u0131.jpg\",\"width\":1600,\"height\":800,\"caption\":\"Cyprus G-Spot Amplification\\u00a0\"},{\"@type\":\"WebPage\",\"@id\":\"https:\/\/kibrisjinekoloji.com\/en\/g-spot-amplification\/#webpage\",\"url\":\"https:\/\/kibrisjinekoloji.com\/en\/g-spot-amplification\/\",\"name\":\"G-Spot Amplification Cyprus | Dogus Hospital - Genital Aesthetics\",\"isPartOf\":{\"@id\":\"https:\/\/kibrisjinekoloji.com\/#website\"},\"primaryImageOfPage\":{\"@id\":\"https:\/\/kibrisjinekoloji.com\/en\/g-spot-amplification\/#primaryimage\"},\"datePublished\":\"2020-04-19T14:26:39+00:00\",\"dateModified\":\"2023-12-06T10:18:56+00:00\",\"description\":\"What is G-Spot Amplification? Why is G Spot enlargement done? How is it done? How effective is the process? Is the effect of the procedure permanent?\",\"breadcrumb\":{\"@id\":\"https:\/\/kibrisjinekoloji.com\/en\/g-spot-amplification\/#breadcrumb\"},\"inLanguage\":\"en-US\",\"potentialAction\":[{\"@type\":\"ReadAction\",\"target\":[\"https:\/\/kibrisjinekoloji.com\/en\/g-spot-amplification\/\"]}]},{\"@type\":\"BreadcrumbList\",\"@id\":\"https:\/\/kibrisjinekoloji.com\/en\/g-spot-amplification\/#breadcrumb\",\"itemListElement\":[{\"@type\":\"ListItem\",\"position\":1,\"name\":\"Home\",\"item\":\"https:\/\/kibrisjinekoloji.com\/\"},{\"@type\":\"ListItem\",\"position\":2,\"name\":\"G-Spot Amplification (G-Shot)\"}]}]}<\/script>\n<!-- \/ Yoast SEO plugin. -->","yoast_head_json":{"title":"G-Spot Amplification Cyprus | Dogus Hospital - Genital Aesthetics","description":"What is G-Spot Amplification? Why is G Spot enlargement done? How is it done? How effective is the process? Is the effect of the procedure permanent?","robots":{"index":"index","follow":"follow","max-snippet":"max-snippet:-1","max-image-preview":"max-image-preview:large","max-video-preview":"max-video-preview:-1"},"canonical":"https:\/\/kibrisjinekoloji.com\/en\/g-spot-amplification\/","og_locale":"en_US","og_type":"article","og_title":"G-Spot Amplification Cyprus | Dogus Hospital - Genital Aesthetics","og_description":"What is G-Spot Amplification? Why is G Spot enlargement done? How is it done? How effective is the process? Is the effect of the procedure permanent?","og_url":"https:\/\/kibrisjinekoloji.com\/en\/g-spot-amplification\/","og_site_name":"kibrisjinekoloji.com","article_modified_time":"2023-12-06T10:18:56+00:00","og_image":[{"width":1600,"height":800,"url":"http:\/\/kibrisjinekoloji.com\/wp-content\/uploads\/2020\/04\/G-Noktas\u0131.jpg","path":"\/home\/kibrisjinekoloji.com\/public_html\/wp-content\/uploads\/2020\/04\/G-Noktas\u0131.jpg","size":"full","id":1217,"alt":"Cyprus G-Spot Amplification\u00a0","pixels":1280000,"type":"image\/jpeg"}],"twitter_card":"summary_large_image","twitter_misc":{"Est. reading time":"4 minutes"},"schema":{"@context":"https:\/\/schema.org","@graph":[{"@type":"WebSite","@id":"https:\/\/kibrisjinekoloji.com\/#website","url":"https:\/\/kibrisjinekoloji.com\/","name":"kibrisjinekoloji.com","description":"K\u0131br\u0131s Kad\u0131n Do\u011fum, Genital Estetik ve T\u00fcp Bebek Tedavileri","potentialAction":[{"@type":"SearchAction","target":{"@type":"EntryPoint","urlTemplate":"https:\/\/kibrisjinekoloji.com\/?s={search_term_string}"},"query-input":"required name=search_term_string"}],"inLanguage":"en-US"},{"@type":"ImageObject","@id":"https:\/\/kibrisjinekoloji.com\/en\/g-spot-amplification\/#primaryimage","inLanguage":"en-US","url":"https:\/\/kibrisjinekoloji.com\/wp-content\/uploads\/2020\/04\/G-Noktas\u0131.jpg","contentUrl":"https:\/\/kibrisjinekoloji.com\/wp-content\/uploads\/2020\/04\/G-Noktas\u0131.jpg","width":1600,"height":800,"caption":"Cyprus G-Spot Amplification\u00a0"},{"@type":"WebPage","@id":"https:\/\/kibrisjinekoloji.com\/en\/g-spot-amplification\/#webpage","url":"https:\/\/kibrisjinekoloji.com\/en\/g-spot-amplification\/","name":"G-Spot Amplification Cyprus | Dogus Hospital - Genital Aesthetics","isPartOf":{"@id":"https:\/\/kibrisjinekoloji.com\/#website"},"primaryImageOfPage":{"@id":"https:\/\/kibrisjinekoloji.com\/en\/g-spot-amplification\/#primaryimage"},"datePublished":"2020-04-19T14:26:39+00:00","dateModified":"2023-12-06T10:18:56+00:00","description":"What is G-Spot Amplification? Why is G Spot enlargement done? How is it done? How effective is the process? Is the effect of the procedure permanent?","breadcrumb":{"@id":"https:\/\/kibrisjinekoloji.com\/en\/g-spot-amplification\/#breadcrumb"},"inLanguage":"en-US","potentialAction":[{"@type":"ReadAction","target":["https:\/\/kibrisjinekoloji.com\/en\/g-spot-amplification\/"]}]},{"@type":"BreadcrumbList","@id":"https:\/\/kibrisjinekoloji.com\/en\/g-spot-amplification\/#breadcrumb","itemListElement":[{"@type":"ListItem","position":1,"name":"Home","item":"https:\/\/kibrisjinekoloji.com\/"},{"@type":"ListItem","position":2,"name":"G-Spot Amplification (G-Shot)"}]}]}},"_links":{"self":[{"href":"https:\/\/kibrisjinekoloji.com\/en\/wp-json\/wp\/v2\/pages\/1216"}],"collection":[{"href":"https:\/\/kibrisjinekoloji.com\/en\/wp-json\/wp\/v2\/pages"}],"about":[{"href":"https:\/\/kibrisjinekoloji.com\/en\/wp-json\/wp\/v2\/types\/page"}],"author":[{"embeddable":true,"href":"https:\/\/kibrisjinekoloji.com\/en\/wp-json\/wp\/v2\/users\/2"}],"replies":[{"embeddable":true,"href":"https:\/\/kibrisjinekoloji.com\/en\/wp-json\/wp\/v2\/comments?post=1216"}],"version-history":[{"count":1,"href":"https:\/\/kibrisjinekoloji.com\/en\/wp-json\/wp\/v2\/pages\/1216\/revisions"}],"predecessor-version":[{"id":1986,"href":"https:\/\/kibrisjinekoloji.com\/en\/wp-json\/wp\/v2\/pages\/1216\/revisions\/1986"}],"wp:featuredmedia":[{"embeddable":true,"href":"https:\/\/kibrisjinekoloji.com\/en\/wp-json\/wp\/v2\/media\/1217"}],"wp:attachment":[{"href":"https:\/\/kibrisjinekoloji.com\/en\/wp-json\/wp\/v2\/media?parent=1216"}],"curies":[{"name":"wp","href":"https:\/\/api.w.org\/{rel}","templated":true}]}}