{"id":1218,"date":"2020-04-19T10:07:30","date_gmt":"2020-04-19T10:07:30","guid":{"rendered":"https:\/\/kibrisjinekoloji.com\/kizlik-zari-dikimi-hymenoplasti\/"},"modified":"2021-03-05T12:32:30","modified_gmt":"2021-03-05T12:32:30","slug":"hymen-reconstruction-surgery-hymenoplasty","status":"publish","type":"page","link":"https:\/\/kibrisjinekoloji.com\/en\/hymen-reconstruction-surgery-hymenoplasty\/","title":{"rendered":"Hymen Reconstruction Surgery (Hymenoplasty)"},"content":{"rendered":"<h2>Cyprus Hymen Reconstruction Surgery<\/h2>\n<h2><span style=\"font-size: 24px;\">What is Hymen Reconstruction Surgery (Hymenoplasty)?<\/span><\/h2>\n<p>Hymen is the membrane tissue with a hole, that indicates virginity. This membrane is medically named as hymen. Some women are born without hymen or it may not get broken during sexual intercourse. Some types of hymen may get broken but it may not cause bleeding. Hymen may get broken due to reasons other than sexual intercourse such as cycling, riding a horse, gymnastic moves and by accident. In such cases, hymen reconstruction surgery can be performed. Hymenoplasty surgery in performed with full confidentiality. Second parties are never informed.<\/p>\n<p>&nbsp;<\/p>\n<h2><span style=\"font-size: 24px;\">Can Every Young Girl Get Hymen Reconstruction Surgery Done? <\/span><\/h2>\n<p>It is not legal for girls aged under eighteen years to undergo hymen reconstruction surgery. As girls do not tell their fathers about this operation, mothers must definitely accompany their daughters who are aged under 18 years. Both the girl and her mother give written consent before the operation. Having had sexual intercourse with more than one person, having had <a href=\"https:\/\/kibrisjinekoloji.com\/en\/abortion\/\">abortion<\/a> and giving birth is not an obstacle for this operation. Anyone can undergo hymen reconstruction surgery. The person with whom you have sexual intercourse cannot know that your hymen has been reconstructed.<\/p>\n<p>&nbsp;<\/p>\n<h2><span style=\"font-size: 24px;\">How is Hymenoplasty\u00a0Performed?<\/span><\/h2>\n<p>Hymen reconstruction can be performed in two ways. Permanent hymen reconstruction or temporary hymen reconstruction.<\/p>\n<p>Hymen reconstruction surgery performed 2 to 6 days before sexual intercourse is named as temporary reconstruction. In this operation, dissolvable stitches are used on the hymen so that it bleeds during sexual intercourse. If this operation is performed by an experienced doctor, bleeding occurs 100%.<\/p>\n<p>Flap\u00a0operation of\u00a0hymen\u00a0is for permanent purpose and therefore it can be done anytime. It has a long-lasting effect. In this procedure, hymen is reconstructed through micro-operation. Sutures used are absorbed fully by the body. This method ensures bleeding during the first sexual intercourse. Operation can be performed under local or general anesthesia depending on patient\u2019s choice. Average duration of this operation is 15 to 20 minutes. It is normal to feel strain in the genital area in the operation. Patient does not feel any pain or aching during operation.<\/p>\n<p>&nbsp;<\/p>\n<h3><span style=\"font-size: 24px;\">What Does a Patient Pay Attention to After Hymenoplasty?<\/span><\/h3>\n<p>Patient must pay due attention to personal hygiene after hymen reconstruction surgery. Contact with water must be avoided for 2 days, genital area must be kept dry and patient must take a bath standing after this operation. Patient should not tire themselves after operation. They should not wear tight clothes until hymen stitches recover. One should try not to get constipated at least for 10 days after operation so they must eat foods that are rich in fiber. They must follow a healthy diet rich in vitamins and protein to ensure surgical wound recovers rapidly. Those who undergo hymen reconstruction must get it checked before marriage in order to eliminate possible problems.<\/p>\n<p>&nbsp;<\/p>\n<h3><span style=\"font-size: 24px;\">Prices of Hymen Reconstruction Surgery for 2021<\/span><\/h3>\n<p>Prices of hymen reconstruction surgery for 2020 changes depending on permanent hymen reconstruction, temporary hymen reconstruction, whether operation is performed under local anesthesia or sedation anesthesia and the doctor who performs the operation. For further information regarding price of hymen reconstruction surgery, you can <a href=\"https:\/\/kibrisjinekoloji.com\/en\/contact\/\">contact<\/a> us over our contact page.<\/p>\n<p>&nbsp;<\/p>\n","protected":false},"excerpt":{"rendered":"<p>Cyprus Hymen Reconstruction Surgery What is Hymen Reconstruction Surgery (Hymenoplasty)? Hymen is the membrane tissue with a hole, that indicates virginity. This membrane is medically named as hymen. Some women are born without hymen or it may not get broken&hellip;<\/p>\n","protected":false},"author":2,"featured_media":1219,"parent":0,"menu_order":0,"comment_status":"closed","ping_status":"closed","template":"","meta":[],"yoast_head":"<!-- This site is optimized with the Yoast SEO plugin v16.9 - https:\/\/yoast.com\/wordpress\/plugins\/seo\/ -->\n<title>Hymen Reconstruction Surgery Cyprus | Genital Aesthetics<\/title>\n<meta name=\"description\" content=\"What is hymen reconstruction surgery? How is the process done? Hymen repair. Prices for hymen Reconstruction Surgery 2021.\" \/>\n<meta name=\"robots\" content=\"index, follow, max-snippet:-1, max-image-preview:large, max-video-preview:-1\" \/>\n<link rel=\"canonical\" href=\"https:\/\/kibrisjinekoloji.com\/en\/hymen-reconstruction-surgery-hymenoplasty\/\" \/>\n<meta property=\"og:locale\" content=\"en_US\" \/>\n<meta property=\"og:type\" content=\"article\" \/>\n<meta property=\"og:title\" content=\"Hymen Reconstruction Surgery Cyprus | Genital Aesthetics\" \/>\n<meta property=\"og:description\" content=\"What is hymen reconstruction surgery? How is the process done? Hymen repair. Prices for hymen Reconstruction Surgery 2021.\" \/>\n<meta property=\"og:url\" content=\"https:\/\/kibrisjinekoloji.com\/en\/hymen-reconstruction-surgery-hymenoplasty\/\" \/>\n<meta property=\"og:site_name\" content=\"kibrisjinekoloji.com\" \/>\n<meta property=\"article:modified_time\" content=\"2021-03-05T12:32:30+00:00\" \/>\n<meta property=\"og:image\" content=\"http:\/\/kibrisjinekoloji.com\/wp-content\/uploads\/2020\/04\/k\u0131zl\u0131k-zar\u0131-dikimi.jpg\" \/>\n\t<meta property=\"og:image:width\" content=\"1280\" \/>\n\t<meta property=\"og:image:height\" content=\"720\" \/>\n<meta name=\"twitter:card\" content=\"summary_large_image\" \/>\n<meta name=\"twitter:label1\" content=\"Est. reading time\" \/>\n\t<meta name=\"twitter:data1\" content=\"3 minutes\" \/>\n<script type=\"application\/ld+json\" class=\"yoast-schema-graph\">{\"@context\":\"https:\/\/schema.org\",\"@graph\":[{\"@type\":\"WebSite\",\"@id\":\"https:\/\/kibrisjinekoloji.com\/#website\",\"url\":\"https:\/\/kibrisjinekoloji.com\/\",\"name\":\"kibrisjinekoloji.com\",\"description\":\"K\\u0131br\\u0131s Kad\\u0131n Do\\u011fum, Genital Estetik ve T\\u00fcp Bebek Tedavileri\",\"potentialAction\":[{\"@type\":\"SearchAction\",\"target\":{\"@type\":\"EntryPoint\",\"urlTemplate\":\"https:\/\/kibrisjinekoloji.com\/?s={search_term_string}\"},\"query-input\":\"required name=search_term_string\"}],\"inLanguage\":\"en-US\"},{\"@type\":\"ImageObject\",\"@id\":\"https:\/\/kibrisjinekoloji.com\/en\/hymen-reconstruction-surgery-hymenoplasty\/#primaryimage\",\"inLanguage\":\"en-US\",\"url\":\"https:\/\/kibrisjinekoloji.com\/wp-content\/uploads\/2020\/04\/k\\u0131zl\\u0131k-zar\\u0131-dikimi.jpg\",\"contentUrl\":\"https:\/\/kibrisjinekoloji.com\/wp-content\/uploads\/2020\/04\/k\\u0131zl\\u0131k-zar\\u0131-dikimi.jpg\",\"width\":1280,\"height\":720,\"caption\":\"Cyprus Hymen Reconstruction Surgery\"},{\"@type\":\"WebPage\",\"@id\":\"https:\/\/kibrisjinekoloji.com\/en\/hymen-reconstruction-surgery-hymenoplasty\/#webpage\",\"url\":\"https:\/\/kibrisjinekoloji.com\/en\/hymen-reconstruction-surgery-hymenoplasty\/\",\"name\":\"Hymen Reconstruction Surgery Cyprus | Genital Aesthetics\",\"isPartOf\":{\"@id\":\"https:\/\/kibrisjinekoloji.com\/#website\"},\"primaryImageOfPage\":{\"@id\":\"https:\/\/kibrisjinekoloji.com\/en\/hymen-reconstruction-surgery-hymenoplasty\/#primaryimage\"},\"datePublished\":\"2020-04-19T10:07:30+00:00\",\"dateModified\":\"2021-03-05T12:32:30+00:00\",\"description\":\"What is hymen reconstruction surgery? How is the process done? Hymen repair. Prices for hymen Reconstruction Surgery 2021.\",\"breadcrumb\":{\"@id\":\"https:\/\/kibrisjinekoloji.com\/en\/hymen-reconstruction-surgery-hymenoplasty\/#breadcrumb\"},\"inLanguage\":\"en-US\",\"potentialAction\":[{\"@type\":\"ReadAction\",\"target\":[\"https:\/\/kibrisjinekoloji.com\/en\/hymen-reconstruction-surgery-hymenoplasty\/\"]}]},{\"@type\":\"BreadcrumbList\",\"@id\":\"https:\/\/kibrisjinekoloji.com\/en\/hymen-reconstruction-surgery-hymenoplasty\/#breadcrumb\",\"itemListElement\":[{\"@type\":\"ListItem\",\"position\":1,\"name\":\"Home\",\"item\":\"https:\/\/kibrisjinekoloji.com\/\"},{\"@type\":\"ListItem\",\"position\":2,\"name\":\"Hymen Reconstruction Surgery (Hymenoplasty)\"}]}]}<\/script>\n<!-- \/ Yoast SEO plugin. -->","yoast_head_json":{"title":"Hymen Reconstruction Surgery Cyprus | Genital Aesthetics","description":"What is hymen reconstruction surgery? How is the process done? Hymen repair. Prices for hymen Reconstruction Surgery 2021.","robots":{"index":"index","follow":"follow","max-snippet":"max-snippet:-1","max-image-preview":"max-image-preview:large","max-video-preview":"max-video-preview:-1"},"canonical":"https:\/\/kibrisjinekoloji.com\/en\/hymen-reconstruction-surgery-hymenoplasty\/","og_locale":"en_US","og_type":"article","og_title":"Hymen Reconstruction Surgery Cyprus | Genital Aesthetics","og_description":"What is hymen reconstruction surgery? How is the process done? Hymen repair. Prices for hymen Reconstruction Surgery 2021.","og_url":"https:\/\/kibrisjinekoloji.com\/en\/hymen-reconstruction-surgery-hymenoplasty\/","og_site_name":"kibrisjinekoloji.com","article_modified_time":"2021-03-05T12:32:30+00:00","og_image":[{"width":1280,"height":720,"url":"http:\/\/kibrisjinekoloji.com\/wp-content\/uploads\/2020\/04\/k\u0131zl\u0131k-zar\u0131-dikimi.jpg","path":"\/home\/kibrisjinekoloji.com\/public_html\/wp-content\/uploads\/2020\/04\/k\u0131zl\u0131k-zar\u0131-dikimi.jpg","size":"full","id":1219,"alt":"Cyprus Hymen Reconstruction Surgery","pixels":921600,"type":"image\/jpeg"}],"twitter_card":"summary_large_image","twitter_misc":{"Est. reading time":"3 minutes"},"schema":{"@context":"https:\/\/schema.org","@graph":[{"@type":"WebSite","@id":"https:\/\/kibrisjinekoloji.com\/#website","url":"https:\/\/kibrisjinekoloji.com\/","name":"kibrisjinekoloji.com","description":"K\u0131br\u0131s Kad\u0131n Do\u011fum, Genital Estetik ve T\u00fcp Bebek Tedavileri","potentialAction":[{"@type":"SearchAction","target":{"@type":"EntryPoint","urlTemplate":"https:\/\/kibrisjinekoloji.com\/?s={search_term_string}"},"query-input":"required name=search_term_string"}],"inLanguage":"en-US"},{"@type":"ImageObject","@id":"https:\/\/kibrisjinekoloji.com\/en\/hymen-reconstruction-surgery-hymenoplasty\/#primaryimage","inLanguage":"en-US","url":"https:\/\/kibrisjinekoloji.com\/wp-content\/uploads\/2020\/04\/k\u0131zl\u0131k-zar\u0131-dikimi.jpg","contentUrl":"https:\/\/kibrisjinekoloji.com\/wp-content\/uploads\/2020\/04\/k\u0131zl\u0131k-zar\u0131-dikimi.jpg","width":1280,"height":720,"caption":"Cyprus Hymen Reconstruction Surgery"},{"@type":"WebPage","@id":"https:\/\/kibrisjinekoloji.com\/en\/hymen-reconstruction-surgery-hymenoplasty\/#webpage","url":"https:\/\/kibrisjinekoloji.com\/en\/hymen-reconstruction-surgery-hymenoplasty\/","name":"Hymen Reconstruction Surgery Cyprus | Genital Aesthetics","isPartOf":{"@id":"https:\/\/kibrisjinekoloji.com\/#website"},"primaryImageOfPage":{"@id":"https:\/\/kibrisjinekoloji.com\/en\/hymen-reconstruction-surgery-hymenoplasty\/#primaryimage"},"datePublished":"2020-04-19T10:07:30+00:00","dateModified":"2021-03-05T12:32:30+00:00","description":"What is hymen reconstruction surgery? How is the process done? Hymen repair. Prices for hymen Reconstruction Surgery 2021.","breadcrumb":{"@id":"https:\/\/kibrisjinekoloji.com\/en\/hymen-reconstruction-surgery-hymenoplasty\/#breadcrumb"},"inLanguage":"en-US","potentialAction":[{"@type":"ReadAction","target":["https:\/\/kibrisjinekoloji.com\/en\/hymen-reconstruction-surgery-hymenoplasty\/"]}]},{"@type":"BreadcrumbList","@id":"https:\/\/kibrisjinekoloji.com\/en\/hymen-reconstruction-surgery-hymenoplasty\/#breadcrumb","itemListElement":[{"@type":"ListItem","position":1,"name":"Home","item":"https:\/\/kibrisjinekoloji.com\/"},{"@type":"ListItem","position":2,"name":"Hymen Reconstruction Surgery (Hymenoplasty)"}]}]}},"_links":{"self":[{"href":"https:\/\/kibrisjinekoloji.com\/en\/wp-json\/wp\/v2\/pages\/1218"}],"collection":[{"href":"https:\/\/kibrisjinekoloji.com\/en\/wp-json\/wp\/v2\/pages"}],"about":[{"href":"https:\/\/kibrisjinekoloji.com\/en\/wp-json\/wp\/v2\/types\/page"}],"author":[{"embeddable":true,"href":"https:\/\/kibrisjinekoloji.com\/en\/wp-json\/wp\/v2\/users\/2"}],"replies":[{"embeddable":true,"href":"https:\/\/kibrisjinekoloji.com\/en\/wp-json\/wp\/v2\/comments?post=1218"}],"version-history":[{"count":0,"href":"https:\/\/kibrisjinekoloji.com\/en\/wp-json\/wp\/v2\/pages\/1218\/revisions"}],"wp:featuredmedia":[{"embeddable":true,"href":"https:\/\/kibrisjinekoloji.com\/en\/wp-json\/wp\/v2\/media\/1219"}],"wp:attachment":[{"href":"https:\/\/kibrisjinekoloji.com\/en\/wp-json\/wp\/v2\/media?parent=1218"}],"curies":[{"name":"wp","href":"https:\/\/api.w.org\/{rel}","templated":true}]}}