{"id":1223,"date":"2020-04-19T10:07:30","date_gmt":"2020-04-19T10:07:30","guid":{"rendered":"https:\/\/kibrisjinekoloji.com\/spermiyogram-testi\/"},"modified":"2021-03-05T12:54:27","modified_gmt":"2021-03-05T12:54:27","slug":"spermiogram-test","status":"publish","type":"page","link":"https:\/\/kibrisjinekoloji.com\/en\/spermiogram-test\/","title":{"rendered":"Spermiogram Test"},"content":{"rendered":"<h2>Spermiogram Test Cyprus \u2013 Sperm Test Cyprus \u2013 Semen Analysis Cyprus<\/h2>\n<p>A series of test are done in order to detect <a href=\"https:\/\/kibrisjinekoloji.com\/en\/infertility\/\">infertility<\/a> or other problems in men. One of them is sperm test. In other words, it is spermiogram test. Spermiogram test is the most important laboratory test done to evaluate the male reproductive capacity.<\/p>\n<p><strong>This analysis is used to check several parameters of ejaculate (seminal fluid). The most important ones are as follows:<\/strong><\/p>\n<ul>\n<li>Sperm concentration (established in million sperm\/ml),<\/li>\n<li>Morphology (percentage of normally shaped sperms is established in %) and sperm motility (movement is established in %)<\/li>\n<li>pH value,<\/li>\n<li>Liquefaction (breaking up of semen)<\/li>\n<li>Leucocyte (white blood cell)<\/li>\n<\/ul>\n<p>&nbsp;<\/p>\n<h2><span style=\"font-size: 24px;\">Who Get Sperm Test Done?<\/span><\/h2>\n<p>Semen analysis applied to<\/p>\n<ul>\n<li>Men who is thought to suffer from reproductive problem<\/li>\n<li>Couples who go to hospital for in vitro fertilization<\/li>\n<li>Patients with urological problems such as varicocele and undescended testicles<\/li>\n<li>Patients who underwent chemotherapy or radiotherapy<\/li>\n<li>Patients with hypertension, diabetics and thyroid problems if they experience reproductive problem.<\/li>\n<\/ul>\n<p>At least 10-20% of couples have difficulty in conceiving. Your doctor may ask you to get sperm test done if they think you may be suffering from infertility problem. If sperm test result is abnormal, it is repeated within the period of time prescribed by the doctor. If abnormality is observed again, method of treatment is determined based on the type of problem.<\/p>\n<p>&nbsp;<\/p>\n<h2><span style=\"font-size: 24px;\">How is Spermiogram Test Done?<\/span><\/h2>\n<p>A man must abstain from sex for 3 days before giving sperm sample. Sexual abstinence of 3 to 7 days is enough. In case of sexual abstinence less than 3 days, sperm count may be lower than normal. In case of sexual abstinence more than 7 days, sperm motility may be decreased.<\/p>\n<p>As sperm sample must be analyzed within an hour, it is preferred that sample is taken in a center. Therefore, comfortable rooms that are special for men are available in our center. Patient masturbates and ejaculates into a special cup and delivers it to the laboratory.<\/p>\n<p>After the semen liquefaction, evaluation is made and report is written.<\/p>\n<p>One semen analysis must be conducted at least with two samples at 2-3 week intervals. Sperm count and sperm concentration may change from day to day and some conditions may affect sperm levels.<\/p>\n<p>&nbsp;<\/p>\n<p><strong>You Must Pay Attention to The Following Points During Sperm Test;<\/strong><\/p>\n<ul>\n<li>Substances such as soap, lubricant should not be used while providing sperm for sperm test.<\/li>\n<li>Likewise; during the process, one should make sure that their penis and fingers do not touch the inner surface of the cup and its cover.<\/li>\n<li>Patient must make sure that the entire semen is ejaculated into the cup.<\/li>\n<li>If the sperm overflows the cup or if you encounter a similar problem, you must definitely inform laboratory attendants of the situation.<\/li>\n<li>If you cannot provide sperm in laboratory environment, you must inform laboratory attendants or IVF department patient desk staff of the situation and consult the suitable method with your doctor.<\/li>\n<\/ul>\n<p>&nbsp;<\/p>\n<h2><span style=\"font-size: 24px;\">Semen Analysis Results<\/span><\/h2>\n<p>After you provide your sperm sample, test results are prepared 1 day later.<\/p>\n<p><strong>Normal Values in a Sperm Analysis are as follows: \u00a0<\/strong><\/p>\n<p><strong>Volume:<\/strong>\u00a0&gt; 1.5 ml<br \/>\n<strong>Concentration:<\/strong>\u00a0&gt; 15 million \/ ml<br \/>\n<strong>Total Cells:<\/strong>\u00a0&gt; 39 million<br \/>\n<strong>Motility (Movement):<\/strong>\u00a0\u2013 45 %<br \/>\n<strong>Morphology (Normal Shape):<\/strong>\u00a0\u2013 4 %<br \/>\n<strong>pH:<\/strong>\u00a07.2 \u2013 8<br \/>\n<strong>Vitality:<\/strong>\u00a0\u2013 75 %<br \/>\n<strong>White Blood Cells:<\/strong>\u00a0less than 1 million in ml<\/p>\n<p>&nbsp;<\/p>\n<h3><span style=\"font-size: 24px;\">Parameters Checked in Semen Analysis Results and Their Implications: <\/span><\/h3>\n<p><strong>Sperm Concentration (Sperm Count)<\/strong><\/p>\n<p>Sperm concentration is of great significance for sperm to be able to fertilize an egg. Sperm concentration less or more than certain levels may indicate an infertility problem.<\/p>\n<p>Sperm concentration measures how many millions of sperms are in a milliliter of semen. Normal sperm concentration in a semen is 20 million and over in a milliliter. Total sperm count in entire semen must be 40 million and over.<\/p>\n<p>&nbsp;<\/p>\n<p><strong>Motility (Sperm Movement)<\/strong><\/p>\n<p>Motility is a parameter that is indicative of percentage of sperm that moves in a semen sample, direction and rates of sperm movements. Sperm motility is important for sperm to be able to fertilize an egg. Under normal conditions, at least 50% of sperms must be moving one hour after ejaculation (ejecting semen from the body). Movement pattern of sperms is as important as the movement rate of sperms; sperms must move rapidly (linearly) on a straight line. Sperm movement is classified from 0 (motionless) to 4. While 3 and 4 represents good motility, 0-1-2 indicates poor motility.<\/p>\n<p>&nbsp;<\/p>\n<p><strong>Morphology (Sperm Shape and Appearance)<\/strong><\/p>\n<p>Morphology is an important factor in terms of sperm\u2019s reproductive capacity. Sperm shape that is not normal has low potential to fertilize an egg.<\/p>\n<p>Morphology parameter implies sperm shape, sperm size and appearance. In order to evaluate this parameter, 200 sperms are selected randomly and damages are noted. Morphological evaluation is carried out in line with \u201cKruger criteria\u201d in our center. The higher the rate of abnormal sperm, the lower the reproductive potential. Abnormal shape implies head, neck and tail abnormalities and immature sperm structures. Morphology must be at least 4% in a normal spermiogram test.<\/p>\n<p>&nbsp;<\/p>\n<p><strong>Vitality (Percentage of Live Sperm)<\/strong><\/p>\n<p>Vitality implies percentage of live sperm in a semen sample. If less than 50% of sperms are moving, vitality parameter is checked. This parameter shows if unmoving sperms are live or not. This test is also known as sperm liveliness test.<\/p>\n<p>&nbsp;<\/p>\n<p><strong>Leucocyte<\/strong><\/p>\n<p>Semen contains cells other than sperm. Leucocytes (white blood cells) indicate a current or past infection. Therefore, semen is analyzed for leucocyte as a routine procedure.<\/p>\n<p>Normally, there must be less than 1 million leucocytes in a milliliter of semen.<\/p>\n<p>&nbsp;<\/p>\n<p><strong>Semen acid \u2013 base balance (pH)<\/strong><\/p>\n<p>Semen pH is measured with a special paper that changes depending on pH level.<\/p>\n<p>Normal semen pH shows an alkaline (basic) value between 7.2 and 7.8. Value of semen pH can be affected due to problems that occur in one or couple of accessory glands. pH value does not generally have great effects on male reproductive potential.<\/p>\n<p>&nbsp;<\/p>\n<h3><span style=\"font-size: 24px;\">Terms that are Related to Spermiogram Test:<\/span><\/h3>\n<p><strong><u>Normospermia:<\/u><\/strong>\u00a0Normal sperm count, motility and shape.<\/p>\n<p><strong><u>Oligospermia:<\/u><\/strong>\u00a0Low sperm count.<\/p>\n<p><strong><u>Asthenospermia:<\/u><\/strong>\u00a0Low sperm cell motility.<\/p>\n<p><strong><u>Teratospermia:<\/u><\/strong>\u00a0Low rate of sperm cell with normal morphology.<\/p>\n<p><strong><u>Oligoasthenospermia:<\/u><\/strong>\u00a0Problem with sperm count, motility and shape.<\/p>\n<p><strong><u>Azoospermia:<\/u><\/strong>\u00a0Absence of sperm cell in ejaculate (semen).<\/p>\n<p>&nbsp;<\/p>\n<h3><span style=\"font-size: 24px;\">What are the Factors that Affect Sperm Quality Adversely?<\/span><\/h3>\n<ul>\n<li>Smoking and drinking alcohol<\/li>\n<li>Antidepressant, steroid, some type of antibiotics<\/li>\n<li>Medication and radiology imaging techniques used for treatment of cancer<\/li>\n<li>Constant exposure to chemical substances<\/li>\n<li>Inhaling agricultural pesticides through air<\/li>\n<li>Long-term exposure to radiation<\/li>\n<li>Wearing tight underwear<\/li>\n<li>Stress, overheat, following an unbalanced diet that contains hormone-injected food products<\/li>\n<li>Spending too much time in overheated environments such as hot bath, sauna and Turkish bath<\/li>\n<li>History of infectious diseases, hormone disorders, traumas and diseases such as varicocele<\/li>\n<\/ul>\n<p>&nbsp;<\/p>\n","protected":false},"excerpt":{"rendered":"<p>Spermiogram Test Cyprus \u2013 Sperm Test Cyprus \u2013 Semen Analysis Cyprus A series of test are done in order to detect infertility or other problems in men. One of them is sperm test. In other words, it is spermiogram test.&hellip;<\/p>\n","protected":false},"author":2,"featured_media":1224,"parent":0,"menu_order":0,"comment_status":"closed","ping_status":"closed","template":"","meta":[],"yoast_head":"<!-- This site is optimized with the Yoast SEO plugin v16.9 - https:\/\/yoast.com\/wordpress\/plugins\/seo\/ -->\n<title>Spermiogram Test Cyprus | Sperm Test | Semen Analysis<\/title>\n<meta name=\"description\" content=\"Spermiogram test Cyprus. What is a semen analysis? Who will have a spermiogram test? How is a sperm test done? Semen analysis Nicosia.\" \/>\n<meta name=\"robots\" content=\"index, follow, max-snippet:-1, max-image-preview:large, max-video-preview:-1\" \/>\n<link rel=\"canonical\" href=\"https:\/\/kibrisjinekoloji.com\/en\/spermiogram-test\/\" \/>\n<meta property=\"og:locale\" content=\"en_US\" \/>\n<meta property=\"og:type\" content=\"article\" \/>\n<meta property=\"og:title\" content=\"Spermiogram Test Cyprus | Sperm Test | Semen Analysis\" \/>\n<meta property=\"og:description\" content=\"Spermiogram test Cyprus. What is a semen analysis? Who will have a spermiogram test? How is a sperm test done? Semen analysis Nicosia.\" \/>\n<meta property=\"og:url\" content=\"https:\/\/kibrisjinekoloji.com\/en\/spermiogram-test\/\" \/>\n<meta property=\"og:site_name\" content=\"kibrisjinekoloji.com\" \/>\n<meta property=\"article:modified_time\" content=\"2021-03-05T12:54:27+00:00\" \/>\n<meta property=\"og:image\" content=\"http:\/\/kibrisjinekoloji.com\/wp-content\/uploads\/2020\/04\/Sperm-Testi.jpg\" \/>\n\t<meta property=\"og:image:width\" content=\"1000\" \/>\n\t<meta property=\"og:image:height\" content=\"579\" \/>\n<meta name=\"twitter:card\" content=\"summary_large_image\" \/>\n<meta name=\"twitter:label1\" content=\"Est. reading time\" \/>\n\t<meta name=\"twitter:data1\" content=\"5 minutes\" \/>\n<script type=\"application\/ld+json\" class=\"yoast-schema-graph\">{\"@context\":\"https:\/\/schema.org\",\"@graph\":[{\"@type\":\"WebSite\",\"@id\":\"https:\/\/kibrisjinekoloji.com\/#website\",\"url\":\"https:\/\/kibrisjinekoloji.com\/\",\"name\":\"kibrisjinekoloji.com\",\"description\":\"K\\u0131br\\u0131s Kad\\u0131n Do\\u011fum, Genital Estetik ve T\\u00fcp Bebek Tedavileri\",\"potentialAction\":[{\"@type\":\"SearchAction\",\"target\":{\"@type\":\"EntryPoint\",\"urlTemplate\":\"https:\/\/kibrisjinekoloji.com\/?s={search_term_string}\"},\"query-input\":\"required name=search_term_string\"}],\"inLanguage\":\"en-US\"},{\"@type\":\"ImageObject\",\"@id\":\"https:\/\/kibrisjinekoloji.com\/en\/spermiogram-test\/#primaryimage\",\"inLanguage\":\"en-US\",\"url\":\"https:\/\/kibrisjinekoloji.com\/wp-content\/uploads\/2020\/04\/Sperm-Testi.jpg\",\"contentUrl\":\"https:\/\/kibrisjinekoloji.com\/wp-content\/uploads\/2020\/04\/Sperm-Testi.jpg\",\"width\":1000,\"height\":579,\"caption\":\"Spermiogram Test Cyprus\"},{\"@type\":\"WebPage\",\"@id\":\"https:\/\/kibrisjinekoloji.com\/en\/spermiogram-test\/#webpage\",\"url\":\"https:\/\/kibrisjinekoloji.com\/en\/spermiogram-test\/\",\"name\":\"Spermiogram Test Cyprus | Sperm Test | Semen Analysis\",\"isPartOf\":{\"@id\":\"https:\/\/kibrisjinekoloji.com\/#website\"},\"primaryImageOfPage\":{\"@id\":\"https:\/\/kibrisjinekoloji.com\/en\/spermiogram-test\/#primaryimage\"},\"datePublished\":\"2020-04-19T10:07:30+00:00\",\"dateModified\":\"2021-03-05T12:54:27+00:00\",\"description\":\"Spermiogram test Cyprus. What is a semen analysis? Who will have a spermiogram test? How is a sperm test done? Semen analysis Nicosia.\",\"breadcrumb\":{\"@id\":\"https:\/\/kibrisjinekoloji.com\/en\/spermiogram-test\/#breadcrumb\"},\"inLanguage\":\"en-US\",\"potentialAction\":[{\"@type\":\"ReadAction\",\"target\":[\"https:\/\/kibrisjinekoloji.com\/en\/spermiogram-test\/\"]}]},{\"@type\":\"BreadcrumbList\",\"@id\":\"https:\/\/kibrisjinekoloji.com\/en\/spermiogram-test\/#breadcrumb\",\"itemListElement\":[{\"@type\":\"ListItem\",\"position\":1,\"name\":\"Home\",\"item\":\"https:\/\/kibrisjinekoloji.com\/\"},{\"@type\":\"ListItem\",\"position\":2,\"name\":\"Spermiogram Test\"}]}]}<\/script>\n<!-- \/ Yoast SEO plugin. -->","yoast_head_json":{"title":"Spermiogram Test Cyprus | Sperm Test | Semen Analysis","description":"Spermiogram test Cyprus. What is a semen analysis? Who will have a spermiogram test? How is a sperm test done? Semen analysis Nicosia.","robots":{"index":"index","follow":"follow","max-snippet":"max-snippet:-1","max-image-preview":"max-image-preview:large","max-video-preview":"max-video-preview:-1"},"canonical":"https:\/\/kibrisjinekoloji.com\/en\/spermiogram-test\/","og_locale":"en_US","og_type":"article","og_title":"Spermiogram Test Cyprus | Sperm Test | Semen Analysis","og_description":"Spermiogram test Cyprus. What is a semen analysis? Who will have a spermiogram test? How is a sperm test done? Semen analysis Nicosia.","og_url":"https:\/\/kibrisjinekoloji.com\/en\/spermiogram-test\/","og_site_name":"kibrisjinekoloji.com","article_modified_time":"2021-03-05T12:54:27+00:00","og_image":[{"width":1000,"height":579,"url":"http:\/\/kibrisjinekoloji.com\/wp-content\/uploads\/2020\/04\/Sperm-Testi.jpg","path":"\/home\/kibrisjinekoloji.com\/public_html\/wp-content\/uploads\/2020\/04\/Sperm-Testi.jpg","size":"full","id":1224,"alt":"Spermiogram Test Cyprus","pixels":579000,"type":"image\/jpeg"}],"twitter_card":"summary_large_image","twitter_misc":{"Est. reading time":"5 minutes"},"schema":{"@context":"https:\/\/schema.org","@graph":[{"@type":"WebSite","@id":"https:\/\/kibrisjinekoloji.com\/#website","url":"https:\/\/kibrisjinekoloji.com\/","name":"kibrisjinekoloji.com","description":"K\u0131br\u0131s Kad\u0131n Do\u011fum, Genital Estetik ve T\u00fcp Bebek Tedavileri","potentialAction":[{"@type":"SearchAction","target":{"@type":"EntryPoint","urlTemplate":"https:\/\/kibrisjinekoloji.com\/?s={search_term_string}"},"query-input":"required name=search_term_string"}],"inLanguage":"en-US"},{"@type":"ImageObject","@id":"https:\/\/kibrisjinekoloji.com\/en\/spermiogram-test\/#primaryimage","inLanguage":"en-US","url":"https:\/\/kibrisjinekoloji.com\/wp-content\/uploads\/2020\/04\/Sperm-Testi.jpg","contentUrl":"https:\/\/kibrisjinekoloji.com\/wp-content\/uploads\/2020\/04\/Sperm-Testi.jpg","width":1000,"height":579,"caption":"Spermiogram Test Cyprus"},{"@type":"WebPage","@id":"https:\/\/kibrisjinekoloji.com\/en\/spermiogram-test\/#webpage","url":"https:\/\/kibrisjinekoloji.com\/en\/spermiogram-test\/","name":"Spermiogram Test Cyprus | Sperm Test | Semen Analysis","isPartOf":{"@id":"https:\/\/kibrisjinekoloji.com\/#website"},"primaryImageOfPage":{"@id":"https:\/\/kibrisjinekoloji.com\/en\/spermiogram-test\/#primaryimage"},"datePublished":"2020-04-19T10:07:30+00:00","dateModified":"2021-03-05T12:54:27+00:00","description":"Spermiogram test Cyprus. What is a semen analysis? Who will have a spermiogram test? How is a sperm test done? Semen analysis Nicosia.","breadcrumb":{"@id":"https:\/\/kibrisjinekoloji.com\/en\/spermiogram-test\/#breadcrumb"},"inLanguage":"en-US","potentialAction":[{"@type":"ReadAction","target":["https:\/\/kibrisjinekoloji.com\/en\/spermiogram-test\/"]}]},{"@type":"BreadcrumbList","@id":"https:\/\/kibrisjinekoloji.com\/en\/spermiogram-test\/#breadcrumb","itemListElement":[{"@type":"ListItem","position":1,"name":"Home","item":"https:\/\/kibrisjinekoloji.com\/"},{"@type":"ListItem","position":2,"name":"Spermiogram Test"}]}]}},"_links":{"self":[{"href":"https:\/\/kibrisjinekoloji.com\/en\/wp-json\/wp\/v2\/pages\/1223"}],"collection":[{"href":"https:\/\/kibrisjinekoloji.com\/en\/wp-json\/wp\/v2\/pages"}],"about":[{"href":"https:\/\/kibrisjinekoloji.com\/en\/wp-json\/wp\/v2\/types\/page"}],"author":[{"embeddable":true,"href":"https:\/\/kibrisjinekoloji.com\/en\/wp-json\/wp\/v2\/users\/2"}],"replies":[{"embeddable":true,"href":"https:\/\/kibrisjinekoloji.com\/en\/wp-json\/wp\/v2\/comments?post=1223"}],"version-history":[{"count":0,"href":"https:\/\/kibrisjinekoloji.com\/en\/wp-json\/wp\/v2\/pages\/1223\/revisions"}],"wp:featuredmedia":[{"embeddable":true,"href":"https:\/\/kibrisjinekoloji.com\/en\/wp-json\/wp\/v2\/media\/1224"}],"wp:attachment":[{"href":"https:\/\/kibrisjinekoloji.com\/en\/wp-json\/wp\/v2\/media?parent=1223"}],"curies":[{"name":"wp","href":"https:\/\/api.w.org\/{rel}","templated":true}]}}