{"id":1229,"date":"2020-04-18T14:37:09","date_gmt":"2020-04-18T14:37:09","guid":{"rendered":"https:\/\/kibrisjinekoloji.com\/hakkimda\/"},"modified":"2021-03-05T12:27:05","modified_gmt":"2021-03-05T12:27:05","slug":"about-me","status":"publish","type":"page","link":"https:\/\/kibrisjinekoloji.com\/en\/about-me\/","title":{"rendered":"About Me"},"content":{"rendered":"<p><strong>Gyn. Op. Dr. \u015eevket Alpt\u00fcrk<\/strong>\u00a0was born in K.Kaymakl\u0131, Nicosia in 1959. After graduating from Faculty of Medicine, Ankara University in 1983, he received the title of specialist by studying in Department of Gynecology and Obstetrics, Faculty of Medicine, Ankara University for 5 years between 1984 and 1989. In the meantime, he completed trainings in fields of Gynecological and Obstetric Ultrasonography, Gynecological Endoscopy, Micro-Surgery and Colposcopy. In 2001, he became a specialist in in vitro fertilization by specializing in In Vitro Fertilization and Embryo Transfer Techniques in Department of Gynecology and Obstetrics, Faculty of Medicine, Ankara University. His articles have been published in several domestic and foreign medical journals. He is married with 2 sons. Currently, he has been conducting treatments for gynecological diseases, <a href=\"https:\/\/kibrisjinekoloji.com\/en\/infertility\/\"><u>infertility<\/u><\/a> and <a href=\"https:\/\/kibrisjinekoloji.com\/en\/ivf\/\"><u>in vitro fertilization<\/u><\/a> with all members of his team under Do\u011fu\u015f Hospital which he founded in 1991 and which is still his center.<\/p>\n<p>Our Center has been equipped elaborately and is at your service with its team of experts.<\/p>\n<p>&nbsp;<\/p>\n<h2><span style=\"font-size: 24px;\">Certificates of Dr. \u015eevket Alpt\u00fcrk:<\/span><\/h2>\n<p>1.Microsurgery Certificate; Faculty of Medicine, Ankara University.<\/p>\n<ol start=\"2\">\n<li>Family Planning Certificate;.<\/li>\n<li>Obstetric Gynecological Ultrasonography Certificate; Faculty of Medicine, Ankara University.<\/li>\n<li>Gynecological Colposcopy and Cryosurgery Certificate; Faculty of Medicine, Ankara University.<\/li>\n<li>Participation Certificate for \u201cMay 8<sup>th<\/sup> World Thalassemia Day\u201d Current Treatment Methods in Hemoglobinopathy<\/li>\n<li>Cyprus Turkish Medical Association membership certificate.<\/li>\n<li>National Gynecological and Obstetric Convention Participation Certificate.<\/li>\n<li>Participation Certificate Regarding Medical Training Meeting on Obstetric and Gynecological Innovations held by Turkish Health and Treatment Foundation.<\/li>\n<li>Certificate of Expertise by Republic of Turkey Ministry of Public Health and Welfare.<\/li>\n<li>Gynecological Endoscopy Certificate; Faculty of Medicine, Ankara University.<\/li>\n<\/ol>\n<p><strong>\u00a0<\/strong><\/p>\n<h2><span style=\"font-size: 24px;\">Interests of Dr. \u015eevket Alpt\u00fcrk:<\/span><\/h2>\n<p>The practices that I have encountered the most and in which I have specialized are as follows:<\/p>\n<ul>\n<li><a href=\"https:\/\/kibrisjinekoloji.com\/en\/labiaplasty\/\">Labiaplasty\u00a0<\/a><\/li>\n<li><a href=\"https:\/\/kibrisjinekoloji.com\/en\/abortion\/\">Abortion<\/a> (ending of a pregnancy)<\/li>\n<li>Genital Aesthetics<\/li>\n<li><a href=\"https:\/\/kibrisjinekoloji.com\/en\/hymen-reconstruction-surgery-hymenoplasty\/\">Hymen<u> Reconstruction Surgery<\/u><\/a><\/li>\n<li><a href=\"https:\/\/kibrisjinekoloji.com\/en\/myoma-treatment\/\">Myoma<u> Treatment<\/u><\/a><\/li>\n<li><a href=\"https:\/\/kibrisjinekoloji.com\/en\/urinary-incontinence\/\">Urinary<u> Incontinence Treatment<\/u><\/a><\/li>\n<li><a href=\"https:\/\/kibrisjinekoloji.com\/en\/ivf\/\">IVF<\/a><\/li>\n<li>Insemination<\/li>\n<li><a href=\"https:\/\/kibrisjinekoloji.com\/en\/infertility\/\"><u>Infertility<\/u><\/a><\/li>\n<li><a href=\"https:\/\/kibrisjinekoloji.com\/en\/hysteroscopy\/\">Hysteroscopy<\/a><\/li>\n<li><a href=\"https:\/\/kibrisjinekoloji.com\/en\/vaginoplasty-vaginal-tightening-surgery\/\"><u>Vaginoplasty <\/u>(Vaginal Aesthetics)<\/a><\/li>\n<li>Donation Treatments<\/li>\n<li>Genital Wart Treatment<\/li>\n<li><a href=\"https:\/\/kibrisjinekoloji.com\/en\/g-spot-amplification\/\">G-Spot<u> Amplification<\/u><\/a><\/li>\n<li>PGT Procedures<\/li>\n<li>Fetal Reduction<\/li>\n<li>Egg freezing<\/li>\n<li>Surrogacy<\/li>\n<li>Micro-TESE<\/li>\n<\/ul>\n<p>&nbsp;<\/p>\n","protected":false},"excerpt":{"rendered":"<p>Gyn. Op. Dr. \u015eevket Alpt\u00fcrk\u00a0was born in K.Kaymakl\u0131, Nicosia in 1959. After graduating from Faculty of Medicine, Ankara University in 1983, he received the title of specialist by studying in Department of Gynecology and Obstetrics, Faculty of Medicine, Ankara University&hellip;<\/p>\n","protected":false},"author":2,"featured_media":1230,"parent":0,"menu_order":0,"comment_status":"closed","ping_status":"closed","template":"","meta":[],"yoast_head":"<!-- This site is optimized with the Yoast SEO plugin v16.9 - https:\/\/yoast.com\/wordpress\/plugins\/seo\/ -->\n<title>Dr. \u015eevket Alpt\u00fcrk | Dogus Gynecology and Maternity Hospital<\/title>\n<meta name=\"description\" content=\"Dr. \u015eevket Alpt\u00fcrk&#039;s resume, the certificates he has received in his expertise and the most common problems and treatments that I am an expert in the field.\" \/>\n<meta name=\"robots\" content=\"index, follow, max-snippet:-1, max-image-preview:large, max-video-preview:-1\" \/>\n<link rel=\"canonical\" href=\"https:\/\/kibrisjinekoloji.com\/en\/about-me\/\" \/>\n<meta property=\"og:locale\" content=\"en_US\" \/>\n<meta property=\"og:type\" content=\"article\" \/>\n<meta property=\"og:title\" content=\"Dr. \u015eevket Alpt\u00fcrk | Dogus Gynecology and Maternity Hospital\" \/>\n<meta property=\"og:description\" content=\"Dr. \u015eevket Alpt\u00fcrk&#039;s resume, the certificates he has received in his expertise and the most common problems and treatments that I am an expert in the field.\" \/>\n<meta property=\"og:url\" content=\"https:\/\/kibrisjinekoloji.com\/en\/about-me\/\" \/>\n<meta property=\"og:site_name\" content=\"kibrisjinekoloji.com\" \/>\n<meta property=\"article:modified_time\" content=\"2021-03-05T12:27:05+00:00\" \/>\n<meta property=\"og:image\" content=\"http:\/\/kibrisjinekoloji.com\/wp-content\/uploads\/2020\/04\/dr.sevket.jpg\" \/>\n\t<meta property=\"og:image:width\" content=\"180\" \/>\n\t<meta property=\"og:image:height\" content=\"250\" \/>\n<meta name=\"twitter:card\" content=\"summary_large_image\" \/>\n<meta name=\"twitter:label1\" content=\"Est. reading time\" \/>\n\t<meta name=\"twitter:data1\" content=\"2 minutes\" \/>\n<script type=\"application\/ld+json\" class=\"yoast-schema-graph\">{\"@context\":\"https:\/\/schema.org\",\"@graph\":[{\"@type\":\"WebSite\",\"@id\":\"https:\/\/kibrisjinekoloji.com\/#website\",\"url\":\"https:\/\/kibrisjinekoloji.com\/\",\"name\":\"kibrisjinekoloji.com\",\"description\":\"K\\u0131br\\u0131s Kad\\u0131n Do\\u011fum, Genital Estetik ve T\\u00fcp Bebek Tedavileri\",\"potentialAction\":[{\"@type\":\"SearchAction\",\"target\":{\"@type\":\"EntryPoint\",\"urlTemplate\":\"https:\/\/kibrisjinekoloji.com\/?s={search_term_string}\"},\"query-input\":\"required name=search_term_string\"}],\"inLanguage\":\"en-US\"},{\"@type\":\"ImageObject\",\"@id\":\"https:\/\/kibrisjinekoloji.com\/en\/about-me\/#primaryimage\",\"inLanguage\":\"en-US\",\"url\":\"https:\/\/kibrisjinekoloji.com\/wp-content\/uploads\/2020\/04\/dr.sevket.jpg\",\"contentUrl\":\"https:\/\/kibrisjinekoloji.com\/wp-content\/uploads\/2020\/04\/dr.sevket.jpg\",\"width\":180,\"height\":250,\"caption\":\"Dr. \\u015eevket Alpt\\u00fcrk\"},{\"@type\":\"WebPage\",\"@id\":\"https:\/\/kibrisjinekoloji.com\/en\/about-me\/#webpage\",\"url\":\"https:\/\/kibrisjinekoloji.com\/en\/about-me\/\",\"name\":\"Dr. \\u015eevket Alpt\\u00fcrk | Dogus Gynecology and Maternity Hospital\",\"isPartOf\":{\"@id\":\"https:\/\/kibrisjinekoloji.com\/#website\"},\"primaryImageOfPage\":{\"@id\":\"https:\/\/kibrisjinekoloji.com\/en\/about-me\/#primaryimage\"},\"datePublished\":\"2020-04-18T14:37:09+00:00\",\"dateModified\":\"2021-03-05T12:27:05+00:00\",\"description\":\"Dr. \\u015eevket Alpt\\u00fcrk's resume, the certificates he has received in his expertise and the most common problems and treatments that I am an expert in the field.\",\"breadcrumb\":{\"@id\":\"https:\/\/kibrisjinekoloji.com\/en\/about-me\/#breadcrumb\"},\"inLanguage\":\"en-US\",\"potentialAction\":[{\"@type\":\"ReadAction\",\"target\":[\"https:\/\/kibrisjinekoloji.com\/en\/about-me\/\"]}]},{\"@type\":\"BreadcrumbList\",\"@id\":\"https:\/\/kibrisjinekoloji.com\/en\/about-me\/#breadcrumb\",\"itemListElement\":[{\"@type\":\"ListItem\",\"position\":1,\"name\":\"Home\",\"item\":\"https:\/\/kibrisjinekoloji.com\/\"},{\"@type\":\"ListItem\",\"position\":2,\"name\":\"About Me\"}]}]}<\/script>\n<!-- \/ Yoast SEO plugin. -->","yoast_head_json":{"title":"Dr. \u015eevket Alpt\u00fcrk | Dogus Gynecology and Maternity Hospital","description":"Dr. \u015eevket Alpt\u00fcrk's resume, the certificates he has received in his expertise and the most common problems and treatments that I am an expert in the field.","robots":{"index":"index","follow":"follow","max-snippet":"max-snippet:-1","max-image-preview":"max-image-preview:large","max-video-preview":"max-video-preview:-1"},"canonical":"https:\/\/kibrisjinekoloji.com\/en\/about-me\/","og_locale":"en_US","og_type":"article","og_title":"Dr. \u015eevket Alpt\u00fcrk | Dogus Gynecology and Maternity Hospital","og_description":"Dr. \u015eevket Alpt\u00fcrk's resume, the certificates he has received in his expertise and the most common problems and treatments that I am an expert in the field.","og_url":"https:\/\/kibrisjinekoloji.com\/en\/about-me\/","og_site_name":"kibrisjinekoloji.com","article_modified_time":"2021-03-05T12:27:05+00:00","og_image":[{"width":180,"height":250,"url":"http:\/\/kibrisjinekoloji.com\/wp-content\/uploads\/2020\/04\/dr.sevket.jpg","path":"\/home\/kibrisjinekoloji.com\/public_html\/wp-content\/uploads\/2020\/04\/dr.sevket.jpg","size":"full","id":1230,"alt":"Dr. \u015eevket Alpt\u00fcrk","pixels":45000,"type":"image\/jpeg"}],"twitter_card":"summary_large_image","twitter_misc":{"Est. reading time":"2 minutes"},"schema":{"@context":"https:\/\/schema.org","@graph":[{"@type":"WebSite","@id":"https:\/\/kibrisjinekoloji.com\/#website","url":"https:\/\/kibrisjinekoloji.com\/","name":"kibrisjinekoloji.com","description":"K\u0131br\u0131s Kad\u0131n Do\u011fum, Genital Estetik ve T\u00fcp Bebek Tedavileri","potentialAction":[{"@type":"SearchAction","target":{"@type":"EntryPoint","urlTemplate":"https:\/\/kibrisjinekoloji.com\/?s={search_term_string}"},"query-input":"required name=search_term_string"}],"inLanguage":"en-US"},{"@type":"ImageObject","@id":"https:\/\/kibrisjinekoloji.com\/en\/about-me\/#primaryimage","inLanguage":"en-US","url":"https:\/\/kibrisjinekoloji.com\/wp-content\/uploads\/2020\/04\/dr.sevket.jpg","contentUrl":"https:\/\/kibrisjinekoloji.com\/wp-content\/uploads\/2020\/04\/dr.sevket.jpg","width":180,"height":250,"caption":"Dr. \u015eevket Alpt\u00fcrk"},{"@type":"WebPage","@id":"https:\/\/kibrisjinekoloji.com\/en\/about-me\/#webpage","url":"https:\/\/kibrisjinekoloji.com\/en\/about-me\/","name":"Dr. \u015eevket Alpt\u00fcrk | Dogus Gynecology and Maternity Hospital","isPartOf":{"@id":"https:\/\/kibrisjinekoloji.com\/#website"},"primaryImageOfPage":{"@id":"https:\/\/kibrisjinekoloji.com\/en\/about-me\/#primaryimage"},"datePublished":"2020-04-18T14:37:09+00:00","dateModified":"2021-03-05T12:27:05+00:00","description":"Dr. \u015eevket Alpt\u00fcrk's resume, the certificates he has received in his expertise and the most common problems and treatments that I am an expert in the field.","breadcrumb":{"@id":"https:\/\/kibrisjinekoloji.com\/en\/about-me\/#breadcrumb"},"inLanguage":"en-US","potentialAction":[{"@type":"ReadAction","target":["https:\/\/kibrisjinekoloji.com\/en\/about-me\/"]}]},{"@type":"BreadcrumbList","@id":"https:\/\/kibrisjinekoloji.com\/en\/about-me\/#breadcrumb","itemListElement":[{"@type":"ListItem","position":1,"name":"Home","item":"https:\/\/kibrisjinekoloji.com\/"},{"@type":"ListItem","position":2,"name":"About Me"}]}]}},"_links":{"self":[{"href":"https:\/\/kibrisjinekoloji.com\/en\/wp-json\/wp\/v2\/pages\/1229"}],"collection":[{"href":"https:\/\/kibrisjinekoloji.com\/en\/wp-json\/wp\/v2\/pages"}],"about":[{"href":"https:\/\/kibrisjinekoloji.com\/en\/wp-json\/wp\/v2\/types\/page"}],"author":[{"embeddable":true,"href":"https:\/\/kibrisjinekoloji.com\/en\/wp-json\/wp\/v2\/users\/2"}],"replies":[{"embeddable":true,"href":"https:\/\/kibrisjinekoloji.com\/en\/wp-json\/wp\/v2\/comments?post=1229"}],"version-history":[{"count":0,"href":"https:\/\/kibrisjinekoloji.com\/en\/wp-json\/wp\/v2\/pages\/1229\/revisions"}],"wp:featuredmedia":[{"embeddable":true,"href":"https:\/\/kibrisjinekoloji.com\/en\/wp-json\/wp\/v2\/media\/1230"}],"wp:attachment":[{"href":"https:\/\/kibrisjinekoloji.com\/en\/wp-json\/wp\/v2\/media?parent=1229"}],"curies":[{"name":"wp","href":"https:\/\/api.w.org\/{rel}","templated":true}]}}