{"id":1231,"date":"2020-04-18T14:36:39","date_gmt":"2020-04-18T14:36:39","guid":{"rendered":"https:\/\/kibrisjinekoloji.com\/merkezimiz\/"},"modified":"2022-01-29T18:19:51","modified_gmt":"2022-01-29T18:19:51","slug":"our-center","status":"publish","type":"page","link":"https:\/\/kibrisjinekoloji.com\/en\/our-center\/","title":{"rendered":"Our Center"},"content":{"rendered":"<p>Dogus Gynecology and Obstetrics Hospital is one of the most experienced specialized hospitals that render service in Nicosia, Northern Cyprus. Our center, that operates under the leadership of Gyn. Op. Dr. \u015eevket Alpt\u00fcrk, aims to enlighten patients, use all advantages of technology in the most efficient way, create very experienced clinic and laboratory teams, achieve the highest success rates and keep patient satisfaction at the utmost level in fields of <strong>gynecology, genital aesthetics, reproductive health<\/strong> and <strong>genetics<\/strong>.<\/p>\n<p><img class=\"alignnone wp-image-691\" src=\"http:\/\/kibrisjinekoloji.com\/wp-content\/uploads\/2020\/04\/dogus1-300x225.jpg\" alt=\"Do\u011fu\u015f Hastanesi Oturma Alan\u0131\" width=\"256\" height=\"192\" \/>\u00a0 <img class=\"alignnone wp-image-693\" src=\"http:\/\/kibrisjinekoloji.com\/wp-content\/uploads\/2020\/04\/dogus3-300x225.jpg\" alt=\"Do\u011fu\u015f Hastanesi Bekleme Salonu\" width=\"256\" height=\"192\" \/> <img class=\"alignnone wp-image-690\" src=\"http:\/\/kibrisjinekoloji.com\/wp-content\/uploads\/2020\/04\/dogus6-300x225.jpg\" alt=\"Do\u011fu\u015f Hastanesi Bekleme Salonu\" width=\"256\" height=\"192\" \/><\/p>\n<p>If you are interested in botox, filling, mesotherapy and hair transplantation procedures, which are medical aesthetic applications, you can reach our <a href=\"https:\/\/www.cyprusmedi.com\/\">Cyprus Medi Medical Aesthetics and Hair Transplantation<\/a> center located in Famagusta.<\/p>\n<p>&nbsp;<\/p>\n","protected":false},"excerpt":{"rendered":"<p>Dogus Gynecology and Obstetrics Hospital is one of the most experienced specialized hospitals that render service in Nicosia, Northern Cyprus. Our center, that operates under the leadership of Gyn. Op. Dr. \u015eevket Alpt\u00fcrk, aims to enlighten patients, use all advantages&hellip;<\/p>\n","protected":false},"author":2,"featured_media":1232,"parent":0,"menu_order":0,"comment_status":"closed","ping_status":"closed","template":"","meta":[],"yoast_head":"<!-- This site is optimized with the Yoast SEO plugin v16.9 - https:\/\/yoast.com\/wordpress\/plugins\/seo\/ -->\n<title>Dogus Hospital | Gynecology | Genital Aesthetics | IVF<\/title>\n<meta name=\"description\" content=\"Dogus Hospital provides gynecology, genital aesthetics, reproductive health, infertility, IVF and LAB services.\" \/>\n<meta name=\"robots\" content=\"index, follow, max-snippet:-1, max-image-preview:large, max-video-preview:-1\" \/>\n<link rel=\"canonical\" href=\"https:\/\/kibrisjinekoloji.com\/en\/our-center\/\" \/>\n<meta property=\"og:locale\" content=\"en_US\" \/>\n<meta property=\"og:type\" content=\"article\" \/>\n<meta property=\"og:title\" content=\"Dogus Hospital | Gynecology | Genital Aesthetics | IVF\" \/>\n<meta property=\"og:description\" content=\"Dogus Hospital provides gynecology, genital aesthetics, reproductive health, infertility, IVF and LAB services.\" \/>\n<meta property=\"og:url\" content=\"https:\/\/kibrisjinekoloji.com\/en\/our-center\/\" \/>\n<meta property=\"og:site_name\" content=\"kibrisjinekoloji.com\" \/>\n<meta property=\"article:modified_time\" content=\"2022-01-29T18:19:51+00:00\" \/>\n<meta property=\"og:image\" content=\"http:\/\/kibrisjinekoloji.com\/wp-content\/uploads\/2020\/04\/Do\u011fu\u015f-Hastanesi-scaled.jpg\" \/>\n\t<meta property=\"og:image:width\" content=\"2560\" \/>\n\t<meta property=\"og:image:height\" content=\"2240\" \/>\n<meta name=\"twitter:card\" content=\"summary_large_image\" \/>\n<meta name=\"twitter:label1\" content=\"Est. reading time\" \/>\n\t<meta name=\"twitter:data1\" content=\"2 minutes\" \/>\n<script type=\"application\/ld+json\" class=\"yoast-schema-graph\">{\"@context\":\"https:\/\/schema.org\",\"@graph\":[{\"@type\":\"WebSite\",\"@id\":\"https:\/\/kibrisjinekoloji.com\/#website\",\"url\":\"https:\/\/kibrisjinekoloji.com\/\",\"name\":\"kibrisjinekoloji.com\",\"description\":\"K\\u0131br\\u0131s Kad\\u0131n Do\\u011fum, Genital Estetik ve T\\u00fcp Bebek Tedavileri\",\"potentialAction\":[{\"@type\":\"SearchAction\",\"target\":{\"@type\":\"EntryPoint\",\"urlTemplate\":\"https:\/\/kibrisjinekoloji.com\/?s={search_term_string}\"},\"query-input\":\"required name=search_term_string\"}],\"inLanguage\":\"en-US\"},{\"@type\":\"ImageObject\",\"@id\":\"https:\/\/kibrisjinekoloji.com\/en\/our-center\/#primaryimage\",\"inLanguage\":\"en-US\",\"url\":\"https:\/\/kibrisjinekoloji.com\/wp-content\/uploads\/2020\/04\/Do\\u011fu\\u015f-Hastanesi-scaled.jpg\",\"contentUrl\":\"https:\/\/kibrisjinekoloji.com\/wp-content\/uploads\/2020\/04\/Do\\u011fu\\u015f-Hastanesi-scaled.jpg\",\"width\":2560,\"height\":2240,\"caption\":\"Dogus Hospital\"},{\"@type\":\"WebPage\",\"@id\":\"https:\/\/kibrisjinekoloji.com\/en\/our-center\/#webpage\",\"url\":\"https:\/\/kibrisjinekoloji.com\/en\/our-center\/\",\"name\":\"Dogus Hospital | Gynecology | Genital Aesthetics | IVF\",\"isPartOf\":{\"@id\":\"https:\/\/kibrisjinekoloji.com\/#website\"},\"primaryImageOfPage\":{\"@id\":\"https:\/\/kibrisjinekoloji.com\/en\/our-center\/#primaryimage\"},\"datePublished\":\"2020-04-18T14:36:39+00:00\",\"dateModified\":\"2022-01-29T18:19:51+00:00\",\"description\":\"Dogus Hospital provides gynecology, genital aesthetics, reproductive health, infertility, IVF and LAB services.\",\"breadcrumb\":{\"@id\":\"https:\/\/kibrisjinekoloji.com\/en\/our-center\/#breadcrumb\"},\"inLanguage\":\"en-US\",\"potentialAction\":[{\"@type\":\"ReadAction\",\"target\":[\"https:\/\/kibrisjinekoloji.com\/en\/our-center\/\"]}]},{\"@type\":\"BreadcrumbList\",\"@id\":\"https:\/\/kibrisjinekoloji.com\/en\/our-center\/#breadcrumb\",\"itemListElement\":[{\"@type\":\"ListItem\",\"position\":1,\"name\":\"Home\",\"item\":\"https:\/\/kibrisjinekoloji.com\/\"},{\"@type\":\"ListItem\",\"position\":2,\"name\":\"Our Center\"}]}]}<\/script>\n<!-- \/ Yoast SEO plugin. -->","yoast_head_json":{"title":"Dogus Hospital | Gynecology | Genital Aesthetics | IVF","description":"Dogus Hospital provides gynecology, genital aesthetics, reproductive health, infertility, IVF and LAB services.","robots":{"index":"index","follow":"follow","max-snippet":"max-snippet:-1","max-image-preview":"max-image-preview:large","max-video-preview":"max-video-preview:-1"},"canonical":"https:\/\/kibrisjinekoloji.com\/en\/our-center\/","og_locale":"en_US","og_type":"article","og_title":"Dogus Hospital | Gynecology | Genital Aesthetics | IVF","og_description":"Dogus Hospital provides gynecology, genital aesthetics, reproductive health, infertility, IVF and LAB services.","og_url":"https:\/\/kibrisjinekoloji.com\/en\/our-center\/","og_site_name":"kibrisjinekoloji.com","article_modified_time":"2022-01-29T18:19:51+00:00","og_image":[{"width":2560,"height":2240,"url":"http:\/\/kibrisjinekoloji.com\/wp-content\/uploads\/2020\/04\/Do\u011fu\u015f-Hastanesi-scaled.jpg","path":"\/home\/kibrisjinekoloji.com\/public_html\/wp-content\/uploads\/2020\/04\/Do\u011fu\u015f-Hastanesi-scaled.jpg","size":"full","id":1232,"alt":"Dogus Hospital","pixels":5734400,"type":"image\/jpeg"}],"twitter_card":"summary_large_image","twitter_misc":{"Est. reading time":"2 minutes"},"schema":{"@context":"https:\/\/schema.org","@graph":[{"@type":"WebSite","@id":"https:\/\/kibrisjinekoloji.com\/#website","url":"https:\/\/kibrisjinekoloji.com\/","name":"kibrisjinekoloji.com","description":"K\u0131br\u0131s Kad\u0131n Do\u011fum, Genital Estetik ve T\u00fcp Bebek Tedavileri","potentialAction":[{"@type":"SearchAction","target":{"@type":"EntryPoint","urlTemplate":"https:\/\/kibrisjinekoloji.com\/?s={search_term_string}"},"query-input":"required name=search_term_string"}],"inLanguage":"en-US"},{"@type":"ImageObject","@id":"https:\/\/kibrisjinekoloji.com\/en\/our-center\/#primaryimage","inLanguage":"en-US","url":"https:\/\/kibrisjinekoloji.com\/wp-content\/uploads\/2020\/04\/Do\u011fu\u015f-Hastanesi-scaled.jpg","contentUrl":"https:\/\/kibrisjinekoloji.com\/wp-content\/uploads\/2020\/04\/Do\u011fu\u015f-Hastanesi-scaled.jpg","width":2560,"height":2240,"caption":"Dogus Hospital"},{"@type":"WebPage","@id":"https:\/\/kibrisjinekoloji.com\/en\/our-center\/#webpage","url":"https:\/\/kibrisjinekoloji.com\/en\/our-center\/","name":"Dogus Hospital | Gynecology | Genital Aesthetics | IVF","isPartOf":{"@id":"https:\/\/kibrisjinekoloji.com\/#website"},"primaryImageOfPage":{"@id":"https:\/\/kibrisjinekoloji.com\/en\/our-center\/#primaryimage"},"datePublished":"2020-04-18T14:36:39+00:00","dateModified":"2022-01-29T18:19:51+00:00","description":"Dogus Hospital provides gynecology, genital aesthetics, reproductive health, infertility, IVF and LAB services.","breadcrumb":{"@id":"https:\/\/kibrisjinekoloji.com\/en\/our-center\/#breadcrumb"},"inLanguage":"en-US","potentialAction":[{"@type":"ReadAction","target":["https:\/\/kibrisjinekoloji.com\/en\/our-center\/"]}]},{"@type":"BreadcrumbList","@id":"https:\/\/kibrisjinekoloji.com\/en\/our-center\/#breadcrumb","itemListElement":[{"@type":"ListItem","position":1,"name":"Home","item":"https:\/\/kibrisjinekoloji.com\/"},{"@type":"ListItem","position":2,"name":"Our Center"}]}]}},"_links":{"self":[{"href":"https:\/\/kibrisjinekoloji.com\/en\/wp-json\/wp\/v2\/pages\/1231"}],"collection":[{"href":"https:\/\/kibrisjinekoloji.com\/en\/wp-json\/wp\/v2\/pages"}],"about":[{"href":"https:\/\/kibrisjinekoloji.com\/en\/wp-json\/wp\/v2\/types\/page"}],"author":[{"embeddable":true,"href":"https:\/\/kibrisjinekoloji.com\/en\/wp-json\/wp\/v2\/users\/2"}],"replies":[{"embeddable":true,"href":"https:\/\/kibrisjinekoloji.com\/en\/wp-json\/wp\/v2\/comments?post=1231"}],"version-history":[{"count":1,"href":"https:\/\/kibrisjinekoloji.com\/en\/wp-json\/wp\/v2\/pages\/1231\/revisions"}],"predecessor-version":[{"id":1558,"href":"https:\/\/kibrisjinekoloji.com\/en\/wp-json\/wp\/v2\/pages\/1231\/revisions\/1558"}],"wp:featuredmedia":[{"embeddable":true,"href":"https:\/\/kibrisjinekoloji.com\/en\/wp-json\/wp\/v2\/media\/1232"}],"wp:attachment":[{"href":"https:\/\/kibrisjinekoloji.com\/en\/wp-json\/wp\/v2\/media?parent=1231"}],"curies":[{"name":"wp","href":"https:\/\/api.w.org\/{rel}","templated":true}]}}