{"id":2101,"date":"2024-01-08T15:12:10","date_gmt":"2024-01-08T15:12:10","guid":{"rendered":"https:\/\/kibrisjinekoloji.com\/?page_id=2101"},"modified":"2024-01-08T15:12:10","modified_gmt":"2024-01-08T15:12:10","slug":"orgasm-shot-o-shot","status":"publish","type":"page","link":"https:\/\/kibrisjinekoloji.com\/en\/orgasm-shot-o-shot\/","title":{"rendered":"Orgasm Shot (O-Shot)"},"content":{"rendered":"<h2><span style=\"font-size: 24px;\">O-Shot Cyprus<\/span><\/h2>\n<p>O-Shot procedure is a genital aesthetic procedure which is applied to increase the woman\u2019s sexual pleasure and tighten the vaginal tissues. Recently, with the increase in the interest in genital aesthetic procedures, O-Shot procedure has also become popular. Unlike G-Shot, O-Shot is applied on the different spots of the vagina and the clitoris and its application is different. Made with the plasma which is taken from the patient\u2019s own blood and intensified, O-Shot tightens vaginal tissues in a healthy manner and increases sensitivity.<\/p>\n<p>&nbsp;<\/p>\n<h2><span style=\"font-size: 24px;\">What is O-Shot?<\/span><\/h2>\n<p>O-Shot is a genital aesthetic procedure which is applied to increase the woman\u2019s sexual pleasure, renovate the vaginal tissues, and increase the sensitivity. O-Shot is often mistaken for G-Shot. However, they are two different applications. O-Shot is a procedure which is applied by injection just like G-Shot. However, G-Shot requires applying hyaluronic acid to a specific spot while O-Shot is made by the plasma which is obtained by putting the patient\u2019s own blood to the centrifuge device.<\/p>\n<p>&nbsp;<\/p>\n<h2><span style=\"font-size: 24px;\">Who Can Take O-Shot?<\/span><\/h2>\n<p>Any 18+ women can take O-Shot if it is not problematic for the health. However, this method is typically preferred by women who have given birth or who have given birth to a gross baby. Since the vaginal tissues are torn due to the delivery and age, O-Shot and other aesthetic procedures are typically preferred by 35+ women who have given birth. Besides, O-Shot can be applied to;<\/p>\n<ul>\n<li>Women who have problems with reaching orgasm<\/li>\n<li>Those complaining of vaginal dryness<\/li>\n<li>Those with chronic inflammatory diseases<\/li>\n<li>Those complaining of chronic pain as a result of birth.<\/li>\n<li><\/li>\n<\/ul>\n<h2><span style=\"font-size: 24px;\">How is O-Shot Applied?<\/span><\/h2>\n<p>O-Shot is a reliable procedure in many aspects. This is because it uses the plasma which is obtained by intensifying the renovating cells which are taken from the patient\u2019s own blood. Therefore, it does not adversely affect any future pregnancy.<\/p>\n<p>Before starting O-Shot procedure, we take some blood sample from our patients. The blood is separated by the centrifuge device in the laboratory. The resulting intense, yellow fluid contains plenty of renovating and rejuvenating cells. This plasma is injected to the vagina and clitoris area as deemed suitable. The vagina rejuvenates, fills up and tightens in time. Thus, the woman\u2019s and man\u2019s sexual pleasure increase.<\/p>\n<p>&nbsp;<\/p>\n<h2><span style=\"font-size: 24px;\">What are Cyprus O-Shot Prices?<\/span><\/h2>\n<p>Cyprus O-Shot and orgasm vaccine prices vary depending on the area of application and the method of anesthesia to be applied. Please call our hospital for further details about the procedure and appointment for examination.<\/p>\n<p><em><strong>\u00a0<\/strong><\/em><\/p>\n<p><em><strong>\u00a0<\/strong><\/em><\/p>\n<p><em><strong>\u00a0<\/strong><\/em><\/p>\n<p><strong><br \/>\n<\/strong><\/p>\n<p>&nbsp;<\/p>\n","protected":false},"excerpt":{"rendered":"<p>O-Shot Cyprus O-Shot procedure is a genital aesthetic procedure which is applied to increase the woman\u2019s sexual pleasure and tighten the vaginal tissues. Recently, with the increase in the interest in genital aesthetic procedures, O-Shot procedure has also become popular.&hellip;<\/p>\n","protected":false},"author":2,"featured_media":0,"parent":0,"menu_order":0,"comment_status":"closed","ping_status":"closed","template":"","meta":[],"yoast_head":"<!-- This site is optimized with the Yoast SEO plugin v16.9 - https:\/\/yoast.com\/wordpress\/plugins\/seo\/ -->\n<title>Orgasm Shot Cyprus | O Point Enlargement | Orgasm Shot Prices | O-Shot<\/title>\n<meta name=\"description\" content=\"O Point Enlargement (O-Shot) Cyprus. What are O-Shot Prices in Cyprus? How to Enlarge That Spot?\" \/>\n<meta name=\"robots\" content=\"index, follow, max-snippet:-1, max-image-preview:large, max-video-preview:-1\" \/>\n<link rel=\"canonical\" href=\"https:\/\/kibrisjinekoloji.com\/en\/orgasm-shot-o-shot\/\" \/>\n<meta property=\"og:locale\" content=\"en_US\" \/>\n<meta property=\"og:type\" content=\"article\" \/>\n<meta property=\"og:title\" content=\"Orgasm Shot Cyprus | O Point Enlargement | Orgasm Shot Prices | O-Shot\" \/>\n<meta property=\"og:description\" content=\"O Point Enlargement (O-Shot) Cyprus. What are O-Shot Prices in Cyprus? How to Enlarge That Spot?\" \/>\n<meta property=\"og:url\" content=\"https:\/\/kibrisjinekoloji.com\/en\/orgasm-shot-o-shot\/\" \/>\n<meta property=\"og:site_name\" content=\"kibrisjinekoloji.com\" \/>\n<meta name=\"twitter:card\" content=\"summary_large_image\" \/>\n<meta name=\"twitter:label1\" content=\"Est. reading time\" \/>\n\t<meta name=\"twitter:data1\" content=\"2 minutes\" \/>\n<script type=\"application\/ld+json\" class=\"yoast-schema-graph\">{\"@context\":\"https:\/\/schema.org\",\"@graph\":[{\"@type\":\"WebSite\",\"@id\":\"https:\/\/kibrisjinekoloji.com\/#website\",\"url\":\"https:\/\/kibrisjinekoloji.com\/\",\"name\":\"kibrisjinekoloji.com\",\"description\":\"K\\u0131br\\u0131s Kad\\u0131n Do\\u011fum, Genital Estetik ve T\\u00fcp Bebek Tedavileri\",\"potentialAction\":[{\"@type\":\"SearchAction\",\"target\":{\"@type\":\"EntryPoint\",\"urlTemplate\":\"https:\/\/kibrisjinekoloji.com\/?s={search_term_string}\"},\"query-input\":\"required name=search_term_string\"}],\"inLanguage\":\"en-US\"},{\"@type\":\"WebPage\",\"@id\":\"https:\/\/kibrisjinekoloji.com\/en\/orgasm-shot-o-shot\/#webpage\",\"url\":\"https:\/\/kibrisjinekoloji.com\/en\/orgasm-shot-o-shot\/\",\"name\":\"Orgasm Shot Cyprus | O Point Enlargement | Orgasm Shot Prices | O-Shot\",\"isPartOf\":{\"@id\":\"https:\/\/kibrisjinekoloji.com\/#website\"},\"datePublished\":\"2024-01-08T15:12:10+00:00\",\"dateModified\":\"2024-01-08T15:12:10+00:00\",\"description\":\"O Point Enlargement (O-Shot) Cyprus. What are O-Shot Prices in Cyprus? How to Enlarge That Spot?\",\"breadcrumb\":{\"@id\":\"https:\/\/kibrisjinekoloji.com\/en\/orgasm-shot-o-shot\/#breadcrumb\"},\"inLanguage\":\"en-US\",\"potentialAction\":[{\"@type\":\"ReadAction\",\"target\":[\"https:\/\/kibrisjinekoloji.com\/en\/orgasm-shot-o-shot\/\"]}]},{\"@type\":\"BreadcrumbList\",\"@id\":\"https:\/\/kibrisjinekoloji.com\/en\/orgasm-shot-o-shot\/#breadcrumb\",\"itemListElement\":[{\"@type\":\"ListItem\",\"position\":1,\"name\":\"Home\",\"item\":\"https:\/\/kibrisjinekoloji.com\/\"},{\"@type\":\"ListItem\",\"position\":2,\"name\":\"Orgasm Shot (O-Shot)\"}]}]}<\/script>\n<!-- \/ Yoast SEO plugin. -->","yoast_head_json":{"title":"Orgasm Shot Cyprus | O Point Enlargement | Orgasm Shot Prices | O-Shot","description":"O Point Enlargement (O-Shot) Cyprus. What are O-Shot Prices in Cyprus? How to Enlarge That Spot?","robots":{"index":"index","follow":"follow","max-snippet":"max-snippet:-1","max-image-preview":"max-image-preview:large","max-video-preview":"max-video-preview:-1"},"canonical":"https:\/\/kibrisjinekoloji.com\/en\/orgasm-shot-o-shot\/","og_locale":"en_US","og_type":"article","og_title":"Orgasm Shot Cyprus | O Point Enlargement | Orgasm Shot Prices | O-Shot","og_description":"O Point Enlargement (O-Shot) Cyprus. What are O-Shot Prices in Cyprus? How to Enlarge That Spot?","og_url":"https:\/\/kibrisjinekoloji.com\/en\/orgasm-shot-o-shot\/","og_site_name":"kibrisjinekoloji.com","twitter_card":"summary_large_image","twitter_misc":{"Est. reading time":"2 minutes"},"schema":{"@context":"https:\/\/schema.org","@graph":[{"@type":"WebSite","@id":"https:\/\/kibrisjinekoloji.com\/#website","url":"https:\/\/kibrisjinekoloji.com\/","name":"kibrisjinekoloji.com","description":"K\u0131br\u0131s Kad\u0131n Do\u011fum, Genital Estetik ve T\u00fcp Bebek Tedavileri","potentialAction":[{"@type":"SearchAction","target":{"@type":"EntryPoint","urlTemplate":"https:\/\/kibrisjinekoloji.com\/?s={search_term_string}"},"query-input":"required name=search_term_string"}],"inLanguage":"en-US"},{"@type":"WebPage","@id":"https:\/\/kibrisjinekoloji.com\/en\/orgasm-shot-o-shot\/#webpage","url":"https:\/\/kibrisjinekoloji.com\/en\/orgasm-shot-o-shot\/","name":"Orgasm Shot Cyprus | O Point Enlargement | Orgasm Shot Prices | O-Shot","isPartOf":{"@id":"https:\/\/kibrisjinekoloji.com\/#website"},"datePublished":"2024-01-08T15:12:10+00:00","dateModified":"2024-01-08T15:12:10+00:00","description":"O Point Enlargement (O-Shot) Cyprus. What are O-Shot Prices in Cyprus? How to Enlarge That Spot?","breadcrumb":{"@id":"https:\/\/kibrisjinekoloji.com\/en\/orgasm-shot-o-shot\/#breadcrumb"},"inLanguage":"en-US","potentialAction":[{"@type":"ReadAction","target":["https:\/\/kibrisjinekoloji.com\/en\/orgasm-shot-o-shot\/"]}]},{"@type":"BreadcrumbList","@id":"https:\/\/kibrisjinekoloji.com\/en\/orgasm-shot-o-shot\/#breadcrumb","itemListElement":[{"@type":"ListItem","position":1,"name":"Home","item":"https:\/\/kibrisjinekoloji.com\/"},{"@type":"ListItem","position":2,"name":"Orgasm Shot (O-Shot)"}]}]}},"_links":{"self":[{"href":"https:\/\/kibrisjinekoloji.com\/en\/wp-json\/wp\/v2\/pages\/2101"}],"collection":[{"href":"https:\/\/kibrisjinekoloji.com\/en\/wp-json\/wp\/v2\/pages"}],"about":[{"href":"https:\/\/kibrisjinekoloji.com\/en\/wp-json\/wp\/v2\/types\/page"}],"author":[{"embeddable":true,"href":"https:\/\/kibrisjinekoloji.com\/en\/wp-json\/wp\/v2\/users\/2"}],"replies":[{"embeddable":true,"href":"https:\/\/kibrisjinekoloji.com\/en\/wp-json\/wp\/v2\/comments?post=2101"}],"version-history":[{"count":1,"href":"https:\/\/kibrisjinekoloji.com\/en\/wp-json\/wp\/v2\/pages\/2101\/revisions"}],"predecessor-version":[{"id":2102,"href":"https:\/\/kibrisjinekoloji.com\/en\/wp-json\/wp\/v2\/pages\/2101\/revisions\/2102"}],"wp:attachment":[{"href":"https:\/\/kibrisjinekoloji.com\/en\/wp-json\/wp\/v2\/media?parent=2101"}],"curies":[{"name":"wp","href":"https:\/\/api.w.org\/{rel}","templated":true}]}}