{"id":1098,"date":"2021-02-15T20:04:48","date_gmt":"2021-02-15T20:04:48","guid":{"rendered":"https:\/\/kibrisjinekoloji.com\/?page_id=1098"},"modified":"2021-04-18T14:54:31","modified_gmt":"2021-04-18T14:54:31","slug":"%d0%ba%d0%be%d0%bd%d1%82%d0%b0%d0%ba%d1%82","status":"publish","type":"page","link":"https:\/\/kibrisjinekoloji.com\/ru\/%d0%ba%d0%be%d0%bd%d1%82%d0%b0%d0%ba%d1%82\/","title":{"rendered":"\u041a\u043e\u043d\u0442\u0430\u043a\u0442"},"content":{"rendered":"[vc_row css=&#187;.vc_custom_1587991687432{margin-bottom: 90px !important;}&#187;][vc_column][vc_gmaps link=&#187;#E-8_JTNDaWZyYW1lJTIwc3JjJTNEJTIyaHR0cHMlM0ElMkYlMkZ3d3cuZ29vZ2xlLmNvbSUyRm1hcHMlMkZlbWJlZCUzRnBiJTNEJTIxMW0xNCUyMTFtOCUyMTFtMyUyMTFkMzI2MC42ODQzMDg3NjE0MTElMjEyZDMzLjM1NjM2NyUyMTNkMzUuMTg5NDIwMSUyMTNtMiUyMTFpMTAyNCUyMTJpNzY4JTIxNGYxMy4xJTIxM20zJTIxMW0yJTIxMXMweDE0ZGUxNzMxMjVhN2E4ZTclMjUzQTB4YTAwNGI1Y2RkMjdkMDhhZSUyMTJ6UkdfRW4zWEZueUJVdzd4d0lFSmxZbVZySUUxbGNtdGxlbWslMjE1ZTAlMjEzbTIlMjExc3RyJTIxMnN0ciUyMTR2MTU4NjY0MDIyMzgyNiUyMTVtMiUyMTFzdHIlMjEyc3RyJTIyJTIwd2lkdGglM0QlMjI2MDAlMjIlMjBoZWlnaHQlM0QlMjI0NTAlMjIlMjBmcmFtZWJvcmRlciUzRCUyMjAlMjIlMjBzdHlsZSUzRCUyMmJvcmRlciUzQTAlM0IlMjIlMjBhbGxvd2Z1bGxzY3JlZW4lM0QlMjIlMjIlMjBhcmlhLWhpZGRlbiUzRCUyMmZhbHNlJTIyJTIwdGFiaW5kZXglM0QlMjIwJTIyJTNFJTNDJTJGaWZyYW1lJTNF&#187;][\/vc_column][\/vc_row]\n","protected":false},"excerpt":{"rendered":"<p>[vc_row css=&#187;.vc_custom_1587991687432{margin-bottom: 90px !important;}&#187;][vc_column][vc_gmaps link=&#187;#E-8_JTNDaWZyYW1lJTIwc3JjJTNEJTIyaHR0cHMlM0ElMkYlMkZ3d3cuZ29vZ2xlLmNvbSUyRm1hcHMlMkZlbWJlZCUzRnBiJTNEJTIxMW0xNCUyMTFtOCUyMTFtMyUyMTFkMzI2MC42ODQzMDg3NjE0MTElMjEyZDMzLjM1NjM2NyUyMTNkMzUuMTg5NDIwMSUyMTNtMiUyMTFpMTAyNCUyMTJpNzY4JTIxNGYxMy4xJTIxM20zJTIxMW0yJTIxMXMweDE0ZGUxNzMxMjVhN2E4ZTclMjUzQTB4YTAwNGI1Y2RkMjdkMDhhZSUyMTJ6UkdfRW4zWEZueUJVdzd4d0lFSmxZbVZySUUxbGNtdGxlbWslMjE1ZTAlMjEzbTIlMjExc3RyJTIxMnN0ciUyMTR2MTU4NjY0MDIyMzgyNiUyMTVtMiUyMTFzdHIlMjEyc3RyJTIyJTIwd2lkdGglM0QlMjI2MDAlMjIlMjBoZWlnaHQlM0QlMjI0NTAlMjIlMjBmcmFtZWJvcmRlciUzRCUyMjAlMjIlMjBzdHlsZSUzRCUyMmJvcmRlciUzQTAlM0IlMjIlMjBhbGxvd2Z1bGxzY3JlZW4lM0QlMjIlMjIlMjBhcmlhLWhpZGRlbiUzRCUyMmZhbHNlJTIyJTIwdGFiaW5kZXglM0QlMjIwJTIyJTNFJTNDJTJGaWZyYW1lJTNF&#187;][\/vc_column][\/vc_row]<\/p>\n","protected":false},"author":2,"featured_media":914,"parent":0,"menu_order":0,"comment_status":"closed","ping_status":"closed","template":"","meta":[],"yoast_head":"<!-- This site is optimized with the Yoast SEO plugin v16.9 - https:\/\/yoast.com\/wordpress\/plugins\/seo\/ -->\n<title>Do\u011fu\u015f Kad\u0131n Hastal\u0131klar\u0131, Do\u011fum ve T\u00fcp Bebek Merkezi \u0130leti\u015fim<\/title>\n<meta name=\"description\" content=\"Kad\u0131n Hastal\u0131klar\u0131, Genital Estetik, T\u00fcp Bebek ve T\u00fcm Jinekolojik Uygulamalar i\u00e7in Do\u011fu\u015f Hastanesine ula\u015fabilirsiniz.\" \/>\n<meta name=\"robots\" content=\"index, follow, max-snippet:-1, max-image-preview:large, max-video-preview:-1\" \/>\n<link rel=\"canonical\" href=\"https:\/\/kibrisjinekoloji.com\/ru\/iletisim\/\" \/>\n<meta property=\"og:locale\" content=\"ru_RU\" \/>\n<meta property=\"og:type\" content=\"article\" \/>\n<meta property=\"og:title\" content=\"Do\u011fu\u015f Kad\u0131n Hastal\u0131klar\u0131, Do\u011fum ve T\u00fcp Bebek Merkezi \u0130leti\u015fim\" \/>\n<meta property=\"og:description\" content=\"Kad\u0131n Hastal\u0131klar\u0131, Genital Estetik, T\u00fcp Bebek ve T\u00fcm Jinekolojik Uygulamalar i\u00e7in Do\u011fu\u015f Hastanesine ula\u015fabilirsiniz.\" \/>\n<meta property=\"og:url\" content=\"https:\/\/kibrisjinekoloji.com\/iletisim\/\" \/>\n<meta property=\"og:site_name\" content=\"kibrisjinekoloji.com\" \/>\n<meta property=\"article:modified_time\" content=\"2021-04-18T14:54:31+00:00\" \/>\n<meta property=\"og:image\" content=\"http:\/\/kibrisjinekoloji.com\/wp-content\/uploads\/2020\/04\/ileti\u015fim.jpg\" \/>\n\t<meta property=\"og:image:width\" content=\"1000\" \/>\n\t<meta property=\"og:image:height\" content=\"673\" \/>\n<meta name=\"twitter:card\" content=\"summary_large_image\" \/>\n<meta name=\"twitter:label1\" content=\"\u041f\u0440\u0438\u043c\u0435\u0440\u043d\u043e\u0435 \u0432\u0440\u0435\u043c\u044f \u0434\u043b\u044f \u0447\u0442\u0435\u043d\u0438\u044f\" \/>\n\t<meta name=\"twitter:data1\" content=\"1 \u043c\u0438\u043d\u0443\u0442\u0430\" \/>\n<script type=\"application\/ld+json\" class=\"yoast-schema-graph\">{\"@context\":\"https:\/\/schema.org\",\"@graph\":[{\"@type\":\"WebSite\",\"@id\":\"https:\/\/kibrisjinekoloji.com\/#website\",\"url\":\"https:\/\/kibrisjinekoloji.com\/\",\"name\":\"kibrisjinekoloji.com\",\"description\":\"K\\u0131br\\u0131s Kad\\u0131n Do\\u011fum, Genital Estetik ve T\\u00fcp Bebek Tedavileri\",\"potentialAction\":[{\"@type\":\"SearchAction\",\"target\":{\"@type\":\"EntryPoint\",\"urlTemplate\":\"https:\/\/kibrisjinekoloji.com\/?s={search_term_string}\"},\"query-input\":\"required name=search_term_string\"}],\"inLanguage\":\"ru-RU\"},{\"@type\":\"ImageObject\",\"@id\":\"https:\/\/kibrisjinekoloji.com\/iletisim\/#primaryimage\",\"inLanguage\":\"ru-RU\",\"url\":\"https:\/\/kibrisjinekoloji.com\/wp-content\/uploads\/2020\/04\/ileti\\u015fim.jpg\",\"contentUrl\":\"https:\/\/kibrisjinekoloji.com\/wp-content\/uploads\/2020\/04\/ileti\\u015fim.jpg\",\"width\":1000,\"height\":673},{\"@type\":\"WebPage\",\"@id\":\"https:\/\/kibrisjinekoloji.com\/iletisim\/#webpage\",\"url\":\"https:\/\/kibrisjinekoloji.com\/iletisim\/\",\"name\":\"Do\\u011fu\\u015f Kad\\u0131n Hastal\\u0131klar\\u0131, Do\\u011fum ve T\\u00fcp Bebek Merkezi \\u0130leti\\u015fim\",\"isPartOf\":{\"@id\":\"https:\/\/kibrisjinekoloji.com\/#website\"},\"primaryImageOfPage\":{\"@id\":\"https:\/\/kibrisjinekoloji.com\/iletisim\/#primaryimage\"},\"datePublished\":\"2021-02-15T20:04:48+00:00\",\"dateModified\":\"2021-04-18T14:54:31+00:00\",\"description\":\"Kad\\u0131n Hastal\\u0131klar\\u0131, Genital Estetik, T\\u00fcp Bebek ve T\\u00fcm Jinekolojik Uygulamalar i\\u00e7in Do\\u011fu\\u015f Hastanesine ula\\u015fabilirsiniz.\",\"breadcrumb\":{\"@id\":\"https:\/\/kibrisjinekoloji.com\/iletisim\/#breadcrumb\"},\"inLanguage\":\"ru-RU\",\"potentialAction\":[{\"@type\":\"ReadAction\",\"target\":[\"https:\/\/kibrisjinekoloji.com\/iletisim\/\"]}]},{\"@type\":\"BreadcrumbList\",\"@id\":\"https:\/\/kibrisjinekoloji.com\/iletisim\/#breadcrumb\",\"itemListElement\":[{\"@type\":\"ListItem\",\"position\":1,\"name\":\"Home\",\"item\":\"https:\/\/kibrisjinekoloji.com\/ru\/\"},{\"@type\":\"ListItem\",\"position\":2,\"name\":\"\\u041a\\u043e\\u043d\\u0442\\u0430\\u043a\\u0442\"}]}]}<\/script>\n<!-- \/ Yoast SEO plugin. -->","yoast_head_json":{"title":"Do\u011fu\u015f Kad\u0131n Hastal\u0131klar\u0131, Do\u011fum ve T\u00fcp Bebek Merkezi \u0130leti\u015fim","description":"Kad\u0131n Hastal\u0131klar\u0131, Genital Estetik, T\u00fcp Bebek ve T\u00fcm Jinekolojik Uygulamalar i\u00e7in Do\u011fu\u015f Hastanesine ula\u015fabilirsiniz.","robots":{"index":"index","follow":"follow","max-snippet":"max-snippet:-1","max-image-preview":"max-image-preview:large","max-video-preview":"max-video-preview:-1"},"canonical":"https:\/\/kibrisjinekoloji.com\/ru\/iletisim\/","og_locale":"ru_RU","og_type":"article","og_title":"Do\u011fu\u015f Kad\u0131n Hastal\u0131klar\u0131, Do\u011fum ve T\u00fcp Bebek Merkezi \u0130leti\u015fim","og_description":"Kad\u0131n Hastal\u0131klar\u0131, Genital Estetik, T\u00fcp Bebek ve T\u00fcm Jinekolojik Uygulamalar i\u00e7in Do\u011fu\u015f Hastanesine ula\u015fabilirsiniz.","og_url":"https:\/\/kibrisjinekoloji.com\/iletisim\/","og_site_name":"kibrisjinekoloji.com","article_modified_time":"2021-04-18T14:54:31+00:00","og_image":[{"width":1000,"height":673,"url":"http:\/\/kibrisjinekoloji.com\/wp-content\/uploads\/2020\/04\/ileti\u015fim.jpg","path":"\/home\/kibrisjinekoloji.com\/public_html\/wp-content\/uploads\/2020\/04\/ileti\u015fim.jpg","size":"full","id":914,"alt":"","pixels":673000,"type":"image\/jpeg"}],"twitter_card":"summary_large_image","twitter_misc":{"\u041f\u0440\u0438\u043c\u0435\u0440\u043d\u043e\u0435 \u0432\u0440\u0435\u043c\u044f \u0434\u043b\u044f \u0447\u0442\u0435\u043d\u0438\u044f":"1 \u043c\u0438\u043d\u0443\u0442\u0430"},"schema":{"@context":"https:\/\/schema.org","@graph":[{"@type":"WebSite","@id":"https:\/\/kibrisjinekoloji.com\/#website","url":"https:\/\/kibrisjinekoloji.com\/","name":"kibrisjinekoloji.com","description":"K\u0131br\u0131s Kad\u0131n Do\u011fum, Genital Estetik ve T\u00fcp Bebek Tedavileri","potentialAction":[{"@type":"SearchAction","target":{"@type":"EntryPoint","urlTemplate":"https:\/\/kibrisjinekoloji.com\/?s={search_term_string}"},"query-input":"required name=search_term_string"}],"inLanguage":"ru-RU"},{"@type":"ImageObject","@id":"https:\/\/kibrisjinekoloji.com\/iletisim\/#primaryimage","inLanguage":"ru-RU","url":"https:\/\/kibrisjinekoloji.com\/wp-content\/uploads\/2020\/04\/ileti\u015fim.jpg","contentUrl":"https:\/\/kibrisjinekoloji.com\/wp-content\/uploads\/2020\/04\/ileti\u015fim.jpg","width":1000,"height":673},{"@type":"WebPage","@id":"https:\/\/kibrisjinekoloji.com\/iletisim\/#webpage","url":"https:\/\/kibrisjinekoloji.com\/iletisim\/","name":"Do\u011fu\u015f Kad\u0131n Hastal\u0131klar\u0131, Do\u011fum ve T\u00fcp Bebek Merkezi \u0130leti\u015fim","isPartOf":{"@id":"https:\/\/kibrisjinekoloji.com\/#website"},"primaryImageOfPage":{"@id":"https:\/\/kibrisjinekoloji.com\/iletisim\/#primaryimage"},"datePublished":"2021-02-15T20:04:48+00:00","dateModified":"2021-04-18T14:54:31+00:00","description":"Kad\u0131n Hastal\u0131klar\u0131, Genital Estetik, T\u00fcp Bebek ve T\u00fcm Jinekolojik Uygulamalar i\u00e7in Do\u011fu\u015f Hastanesine ula\u015fabilirsiniz.","breadcrumb":{"@id":"https:\/\/kibrisjinekoloji.com\/iletisim\/#breadcrumb"},"inLanguage":"ru-RU","potentialAction":[{"@type":"ReadAction","target":["https:\/\/kibrisjinekoloji.com\/iletisim\/"]}]},{"@type":"BreadcrumbList","@id":"https:\/\/kibrisjinekoloji.com\/iletisim\/#breadcrumb","itemListElement":[{"@type":"ListItem","position":1,"name":"Home","item":"https:\/\/kibrisjinekoloji.com\/ru\/"},{"@type":"ListItem","position":2,"name":"\u041a\u043e\u043d\u0442\u0430\u043a\u0442"}]}]}},"_links":{"self":[{"href":"https:\/\/kibrisjinekoloji.com\/ru\/wp-json\/wp\/v2\/pages\/1098"}],"collection":[{"href":"https:\/\/kibrisjinekoloji.com\/ru\/wp-json\/wp\/v2\/pages"}],"about":[{"href":"https:\/\/kibrisjinekoloji.com\/ru\/wp-json\/wp\/v2\/types\/page"}],"author":[{"embeddable":true,"href":"https:\/\/kibrisjinekoloji.com\/ru\/wp-json\/wp\/v2\/users\/2"}],"replies":[{"embeddable":true,"href":"https:\/\/kibrisjinekoloji.com\/ru\/wp-json\/wp\/v2\/comments?post=1098"}],"version-history":[{"count":0,"href":"https:\/\/kibrisjinekoloji.com\/ru\/wp-json\/wp\/v2\/pages\/1098\/revisions"}],"wp:featuredmedia":[{"embeddable":true,"href":"https:\/\/kibrisjinekoloji.com\/ru\/wp-json\/wp\/v2\/media\/914"}],"wp:attachment":[{"href":"https:\/\/kibrisjinekoloji.com\/ru\/wp-json\/wp\/v2\/media?parent=1098"}],"curies":[{"name":"wp","href":"https:\/\/api.w.org\/{rel}","templated":true}]}}