{"id":992,"date":"2021-02-12T18:20:08","date_gmt":"2021-02-12T18:20:08","guid":{"rendered":"https:\/\/kibrisjinekoloji.com\/?page_id=992"},"modified":"2021-02-17T08:58:45","modified_gmt":"2021-02-17T08:58:45","slug":"%d0%bd%d0%b0%d1%88-%d1%86%d0%b5%d0%bd%d1%82%d1%80","status":"publish","type":"page","link":"https:\/\/kibrisjinekoloji.com\/ru\/%d0%bd%d0%b0%d1%88-%d1%86%d0%b5%d0%bd%d1%82%d1%80\/","title":{"rendered":"\u041d\u0430\u0448 \u0446\u0435\u043d\u0442\u0440"},"content":{"rendered":"<p>\u0411\u043e\u043b\u044c\u043d\u0438\u0446\u0430 \u0413\u0438\u043d\u0435\u043a\u043e\u043b\u043e\u0433\u0438\u0438 \u0438 \u0410\u043a\u0443\u0448\u0435\u0440\u0441\u0442\u0432\u0430 \u0414\u043e\u0433\u0443\u0448 \u044f\u0432\u043b\u044f\u0435\u0442\u0441\u044f \u043e\u0434\u043d\u043e\u0439 \u0438\u0437 \u043e\u043f\u044b\u0442\u043d\u044b\u0445 \u0441\u043f\u0435\u0446\u0438\u0430\u043b\u0438\u0437\u0438\u0440\u043e\u0432\u0430\u043d\u043d\u044b\u0445 \u0431\u043e\u043b\u044c\u043d\u0438\u0446, \u043e\u0441\u0443\u0449\u0435\u0441\u0442\u0432\u043b\u044f\u044e\u0449\u0438\u0445 \u0441\u0432\u043e\u044e \u0434\u0435\u044f\u0442\u0435\u043b\u044c\u043d\u043e\u0441\u0442\u044c \u0432 \u041d\u0438\u043a\u043e\u0441\u0438\u0438. \u041d\u0430\u0448 \u0446\u0435\u043d\u0442\u0440, \u0440\u0430\u0431\u043e\u0442\u0430\u044e\u0449\u0438\u0439 \u043f\u043e\u0434 \u0440\u0443\u043a\u043e\u0432\u043e\u0434\u0441\u0442\u0432\u043e\u043c \u0433\u0438\u043d. \u0432\u0440\u0430\u0447\u0430-\u0445\u0438\u0440. \u0428\u0435\u0432\u043a\u0435\u0442 \u0410\u043b\u044c\u043f\u0442\u044e\u0440\u043a \u0441\u0442\u0440\u0435\u043c\u0438\u0442\u0441\u044f \u0438\u043d\u0444\u043e\u0440\u043c\u0438\u0440\u043e\u0432\u0430\u0442\u044c \u043f\u0430\u0446\u0438\u0435\u043d\u0442\u043e\u0432 \u043f\u043e \u0432\u043e\u043f\u0440\u043e\u0441\u0430\u043c \u043d\u0430 \u0442\u0435\u043c\u0443 <strong>\u0430\u043a\u0443\u0448\u0435\u0440\u0441\u0442\u0432\u0430, \u044d\u0441\u0442\u0435\u0442\u0438\u043a\u0438 \u0433\u0435\u043d\u0438\u0442\u0430\u043b\u0438\u0439, \u0440\u0435\u043f\u0440\u043e\u0434\u0443\u043a\u0442\u0438\u0432\u043d\u043e\u043c\u0443 \u0437\u0434\u043e\u0440\u043e\u0432\u044c\u044e \u0438 \u0433\u0435\u043d\u0435\u0442\u0438\u043a\u0435<\/strong>, \u0438\u0441\u043f\u043e\u043b\u044c\u0437\u043e\u0432\u0430\u0442\u044c \u043c\u0430\u043a\u0441\u0438\u043c\u0430\u043b\u044c\u043d\u043e \u044d\u0444\u0444\u0435\u043a\u0442\u0438\u0432\u043d\u043e \u0432\u0441\u0435 \u0442\u0435\u0445\u043d\u043e\u043b\u043e\u0433\u0438\u0447\u0435\u0441\u043a\u0438\u0435 \u0432\u043e\u0437\u043c\u043e\u0436\u043d\u043e\u0441\u0442\u0438, \u0441\u043e\u0437\u0434\u0430\u0432\u0430\u0442\u044c \u0432\u044b\u0441\u043e\u043a\u043e\u043a\u0432\u0430\u043b\u0438\u0444\u0438\u0446\u0438\u0440\u043e\u0432\u0430\u043d\u043d\u044b\u0435 \u043a\u043b\u0438\u043d\u0438\u0447\u0435\u0441\u043a\u0438\u0435 \u0438 \u043b\u0430\u0431\u043e\u0440\u0430\u0442\u043e\u0440\u043d\u044b\u0435 \u043a\u043e\u043c\u0430\u043d\u0434\u044b, \u0434\u043e\u0441\u0442\u0438\u0433\u0430\u0442\u044c \u043d\u0430\u0438\u0432\u044b\u0441\u0448\u0438\u0445 \u043f\u043e\u043a\u0430\u0437\u0430\u0442\u0435\u043b\u0435\u0439 \u0443\u0441\u043f\u0435\u0448\u043d\u043e\u0441\u0442\u0438 \u0432 \u043f\u0440\u043e\u0432\u043e\u0434\u0438\u043c\u044b\u0445 \u043f\u0440\u043e\u0446\u0435\u0434\u0443\u0440\u0430\u0445 \u0438 \u0441\u043e\u0445\u0440\u0430\u043d\u044f\u0442\u044c \u0443\u0434\u043e\u0432\u043b\u0435\u0442\u0432\u043e\u0440\u0435\u043d\u043d\u043e\u0441\u0442\u044c \u043f\u0430\u0446\u0438\u0435\u043d\u0442\u043e\u0432 \u043d\u0430 \u0441\u0430\u043c\u043e\u043c \u0432\u044b\u0441\u043e\u043a\u043e\u043c \u0443\u0440\u043e\u0432\u043d\u0435.<\/p>\n<p><img class=\"alignnone wp-image-691 \" src=\"http:\/\/kibrisjinekoloji.com\/wp-content\/uploads\/2020\/04\/dogus1-300x225.jpg\" alt=\"Do\u011fu\u015f Hastanesi Oturma Alan\u0131\" width=\"256\" height=\"192\" \/>\u00a0 <img class=\"alignnone wp-image-693\" src=\"http:\/\/kibrisjinekoloji.com\/wp-content\/uploads\/2020\/04\/dogus3-300x225.jpg\" alt=\"Do\u011fu\u015f Hastanesi Bekleme Salonu\" width=\"256\" height=\"192\" \/> <img class=\"alignnone wp-image-690\" src=\"http:\/\/kibrisjinekoloji.com\/wp-content\/uploads\/2020\/04\/dogus6-300x225.jpg\" alt=\"Do\u011fu\u015f Hastanesi Bekleme Salonu\" width=\"256\" height=\"192\" \/><\/p>\n","protected":false},"excerpt":{"rendered":"<p>\u0411\u043e\u043b\u044c\u043d\u0438\u0446\u0430 \u0413\u0438\u043d\u0435\u043a\u043e\u043b\u043e\u0433\u0438\u0438 \u0438 \u0410\u043a\u0443\u0448\u0435\u0440\u0441\u0442\u0432\u0430 \u0414\u043e\u0433\u0443\u0448 \u044f\u0432\u043b\u044f\u0435\u0442\u0441\u044f \u043e\u0434\u043d\u043e\u0439 \u0438\u0437 \u043e\u043f\u044b\u0442\u043d\u044b\u0445 \u0441\u043f\u0435\u0446\u0438\u0430\u043b\u0438\u0437\u0438\u0440\u043e\u0432\u0430\u043d\u043d\u044b\u0445 \u0431\u043e\u043b\u044c\u043d\u0438\u0446, \u043e\u0441\u0443\u0449\u0435\u0441\u0442\u0432\u043b\u044f\u044e\u0449\u0438\u0445 \u0441\u0432\u043e\u044e \u0434\u0435\u044f\u0442\u0435\u043b\u044c\u043d\u043e\u0441\u0442\u044c \u0432 \u041d\u0438\u043a\u043e\u0441\u0438\u0438. \u041d\u0430\u0448 \u0446\u0435\u043d\u0442\u0440, \u0440\u0430\u0431\u043e\u0442\u0430\u044e\u0449\u0438\u0439 \u043f\u043e\u0434 \u0440\u0443\u043a\u043e\u0432\u043e\u0434\u0441\u0442\u0432\u043e\u043c \u0433\u0438\u043d. \u0432\u0440\u0430\u0447\u0430-\u0445\u0438\u0440. \u0428\u0435\u0432\u043a\u0435\u0442 \u0410\u043b\u044c\u043f\u0442\u044e\u0440\u043a \u0441\u0442\u0440\u0435\u043c\u0438\u0442\u0441\u044f \u0438\u043d\u0444\u043e\u0440\u043c\u0438\u0440\u043e\u0432\u0430\u0442\u044c \u043f\u0430\u0446\u0438\u0435\u043d\u0442\u043e\u0432 \u043f\u043e \u0432\u043e\u043f\u0440\u043e\u0441\u0430\u043c \u043d\u0430 \u0442\u0435\u043c\u0443 \u0430\u043a\u0443\u0448\u0435\u0440\u0441\u0442\u0432\u0430, \u044d\u0441\u0442\u0435\u0442\u0438\u043a\u0438 \u0433\u0435\u043d\u0438\u0442\u0430\u043b\u0438\u0439, \u0440\u0435\u043f\u0440\u043e\u0434\u0443\u043a\u0442\u0438\u0432\u043d\u043e\u043c\u0443 \u0437\u0434\u043e\u0440\u043e\u0432\u044c\u044e \u0438 \u0433\u0435\u043d\u0435\u0442\u0438\u043a\u0435, \u0438\u0441\u043f\u043e\u043b\u044c\u0437\u043e\u0432\u0430\u0442\u044c&hellip;<\/p>\n","protected":false},"author":2,"featured_media":912,"parent":0,"menu_order":0,"comment_status":"closed","ping_status":"closed","template":"","meta":[],"yoast_head":"<!-- This site is optimized with the Yoast SEO plugin v16.9 - https:\/\/yoast.com\/wordpress\/plugins\/seo\/ -->\n<title>\u0413\u043e\u0441\u043f\u0438\u0442\u0430\u043b\u044c \u0414\u043e\u0433\u0443\u0441 | \u0413\u0438\u043d\u0435\u043a\u043e\u043b\u043e\u0433\u0438\u044f | \u0413\u0435\u043d\u0438\u0442\u0430\u043b\u044c\u043d\u0430\u044f \u044d\u0441\u0442\u0435\u0442\u0438\u043a\u0430 | \u042d\u041a\u041e<\/title>\n<meta name=\"description\" content=\"\u0411\u043e\u043b\u044c\u043d\u0438\u0446\u0430 \u0414\u043e\u0433\u0443\u0448 \u043f\u0440\u0435\u0434\u043e\u0441\u0442\u0430\u0432\u043b\u044f\u0435\u0442 \u0443\u0441\u043b\u0443\u0433\u0438 \u0430\u043a\u0443\u0448\u0435\u0440\u0441\u0442\u0432\u0430, \u044d\u0441\u0442\u0435\u0442\u0438\u043a\u0438 \u0433\u0435\u043d\u0438\u0442\u0430\u043b\u0438\u0439, \u0440\u0435\u043f\u0440\u043e\u0434\u0443\u043a\u0442\u0438\u0432\u043d\u043e\u0433\u043e \u0437\u0434\u043e\u0440\u043e\u0432\u044c\u044f, \u0431\u0435\u0441\u043f\u043b\u043e\u0434\u0438\u044f, \u042d\u041a\u041e \u0438 \u043b\u0430\u0431\u043e\u0440\u0430\u0442\u043e\u0440\u043d\u044b\u0445 \u0438\u0441\u0441\u043b\u0435\u0434\u043e\u0432\u0430\u043d\u0438\u0439.\" \/>\n<meta name=\"robots\" content=\"index, follow, max-snippet:-1, max-image-preview:large, max-video-preview:-1\" \/>\n<link rel=\"canonical\" href=\"https:\/\/kibrisjinekoloji.com\/ru\/\u043d\u0430\u0448-\u0446\u0435\u043d\u0442\u0440\/\" \/>\n<meta property=\"og:locale\" content=\"ru_RU\" \/>\n<meta property=\"og:type\" content=\"article\" \/>\n<meta property=\"og:title\" content=\"\u0413\u043e\u0441\u043f\u0438\u0442\u0430\u043b\u044c \u0414\u043e\u0433\u0443\u0441 | \u0413\u0438\u043d\u0435\u043a\u043e\u043b\u043e\u0433\u0438\u044f | \u0413\u0435\u043d\u0438\u0442\u0430\u043b\u044c\u043d\u0430\u044f \u044d\u0441\u0442\u0435\u0442\u0438\u043a\u0430 | \u042d\u041a\u041e\" \/>\n<meta property=\"og:description\" content=\"\u0411\u043e\u043b\u044c\u043d\u0438\u0446\u0430 \u0414\u043e\u0433\u0443\u0448 \u043f\u0440\u0435\u0434\u043e\u0441\u0442\u0430\u0432\u043b\u044f\u0435\u0442 \u0443\u0441\u043b\u0443\u0433\u0438 \u0430\u043a\u0443\u0448\u0435\u0440\u0441\u0442\u0432\u0430, \u044d\u0441\u0442\u0435\u0442\u0438\u043a\u0438 \u0433\u0435\u043d\u0438\u0442\u0430\u043b\u0438\u0439, \u0440\u0435\u043f\u0440\u043e\u0434\u0443\u043a\u0442\u0438\u0432\u043d\u043e\u0433\u043e \u0437\u0434\u043e\u0440\u043e\u0432\u044c\u044f, \u0431\u0435\u0441\u043f\u043b\u043e\u0434\u0438\u044f, \u042d\u041a\u041e \u0438 \u043b\u0430\u0431\u043e\u0440\u0430\u0442\u043e\u0440\u043d\u044b\u0445 \u0438\u0441\u0441\u043b\u0435\u0434\u043e\u0432\u0430\u043d\u0438\u0439.\" \/>\n<meta property=\"og:url\" content=\"https:\/\/kibrisjinekoloji.com\/ru\/\u043d\u0430\u0448-\u0446\u0435\u043d\u0442\u0440\/\" \/>\n<meta property=\"og:site_name\" content=\"kibrisjinekoloji.com\" \/>\n<meta property=\"article:modified_time\" content=\"2021-02-17T08:58:45+00:00\" \/>\n<meta property=\"og:image\" content=\"http:\/\/kibrisjinekoloji.com\/wp-content\/uploads\/2020\/04\/Do\u011fu\u015f-Hastanesi-scaled.jpg\" \/>\n\t<meta property=\"og:image:width\" content=\"2560\" \/>\n\t<meta property=\"og:image:height\" content=\"2240\" \/>\n<meta name=\"twitter:card\" content=\"summary_large_image\" \/>\n<meta name=\"twitter:label1\" content=\"\u041f\u0440\u0438\u043c\u0435\u0440\u043d\u043e\u0435 \u0432\u0440\u0435\u043c\u044f \u0434\u043b\u044f \u0447\u0442\u0435\u043d\u0438\u044f\" \/>\n\t<meta name=\"twitter:data1\" content=\"1 \u043c\u0438\u043d\u0443\u0442\u0430\" \/>\n<script type=\"application\/ld+json\" class=\"yoast-schema-graph\">{\"@context\":\"https:\/\/schema.org\",\"@graph\":[{\"@type\":\"WebSite\",\"@id\":\"https:\/\/kibrisjinekoloji.com\/#website\",\"url\":\"https:\/\/kibrisjinekoloji.com\/\",\"name\":\"kibrisjinekoloji.com\",\"description\":\"K\\u0131br\\u0131s Kad\\u0131n Do\\u011fum, Genital Estetik ve T\\u00fcp Bebek Tedavileri\",\"potentialAction\":[{\"@type\":\"SearchAction\",\"target\":{\"@type\":\"EntryPoint\",\"urlTemplate\":\"https:\/\/kibrisjinekoloji.com\/?s={search_term_string}\"},\"query-input\":\"required name=search_term_string\"}],\"inLanguage\":\"ru-RU\"},{\"@type\":\"ImageObject\",\"@id\":\"https:\/\/kibrisjinekoloji.com\/ru\/%d0%bd%d0%b0%d1%88-%d1%86%d0%b5%d0%bd%d1%82%d1%80\/#primaryimage\",\"inLanguage\":\"ru-RU\",\"url\":\"https:\/\/kibrisjinekoloji.com\/wp-content\/uploads\/2020\/04\/Do\\u011fu\\u015f-Hastanesi-scaled.jpg\",\"contentUrl\":\"https:\/\/kibrisjinekoloji.com\/wp-content\/uploads\/2020\/04\/Do\\u011fu\\u015f-Hastanesi-scaled.jpg\",\"width\":2560,\"height\":2240,\"caption\":\"\\u0413\\u043e\\u0441\\u043f\\u0438\\u0442\\u0430\\u043b\\u044c \\u0414\\u043e\\u0433\\u0443\\u0441\"},{\"@type\":\"WebPage\",\"@id\":\"https:\/\/kibrisjinekoloji.com\/ru\/%d0%bd%d0%b0%d1%88-%d1%86%d0%b5%d0%bd%d1%82%d1%80\/#webpage\",\"url\":\"https:\/\/kibrisjinekoloji.com\/ru\/%d0%bd%d0%b0%d1%88-%d1%86%d0%b5%d0%bd%d1%82%d1%80\/\",\"name\":\"\\u0413\\u043e\\u0441\\u043f\\u0438\\u0442\\u0430\\u043b\\u044c \\u0414\\u043e\\u0433\\u0443\\u0441 | \\u0413\\u0438\\u043d\\u0435\\u043a\\u043e\\u043b\\u043e\\u0433\\u0438\\u044f | \\u0413\\u0435\\u043d\\u0438\\u0442\\u0430\\u043b\\u044c\\u043d\\u0430\\u044f \\u044d\\u0441\\u0442\\u0435\\u0442\\u0438\\u043a\\u0430 | \\u042d\\u041a\\u041e\",\"isPartOf\":{\"@id\":\"https:\/\/kibrisjinekoloji.com\/#website\"},\"primaryImageOfPage\":{\"@id\":\"https:\/\/kibrisjinekoloji.com\/ru\/%d0%bd%d0%b0%d1%88-%d1%86%d0%b5%d0%bd%d1%82%d1%80\/#primaryimage\"},\"datePublished\":\"2021-02-12T18:20:08+00:00\",\"dateModified\":\"2021-02-17T08:58:45+00:00\",\"description\":\"\\u0411\\u043e\\u043b\\u044c\\u043d\\u0438\\u0446\\u0430 \\u0414\\u043e\\u0433\\u0443\\u0448 \\u043f\\u0440\\u0435\\u0434\\u043e\\u0441\\u0442\\u0430\\u0432\\u043b\\u044f\\u0435\\u0442 \\u0443\\u0441\\u043b\\u0443\\u0433\\u0438 \\u0430\\u043a\\u0443\\u0448\\u0435\\u0440\\u0441\\u0442\\u0432\\u0430, \\u044d\\u0441\\u0442\\u0435\\u0442\\u0438\\u043a\\u0438 \\u0433\\u0435\\u043d\\u0438\\u0442\\u0430\\u043b\\u0438\\u0439, \\u0440\\u0435\\u043f\\u0440\\u043e\\u0434\\u0443\\u043a\\u0442\\u0438\\u0432\\u043d\\u043e\\u0433\\u043e \\u0437\\u0434\\u043e\\u0440\\u043e\\u0432\\u044c\\u044f, \\u0431\\u0435\\u0441\\u043f\\u043b\\u043e\\u0434\\u0438\\u044f, \\u042d\\u041a\\u041e \\u0438 \\u043b\\u0430\\u0431\\u043e\\u0440\\u0430\\u0442\\u043e\\u0440\\u043d\\u044b\\u0445 \\u0438\\u0441\\u0441\\u043b\\u0435\\u0434\\u043e\\u0432\\u0430\\u043d\\u0438\\u0439.\",\"breadcrumb\":{\"@id\":\"https:\/\/kibrisjinekoloji.com\/ru\/%d0%bd%d0%b0%d1%88-%d1%86%d0%b5%d0%bd%d1%82%d1%80\/#breadcrumb\"},\"inLanguage\":\"ru-RU\",\"potentialAction\":[{\"@type\":\"ReadAction\",\"target\":[\"https:\/\/kibrisjinekoloji.com\/ru\/%d0%bd%d0%b0%d1%88-%d1%86%d0%b5%d0%bd%d1%82%d1%80\/\"]}]},{\"@type\":\"BreadcrumbList\",\"@id\":\"https:\/\/kibrisjinekoloji.com\/ru\/%d0%bd%d0%b0%d1%88-%d1%86%d0%b5%d0%bd%d1%82%d1%80\/#breadcrumb\",\"itemListElement\":[{\"@type\":\"ListItem\",\"position\":1,\"name\":\"Home\",\"item\":\"https:\/\/kibrisjinekoloji.com\/ru\/\"},{\"@type\":\"ListItem\",\"position\":2,\"name\":\"\\u041d\\u0430\\u0448 \\u0446\\u0435\\u043d\\u0442\\u0440\"}]}]}<\/script>\n<!-- \/ Yoast SEO plugin. -->","yoast_head_json":{"title":"\u0413\u043e\u0441\u043f\u0438\u0442\u0430\u043b\u044c \u0414\u043e\u0433\u0443\u0441 | \u0413\u0438\u043d\u0435\u043a\u043e\u043b\u043e\u0433\u0438\u044f | \u0413\u0435\u043d\u0438\u0442\u0430\u043b\u044c\u043d\u0430\u044f \u044d\u0441\u0442\u0435\u0442\u0438\u043a\u0430 | \u042d\u041a\u041e","description":"\u0411\u043e\u043b\u044c\u043d\u0438\u0446\u0430 \u0414\u043e\u0433\u0443\u0448 \u043f\u0440\u0435\u0434\u043e\u0441\u0442\u0430\u0432\u043b\u044f\u0435\u0442 \u0443\u0441\u043b\u0443\u0433\u0438 \u0430\u043a\u0443\u0448\u0435\u0440\u0441\u0442\u0432\u0430, \u044d\u0441\u0442\u0435\u0442\u0438\u043a\u0438 \u0433\u0435\u043d\u0438\u0442\u0430\u043b\u0438\u0439, \u0440\u0435\u043f\u0440\u043e\u0434\u0443\u043a\u0442\u0438\u0432\u043d\u043e\u0433\u043e \u0437\u0434\u043e\u0440\u043e\u0432\u044c\u044f, \u0431\u0435\u0441\u043f\u043b\u043e\u0434\u0438\u044f, \u042d\u041a\u041e \u0438 \u043b\u0430\u0431\u043e\u0440\u0430\u0442\u043e\u0440\u043d\u044b\u0445 \u0438\u0441\u0441\u043b\u0435\u0434\u043e\u0432\u0430\u043d\u0438\u0439.","robots":{"index":"index","follow":"follow","max-snippet":"max-snippet:-1","max-image-preview":"max-image-preview:large","max-video-preview":"max-video-preview:-1"},"canonical":"https:\/\/kibrisjinekoloji.com\/ru\/\u043d\u0430\u0448-\u0446\u0435\u043d\u0442\u0440\/","og_locale":"ru_RU","og_type":"article","og_title":"\u0413\u043e\u0441\u043f\u0438\u0442\u0430\u043b\u044c \u0414\u043e\u0433\u0443\u0441 | \u0413\u0438\u043d\u0435\u043a\u043e\u043b\u043e\u0433\u0438\u044f | \u0413\u0435\u043d\u0438\u0442\u0430\u043b\u044c\u043d\u0430\u044f \u044d\u0441\u0442\u0435\u0442\u0438\u043a\u0430 | \u042d\u041a\u041e","og_description":"\u0411\u043e\u043b\u044c\u043d\u0438\u0446\u0430 \u0414\u043e\u0433\u0443\u0448 \u043f\u0440\u0435\u0434\u043e\u0441\u0442\u0430\u0432\u043b\u044f\u0435\u0442 \u0443\u0441\u043b\u0443\u0433\u0438 \u0430\u043a\u0443\u0448\u0435\u0440\u0441\u0442\u0432\u0430, \u044d\u0441\u0442\u0435\u0442\u0438\u043a\u0438 \u0433\u0435\u043d\u0438\u0442\u0430\u043b\u0438\u0439, \u0440\u0435\u043f\u0440\u043e\u0434\u0443\u043a\u0442\u0438\u0432\u043d\u043e\u0433\u043e \u0437\u0434\u043e\u0440\u043e\u0432\u044c\u044f, \u0431\u0435\u0441\u043f\u043b\u043e\u0434\u0438\u044f, \u042d\u041a\u041e \u0438 \u043b\u0430\u0431\u043e\u0440\u0430\u0442\u043e\u0440\u043d\u044b\u0445 \u0438\u0441\u0441\u043b\u0435\u0434\u043e\u0432\u0430\u043d\u0438\u0439.","og_url":"https:\/\/kibrisjinekoloji.com\/ru\/\u043d\u0430\u0448-\u0446\u0435\u043d\u0442\u0440\/","og_site_name":"kibrisjinekoloji.com","article_modified_time":"2021-02-17T08:58:45+00:00","og_image":[{"width":2560,"height":2240,"url":"http:\/\/kibrisjinekoloji.com\/wp-content\/uploads\/2020\/04\/Do\u011fu\u015f-Hastanesi-scaled.jpg","path":"\/home\/kibrisjinekoloji.com\/public_html\/wp-content\/uploads\/2020\/04\/Do\u011fu\u015f-Hastanesi-scaled.jpg","size":"full","id":912,"alt":"\u0413\u043e\u0441\u043f\u0438\u0442\u0430\u043b\u044c \u0414\u043e\u0433\u0443\u0441","pixels":5734400,"type":"image\/jpeg"}],"twitter_card":"summary_large_image","twitter_misc":{"\u041f\u0440\u0438\u043c\u0435\u0440\u043d\u043e\u0435 \u0432\u0440\u0435\u043c\u044f \u0434\u043b\u044f \u0447\u0442\u0435\u043d\u0438\u044f":"1 \u043c\u0438\u043d\u0443\u0442\u0430"},"schema":{"@context":"https:\/\/schema.org","@graph":[{"@type":"WebSite","@id":"https:\/\/kibrisjinekoloji.com\/#website","url":"https:\/\/kibrisjinekoloji.com\/","name":"kibrisjinekoloji.com","description":"K\u0131br\u0131s Kad\u0131n Do\u011fum, Genital Estetik ve T\u00fcp Bebek Tedavileri","potentialAction":[{"@type":"SearchAction","target":{"@type":"EntryPoint","urlTemplate":"https:\/\/kibrisjinekoloji.com\/?s={search_term_string}"},"query-input":"required name=search_term_string"}],"inLanguage":"ru-RU"},{"@type":"ImageObject","@id":"https:\/\/kibrisjinekoloji.com\/ru\/%d0%bd%d0%b0%d1%88-%d1%86%d0%b5%d0%bd%d1%82%d1%80\/#primaryimage","inLanguage":"ru-RU","url":"https:\/\/kibrisjinekoloji.com\/wp-content\/uploads\/2020\/04\/Do\u011fu\u015f-Hastanesi-scaled.jpg","contentUrl":"https:\/\/kibrisjinekoloji.com\/wp-content\/uploads\/2020\/04\/Do\u011fu\u015f-Hastanesi-scaled.jpg","width":2560,"height":2240,"caption":"\u0413\u043e\u0441\u043f\u0438\u0442\u0430\u043b\u044c \u0414\u043e\u0433\u0443\u0441"},{"@type":"WebPage","@id":"https:\/\/kibrisjinekoloji.com\/ru\/%d0%bd%d0%b0%d1%88-%d1%86%d0%b5%d0%bd%d1%82%d1%80\/#webpage","url":"https:\/\/kibrisjinekoloji.com\/ru\/%d0%bd%d0%b0%d1%88-%d1%86%d0%b5%d0%bd%d1%82%d1%80\/","name":"\u0413\u043e\u0441\u043f\u0438\u0442\u0430\u043b\u044c \u0414\u043e\u0433\u0443\u0441 | \u0413\u0438\u043d\u0435\u043a\u043e\u043b\u043e\u0433\u0438\u044f | \u0413\u0435\u043d\u0438\u0442\u0430\u043b\u044c\u043d\u0430\u044f \u044d\u0441\u0442\u0435\u0442\u0438\u043a\u0430 | \u042d\u041a\u041e","isPartOf":{"@id":"https:\/\/kibrisjinekoloji.com\/#website"},"primaryImageOfPage":{"@id":"https:\/\/kibrisjinekoloji.com\/ru\/%d0%bd%d0%b0%d1%88-%d1%86%d0%b5%d0%bd%d1%82%d1%80\/#primaryimage"},"datePublished":"2021-02-12T18:20:08+00:00","dateModified":"2021-02-17T08:58:45+00:00","description":"\u0411\u043e\u043b\u044c\u043d\u0438\u0446\u0430 \u0414\u043e\u0433\u0443\u0448 \u043f\u0440\u0435\u0434\u043e\u0441\u0442\u0430\u0432\u043b\u044f\u0435\u0442 \u0443\u0441\u043b\u0443\u0433\u0438 \u0430\u043a\u0443\u0448\u0435\u0440\u0441\u0442\u0432\u0430, \u044d\u0441\u0442\u0435\u0442\u0438\u043a\u0438 \u0433\u0435\u043d\u0438\u0442\u0430\u043b\u0438\u0439, \u0440\u0435\u043f\u0440\u043e\u0434\u0443\u043a\u0442\u0438\u0432\u043d\u043e\u0433\u043e \u0437\u0434\u043e\u0440\u043e\u0432\u044c\u044f, \u0431\u0435\u0441\u043f\u043b\u043e\u0434\u0438\u044f, \u042d\u041a\u041e \u0438 \u043b\u0430\u0431\u043e\u0440\u0430\u0442\u043e\u0440\u043d\u044b\u0445 \u0438\u0441\u0441\u043b\u0435\u0434\u043e\u0432\u0430\u043d\u0438\u0439.","breadcrumb":{"@id":"https:\/\/kibrisjinekoloji.com\/ru\/%d0%bd%d0%b0%d1%88-%d1%86%d0%b5%d0%bd%d1%82%d1%80\/#breadcrumb"},"inLanguage":"ru-RU","potentialAction":[{"@type":"ReadAction","target":["https:\/\/kibrisjinekoloji.com\/ru\/%d0%bd%d0%b0%d1%88-%d1%86%d0%b5%d0%bd%d1%82%d1%80\/"]}]},{"@type":"BreadcrumbList","@id":"https:\/\/kibrisjinekoloji.com\/ru\/%d0%bd%d0%b0%d1%88-%d1%86%d0%b5%d0%bd%d1%82%d1%80\/#breadcrumb","itemListElement":[{"@type":"ListItem","position":1,"name":"Home","item":"https:\/\/kibrisjinekoloji.com\/ru\/"},{"@type":"ListItem","position":2,"name":"\u041d\u0430\u0448 \u0446\u0435\u043d\u0442\u0440"}]}]}},"_links":{"self":[{"href":"https:\/\/kibrisjinekoloji.com\/ru\/wp-json\/wp\/v2\/pages\/992"}],"collection":[{"href":"https:\/\/kibrisjinekoloji.com\/ru\/wp-json\/wp\/v2\/pages"}],"about":[{"href":"https:\/\/kibrisjinekoloji.com\/ru\/wp-json\/wp\/v2\/types\/page"}],"author":[{"embeddable":true,"href":"https:\/\/kibrisjinekoloji.com\/ru\/wp-json\/wp\/v2\/users\/2"}],"replies":[{"embeddable":true,"href":"https:\/\/kibrisjinekoloji.com\/ru\/wp-json\/wp\/v2\/comments?post=992"}],"version-history":[{"count":1,"href":"https:\/\/kibrisjinekoloji.com\/ru\/wp-json\/wp\/v2\/pages\/992\/revisions"}],"predecessor-version":[{"id":1559,"href":"https:\/\/kibrisjinekoloji.com\/ru\/wp-json\/wp\/v2\/pages\/992\/revisions\/1559"}],"wp:featuredmedia":[{"embeddable":true,"href":"https:\/\/kibrisjinekoloji.com\/ru\/wp-json\/wp\/v2\/media\/912"}],"wp:attachment":[{"href":"https:\/\/kibrisjinekoloji.com\/ru\/wp-json\/wp\/v2\/media?parent=992"}],"curies":[{"name":"wp","href":"https:\/\/api.w.org\/{rel}","templated":true}]}}